{"id":42464,"date":"2025-05-07T08:17:34","date_gmt":"2025-05-07T08:17:33","guid":{"rendered":"https:\/\/evotek.md\/?post_type=product&#038;p=42464"},"modified":"2025-05-07T08:21:14","modified_gmt":"2025-05-07T08:21:14","slug":"klg32","status":"publish","type":"product","link":"https:\/\/evotek.md\/ro\/produse\/echipamente-pentru-fast-food\/grill-pentru-kebab\/klg32\/","title":{"rendered":"CUTIT ELECTRIC PENTRU KEBAB \u00d880 mm -KLG32"},"content":{"rendered":"<p>CUTIT ELECTRIC PENTRU KEBAB \u00d880 mm -KLG32<\/p>\n<p>Cele mai delicioase sandvi\u0219uri kebab sau preparate shawarma sunt servite cu carne bine t\u0103iat\u0103. Acest cu\u021bit profesional pentru kebab taie f\u0103r\u0103 probleme orice tip de carne. Este ideal pentru utilizarea zilnic\u0103 grea \u00een buc\u0103t\u0103ria de catering pentru t\u0103ierea doner kebab, shawarma \u0219i gyros.<\/p>\n<p>Caracteristici<br \/>\nProduc\u0103tor: Kalitegaz, Turcia<br \/>\nConstruc\u021bie: O\u021bel inoxidabil \u0219i plastic<br \/>\nDiametrul lamei de feliere: 80 mm<br \/>\nTensiune de alimentare: 230 V<br \/>\nNum\u0103r de rota\u021bii: 5000 rpm<br \/>\nGrosimea de t\u0103iere: Reglabil\u0103<\/p>\n<p><span style=\"font-size: 14.4px\">\u00a0<\/span><\/p>\n","protected":false},"excerpt":{"rendered":"<p>Cu\u021bit electric pentru kebab. Construc\u021bie: O\u021bel inoxidabil \u0219i plastic; Diametrul lamei de feliere: 80 mm; Tensiune de alimentare: 230 V; Num\u0103r de rota\u021bii: 5000 rpm; Grosimea de t\u0103iere: Reglabil\u0103; Produc\u0103tor: Kalitegaz, Turcia.<\/p>\n<p><span style=\"font-size: 14.4px\">\u00a0<\/span><\/p>\n","protected":false},"featured_media":42467,"template":"","meta":[],"_links":{"self":[{"href":"https:\/\/evotek.md\/ro\/wp-json\/wp\/v2\/product\/42464"}],"collection":[{"href":"https:\/\/evotek.md\/ro\/wp-json\/wp\/v2\/product"}],"about":[{"href":"https:\/\/evotek.md\/ro\/wp-json\/wp\/v2\/types\/product"}],"wp:featuredmedia":[{"embeddable":true,"href":"https:\/\/evotek.md\/ro\/wp-json\/wp\/v2\/media\/42467"}],"wp:attachment":[{"href":"https:\/\/evotek.md\/ro\/wp-json\/wp\/v2\/media?parent=42464"}],"curies":[{"name":"wp","href":"https:\/\/api.w.org\/{rel}","templated":true}]}}