{"id":42457,"date":"2025-05-02T14:11:57","date_gmt":"2025-05-02T14:11:56","guid":{"rendered":"https:\/\/evotek.md\/?post_type=product&#038;p=42457"},"modified":"2025-05-02T14:13:53","modified_gmt":"2025-05-02T14:13:53","slug":"st-321040","status":"publish","type":"product","link":"https:\/\/evotek.md\/ro\/produse\/accesorii-si-inventar-bucatarie\/inventar-pentru-servire-bucate\/st-321040\/","title":{"rendered":"POLONIC DIN INOX, LUNGIME 280 mm, \u00d870 mm -ST-321040"},"content":{"rendered":"<p><strong>POLONIC DIN INOX, LUNGIME 280 mm, \u00d870 mm -ST-321040-<\/strong> Polonic profesional, realizat f\u0103r\u0103 suduri dintr-o singur\u0103 bucat\u0103 din inox. \u00cengrijire u\u0219oar\u0103 \u0219i cur\u0103\u021bare rapid\u0103. M\u00e2ner ergonomic cu o curb\u0103 special\u0103 pentru ag\u0103\u021barea convenabil\u0103 a acestuia.<\/p>\n<p>Caracteristici<br \/>\nPolonic profesional din inox<br \/>\nLungime 280 mm<br \/>\nDiametru: \u00d870 mm<br \/>\nProdus f\u0103r\u0103 suduri, u\u0219or de cur\u0103\u021bat<\/p>\n<p>&nbsp;<\/p>\n","protected":false},"excerpt":{"rendered":"<p>Polonic din inox, lungime 280 mm, \u00d870 mm, produs f\u0103r\u0103 suduri, u\u0219or de cur\u0103\u021bat.<\/p>\n<p>&nbsp;<\/p>\n","protected":false},"featured_media":42460,"template":"","meta":[],"_links":{"self":[{"href":"https:\/\/evotek.md\/ro\/wp-json\/wp\/v2\/product\/42457"}],"collection":[{"href":"https:\/\/evotek.md\/ro\/wp-json\/wp\/v2\/product"}],"about":[{"href":"https:\/\/evotek.md\/ro\/wp-json\/wp\/v2\/types\/product"}],"wp:featuredmedia":[{"embeddable":true,"href":"https:\/\/evotek.md\/ro\/wp-json\/wp\/v2\/media\/42460"}],"wp:attachment":[{"href":"https:\/\/evotek.md\/ro\/wp-json\/wp\/v2\/media?parent=42457"}],"curies":[{"name":"wp","href":"https:\/\/api.w.org\/{rel}","templated":true}]}}