{"id":42434,"date":"2025-04-29T07:10:28","date_gmt":"2025-04-29T07:10:28","guid":{"rendered":"https:\/\/evotek.md\/?post_type=product&#038;p=42434"},"modified":"2025-04-29T07:53:19","modified_gmt":"2025-04-29T07:53:19","slug":"sirman-69100002","status":"publish","type":"product","link":"https:\/\/evotek.md\/ro\/produse\/echipamente-termice\/sous-vide-2\/sirman-69100002\/","title":{"rendered":"SOUS VIDE SOFTCOOKER Y09 -SIRMAN-69100002"},"content":{"rendered":"<p><strong>SOUS VIDE SOFTCOOKER Y09 -SIRMAN-69100002-<\/strong><\/p>\n<p>Tehnologia Sous Vide combin\u0103 g\u0103titul \u00een vid \u0219i la temperatur\u0103 sc\u0103zut\u0103, r\u0103cirea rapid\u0103 \u0219i regenerarea. Avantajele Sous Vide sunt ob\u021binerea unor produse de \u00eenalt\u0103 calitate, reducerea pierderilor \u00een timpul tratamentului termic \u0219i cre\u0219terea duratei de valabilitate. Ambalarea \u00een vid p\u0103streaz\u0103 gustul, aroma \u0219i microelementele benefice. Mirosurile diferitelor produse nu se amestec\u0103.<\/p>\n<p>Sous Vide este conceput pentru prepararea unei game largi de preparate folosind tehnologia Sous Vide \u00een unit\u0103\u021bile de catering. Modelul este echipat cu un dispozitiv de blocare a motorului atunci c\u00e2nd sunt detectate supratensiuni \u0219i temperaturi excesive.<\/p>\n<p>Caracteristici<br \/>\nVolum de ap\u0103: de la 50 la 80 litri<br \/>\nInterval de temperatur\u0103: de la 40 la 115 \u00b0C<br \/>\nTensiune: 220 V<br \/>\nPutere: 2 kW<br \/>\nL\u0103\u021bime: 130 mm<br \/>\nAd\u00e2ncime: 260 mm<br \/>\n\u00cen\u0103l\u021bime: 380 mm<br \/>\nGreutate: 4,5 kg<br \/>\nGreutate (\u00een ambalaj): 5,5 kg<br \/>\n\u021aara de origine: Italia<br \/>\nAd\u00e2ncime maxim\u0103 de lucru: 165 mm<br \/>\nDimensiuni \u00een ambalaj: 330x455x240 mm<br \/>\nDispozitiv automat de protec\u021bie pentru utilizare \u201e\u00een gol\u201d<br \/>\nDispozitiv de blocare a motorului la detectarea supratensiunii \u0219i a supratemperaturii<br \/>\n\u00cenc\u0103lzitor termostatic de \u00eenalt\u0103 precizie<br \/>\nSupap\u0103 de circula\u021bie pentru o amestecare excelent\u0103 a produsului<br \/>\nAfi\u0219aj care arat\u0103 temperatura de func\u021bionare<br \/>\nStructur\u0103 din o\u021bel inoxidabil cu protec\u021bie IP X3<br \/>\nM\u00e2ner din o\u021bel inoxidabil pentru transportul u\u0219or al ma\u0219inii<\/p>\n<p>&nbsp;<\/p>\n","protected":false},"excerpt":{"rendered":"<p>Sous vide.<\/p>\n","protected":false},"featured_media":42438,"template":"","meta":[],"_links":{"self":[{"href":"https:\/\/evotek.md\/ro\/wp-json\/wp\/v2\/product\/42434"}],"collection":[{"href":"https:\/\/evotek.md\/ro\/wp-json\/wp\/v2\/product"}],"about":[{"href":"https:\/\/evotek.md\/ro\/wp-json\/wp\/v2\/types\/product"}],"wp:featuredmedia":[{"embeddable":true,"href":"https:\/\/evotek.md\/ro\/wp-json\/wp\/v2\/media\/42438"}],"wp:attachment":[{"href":"https:\/\/evotek.md\/ro\/wp-json\/wp\/v2\/media?parent=42434"}],"curies":[{"name":"wp","href":"https:\/\/api.w.org\/{rel}","templated":true}]}}