{"id":42390,"date":"2025-04-15T07:21:45","date_gmt":"2025-04-15T07:21:44","guid":{"rendered":"https:\/\/evotek.md\/?post_type=product&#038;p=42390"},"modified":"2025-04-15T07:24:58","modified_gmt":"2025-04-15T07:24:58","slug":"m-09506007","status":"publish","type":"product","link":"https:\/\/evotek.md\/ro\/produse\/echipamente-pentru-fast-food\/aparate-pentru-popcorn2\/m-09506007\/","title":{"rendered":"CARUCIOR PENTRU APARATUL DE POPCORN -M-09506007"},"content":{"rendered":"<p><strong>CARUCIOR PENTRU APARATUL DE POPCORN -M-09506007- <\/strong>C\u0103ruciorul pentru aparatul de popcorn v\u0103 permite s\u0103 schimba\u021bi rapid loca\u021bia \u0219i astfel atrage\u021bi aten\u021bia unui num\u0103r mai mare de poten\u021biali cump\u0103r\u0103tori. C\u0103ruciorul are compartimente pentru depozitarea materiilor prime \u0219i a ambalajelor.<\/p>\n<p>Caracteristici<br \/>\nPotrivit pentru modelul: 09506005<br \/>\nLatime: 94 cm<br \/>\nAd\u00e2ncime: 37 cm<br \/>\nInaltime: 82 cm<br \/>\nGreutate: 15 kg<br \/>\nSetul include un kit de instalare<\/p>\n","protected":false},"excerpt":{"rendered":"<p>Carucior pentru aparatul de popcorn. Potrivit pentru modelul: 09506005; Latime: 94 cm; Ad\u00e2ncime: 37 cm; Inaltime: 82 cm; Greutate: 15 kg; Setul include un kit de instalare.<\/p>\n","protected":false},"featured_media":42395,"template":"","meta":[],"_links":{"self":[{"href":"https:\/\/evotek.md\/ro\/wp-json\/wp\/v2\/product\/42390"}],"collection":[{"href":"https:\/\/evotek.md\/ro\/wp-json\/wp\/v2\/product"}],"about":[{"href":"https:\/\/evotek.md\/ro\/wp-json\/wp\/v2\/types\/product"}],"wp:featuredmedia":[{"embeddable":true,"href":"https:\/\/evotek.md\/ro\/wp-json\/wp\/v2\/media\/42395"}],"wp:attachment":[{"href":"https:\/\/evotek.md\/ro\/wp-json\/wp\/v2\/media?parent=42390"}],"curies":[{"name":"wp","href":"https:\/\/api.w.org\/{rel}","templated":true}]}}