{"id":42368,"date":"2025-04-11T13:28:38","date_gmt":"2025-04-11T13:28:38","guid":{"rendered":"https:\/\/evotek.md\/?post_type=product&#038;p=42368"},"modified":"2025-04-11T13:52:23","modified_gmt":"2025-04-11T13:52:23","slug":"afumator-electric-8-nivele-ggmgastro-rohb8","status":"publish","type":"product","link":"https:\/\/evotek.md\/ro\/produse\/fara-categorie\/afumator-electric-8-nivele-ggmgastro-rohb8\/","title":{"rendered":"AFUMATOR ELECTRIC, 8 NIVELE -GGMGASTRO-ROHB8"},"content":{"rendered":"<p><strong>AFUMATOR ELECTRIC, 8 NIVELE -GGMGASTRO-ROHB8<br \/>\n<\/strong><\/p>\n<p>Eficien\u021b\u0103 energetic\u0103 ridicat\u0103 datorit\u0103 pere\u021bilor dubli din o\u021bel inoxidabil \u0219i izola\u021biei interioare din vat\u0103 de roc\u0103.<br \/>\nCu capacit\u0103\u021bile sale multifunc\u021bionale, cuptorul pentru afumat poate satisface diverse nevoi, cum ar fi gr\u0103tar, gr\u0103tar cu lemne, abur, uscare etc.<br \/>\nIdeal pentru afumat legume, carne sau peste<br \/>\nPentru afumat fierbinte \u0219i cald<br \/>\nBaterie de \u00eenc\u0103lzire pentru un proces eficient de afumare a rumegu\u0219ului<br \/>\nInterval de temperatur\u0103: 30\u00b0C p\u00e2n\u0103 la 120\u00b0C<br \/>\nTermometrul este u\u0219or de citit pe u\u0219a din fa\u021b\u0103.<br \/>\nProces controlat cu precizie datorit\u0103 temporizatorului reglabil cu num\u0103r\u0103toare invers\u0103 de la 0 la 12 ore<br \/>\nCo\u0219 de fum reglabil pentru personalizarea densit\u0103\u021bii fumului<br \/>\nU\u0219or de umplut cu a\u0219chii de lemn, folosind sertarul extensibil<br \/>\nTava de picurare este situat\u0103 deasupra tigaii pentru afumare pentru a preveni scurgerea gr\u0103simii \u0219i pentru a asigura afumatul corespunz\u0103tor.<br \/>\n\u00cenchidere sigur\u0103 a u\u0219ii cu 3 \u00eencuietori de tensiune<br \/>\nMaterial carcasa si interior din o\u021bel inoxidabil de \u00eenalt\u0103 calitate<br \/>\nTermoizolatie interioara din vata de roca pentru eficienta energetica<br \/>\nPicioare anti-alunecare<br \/>\n8 grile de inserare cromate<br \/>\n95 mm distanta intre grile<br \/>\nTav\u0103 de colectare a gr\u0103similor (cu orificiu pentru scurgerea \u00eentr-un vas)<br \/>\nTava de colectare a cenu\u0219ii<\/p>\n<p>Caracteristici<br \/>\nAfumator electric cu 8 rafturi<br \/>\nRegim de temperatura: 30 &#8211; 120 \u00b0C<br \/>\nPentru afumat fierbinte \u0219i cald<br \/>\nConfec\u021bionat din inox, cu pereti dubli, izolat termic<br \/>\nInterior: 8 rafturi &#8211; 95 mm distanta<br \/>\nTava pentru acumulare grasimi<br \/>\nTava pentru acumulare cenu\u0219\u0103<br \/>\nPutere: 1 kw \/ 220 V<br \/>\nAre termometru, termostat pentru reglarea temperaturii, buton ON\/OFF<br \/>\nDimensiuni grile: 395&#215;320 mm<br \/>\nDimensiuni exterioare: 500x447x1295 mm<br \/>\nDimensiuni interioare: 400x340x1080 mm<\/p>\n","protected":false},"excerpt":{"rendered":"<p>Afumator electric cu 8 rafturi, regim de temperatura: 30 &#8211; 120 \u00b0C; Pentru afumat fierbinte \u0219i cald; Confec\u021bionat din inox, cu pereti dubli, izolat termic; Interior: 8 rafturi &#8211; 95 mm distanta; tava pentru acumulare grasimi; tava pentru acumulare cenu\u0219\u0103. Putere: 1 kw \/ 220 V; Are termometru, termostat pentru reglarea temperaturii, buton ON\/OFF; Dimensiuni grile: 395&#215;320 mm; Dimensiuni exterioare: 500x447x1295 mm; Dimensiuni interioare: 400x340x1080 mm.<\/p>\n","protected":false},"featured_media":42372,"template":"","meta":[],"_links":{"self":[{"href":"https:\/\/evotek.md\/ro\/wp-json\/wp\/v2\/product\/42368"}],"collection":[{"href":"https:\/\/evotek.md\/ro\/wp-json\/wp\/v2\/product"}],"about":[{"href":"https:\/\/evotek.md\/ro\/wp-json\/wp\/v2\/types\/product"}],"wp:featuredmedia":[{"embeddable":true,"href":"https:\/\/evotek.md\/ro\/wp-json\/wp\/v2\/media\/42372"}],"wp:attachment":[{"href":"https:\/\/evotek.md\/ro\/wp-json\/wp\/v2\/media?parent=42368"}],"curies":[{"name":"wp","href":"https:\/\/api.w.org\/{rel}","templated":true}]}}