{"id":42331,"date":"2025-04-09T12:56:05","date_gmt":"2025-04-09T12:56:05","guid":{"rendered":"https:\/\/evotek.md\/?post_type=product&#038;p=42331"},"modified":"2025-04-09T13:08:18","modified_gmt":"2025-04-09T13:08:18","slug":"sku-ba156a","status":"publish","type":"product","link":"https:\/\/evotek.md\/ro\/produse\/echipamente-termice\/bain-marie\/sku-ba156a\/","title":{"rendered":"BAIN MARIE ELECTRIC 1,5\u043c &#8211; 4x GN 1\/1 -GGMGASTRO-SKU BA156A"},"content":{"rendered":"<div><strong>BAIN MARIE ELECTRIC 1,5\u043c &#8211; 4x GN 1\/1 -GGMGASTRO-SKU BA156A-<\/strong>\u00a0Marmitul electric este conceput pentru a men\u021bine alimentele calde, carcasa este din o\u021bel inoxidabil.<\/div>\n<div><\/div>\n<div>Caracteristici<\/div>\n<div>Bain-marie pentru bucate preparate<br \/>\nMod \u00eencorporat<br \/>\nControl prin cutie de distribu\u021bie<br \/>\nSeparator recipiente gastronormice<br \/>\nAlimentare cu ap\u0103 cu supap\u0103 electromagnetic\u0103<br \/>\nControl electric<br \/>\nTemperatura de functionare: 65 &#8211; 85\u00b0C<br \/>\nMaterial: o\u021bel inoxidabil de \u00eenalt\u0103 calitate<br \/>\nConsum de energie: 2,92 kW<br \/>\nTensiune: 400V\/3D\/50Hz<br \/>\nDimensiuni exterioare (LaxAdx\u00cen): 1460x640x285 mm<br \/>\nContainerele GN nu sunt incluse<br \/>\nRespect\u0103 standardele europene pentru contactul cu alimentele<br \/>\nAparatul necesit\u0103 o conectare constant\u0103 a apei sub presiune de la BAR.<\/div>\n","protected":false},"excerpt":{"rendered":"<div>Bain marie\/marmit electric. Bain-marie pentru bucate preparate; Mod \u00eencorporat; Control prin cutie de distribu\u021bie; Separator recipiente gastronormice; Alimentare cu ap\u0103 cu supap\u0103 electromagnetic\u0103; Control electric; Temperatura de functionare: 65 &#8211; 85\u00b0C; Material: o\u021bel inoxidabil de \u00eenalt\u0103 calitate; Consum de energie: 2,92 kW; Tensiune: 400V\/3D\/50Hz; Dimensiuni exterioare (LaxAdx\u00cen): 1460x640x285 mm; Containerele GN nu sunt incluse; Respect\u0103 standardele europene pentru contactul cu alimentele; Aparatul necesit\u0103 o conectare constant\u0103 a apei sub presiune de la BAR.<\/div>\n","protected":false},"featured_media":42333,"template":"","meta":[],"_links":{"self":[{"href":"https:\/\/evotek.md\/ro\/wp-json\/wp\/v2\/product\/42331"}],"collection":[{"href":"https:\/\/evotek.md\/ro\/wp-json\/wp\/v2\/product"}],"about":[{"href":"https:\/\/evotek.md\/ro\/wp-json\/wp\/v2\/types\/product"}],"wp:featuredmedia":[{"embeddable":true,"href":"https:\/\/evotek.md\/ro\/wp-json\/wp\/v2\/media\/42333"}],"wp:attachment":[{"href":"https:\/\/evotek.md\/ro\/wp-json\/wp\/v2\/media?parent=42331"}],"curies":[{"name":"wp","href":"https:\/\/api.w.org\/{rel}","templated":true}]}}