{"id":42311,"date":"2025-03-20T14:09:30","date_gmt":"2025-03-20T14:13:21","guid":{"rendered":"https:\/\/evotek.md\/?post_type=product&#038;p=42311"},"modified":"2025-03-20T14:13:21","modified_gmt":"2025-03-20T14:13:21","slug":"vito-ft440","status":"publish","type":"product","link":"https:\/\/evotek.md\/ro\/produse\/fara-categorie\/vito-ft440\/","title":{"rendered":"APARAT DE TESTARE A ULEIULUI PRAJIT -VITO-FT440"},"content":{"rendered":"<p><span style=\"font-size: 14.4px\"><strong>APARAT DE TESTARE A ULEIULUI PRAJIT -VITO-FT440-<\/strong> Tester de ulei de prajit VITO FT 440 \u2013 solutia ta pentru controlul fiabil al calitatii uleiului de prajit. Testerul de ulei de pr\u0103jit v\u0103 permite s\u0103 verifica\u021bi rapid, u\u0219or \u0219i fiabil calitatea uleiului de pr\u0103jit. Cu o m\u0103sur\u0103toare precis\u0103 \u201eTotal Polar Material\u201d (TPM), afi\u0219eaz\u0103 starea uleiului ca procent \u0219i faciliteaz\u0103 \u0219i mai mult luarea deciziilor cu o func\u021bie de semafor. Indicatorul de culoare face deosebit de u\u0219or de v\u0103zut dintr-o privire c\u00e2nd uleiul trebuie schimbat. Astfel iti schimbi intotdeauna uleiul la momentul potrivit &#8211; nu prea devreme si nici prea tarziu.<\/span><\/p>\n<p>Datorit\u0103 designului s\u0103u ergonomic \u0219i robust, ofer\u0103 nu numai confort, ci \u0219i siguran\u021b\u0103 maxim\u0103. Testerul respect\u0103 standardele HACCP \u0219i v\u0103 ajut\u0103 s\u0103 monitoriza\u021bi eficient at\u00e2t calitatea, c\u00e2t \u0219i temperatura uleiului dumneavoastr\u0103.<br \/>\nVITO FT 440 v\u0103 ajut\u0103 s\u0103 men\u021bine\u021bi \u00een mod fiabil calitatea produselor dvs., f\u0103c\u00e2ndu-l complementul ideal pentru un sistem durabil \u0219i eficient de gestionare a uleiului de pr\u0103jit.<\/p>\n<p>Caracteristici<br \/>\nDimensiuni: 54x22x314 mm<br \/>\nParametri: % TPM, \u00b0C\/\u00b0F<br \/>\nRezolu\u021bie: 0,5% TMP, 0,1 \u00b0C\/\u00b0F<br \/>\nInterval: TPM 0 &#8211; 40%<br \/>\nInterval: \u00b0C\/\u00b0F 50\u00b0C &#8211; 200\u00b0C \/ 122\u00b0F &#8211; 392\u00b0F<br \/>\nPrecizie: \u00b12,0% TPM, \u00b11\u00b0C\/\u00b0F<br \/>\nBaterie: 3V litiu (CR 2477)<br \/>\nFunc\u021bie cu alarm\u0103 \u00een 3 culori asemenea semaforului<\/p>\n","protected":false},"excerpt":{"rendered":"<p>Dimensiuni: 54x22x314 mm; Parametri: % TPM, \u00b0C\/\u00b0F; Rezolu\u021bie: 0,5% TMP, 0,1 \u00b0C\/\u00b0F; Interval: TPM 0 &#8211; 40%; Interval: \u00b0C\/\u00b0F 50\u00b0C &#8211; 200\u00b0C \/ 122\u00b0F &#8211; 392\u00b0F; Precizie: \u00b12,0% TPM, \u00b11\u00b0C\/\u00b0F; Baterie: 3V litiu (CR 2477); Func\u021bie cu alarm\u0103 \u00een 3 culori asemenea semaforului.<\/p>\n","protected":false},"featured_media":42310,"template":"","meta":[],"_links":{"self":[{"href":"https:\/\/evotek.md\/ro\/wp-json\/wp\/v2\/product\/42311"}],"collection":[{"href":"https:\/\/evotek.md\/ro\/wp-json\/wp\/v2\/product"}],"about":[{"href":"https:\/\/evotek.md\/ro\/wp-json\/wp\/v2\/types\/product"}],"wp:featuredmedia":[{"embeddable":true,"href":"https:\/\/evotek.md\/ro\/wp-json\/wp\/v2\/media\/42310"}],"wp:attachment":[{"href":"https:\/\/evotek.md\/ro\/wp-json\/wp\/v2\/media?parent=42311"}],"curies":[{"name":"wp","href":"https:\/\/api.w.org\/{rel}","templated":true}]}}