{"id":42213,"date":"2025-03-11T11:54:28","date_gmt":"2025-03-11T11:54:28","guid":{"rendered":"https:\/\/evotek.md\/?post_type=product&#038;p=42213"},"modified":"2025-03-11T13:44:37","modified_gmt":"2025-03-11T13:44:37","slug":"vt100-700l-du","status":"publish","type":"product","link":"https:\/\/evotek.md\/ro\/produse\/echipamente-frigorifice\/vitrina-frigorifica-de-perete\/vt100-700l-du\/","title":{"rendered":"VITRINA FRIGORIFICA DE PERETE FARA USI, VARIANT 70L 1.0 -VT100.700L.DU"},"content":{"rendered":"<p><strong>VITRINA FRIGORIFICA DE PERETE FARA USI, VARIANT 70L 1.0 -VT100.700L.DU- <\/strong>Vitrina frigorifica de perete (Variant)\u00a0este un utilaj de refrigerare creat pentru o expunere a produselor mai atractiv\u0103 \u0219i eficace, care poate fi folosit pentru expunerea r\u0103coritoarelor, a produselor lactate sau a preparatelor din carne ambalate \u00een supermarketuri. \u00cen varianta standard, raftul este produs cu panouri laterale metalice. Pentru ad\u0103ugarea op\u021bionalelor, v\u0103 recomand\u0103m s\u0103 \u00eei contacta\u021bi pe consilierii no\u0219tri de v\u00e2nz\u0103ri.<\/p>\n<p>Un profil special conceput\u00a0<strong>permite instalarea rulourilor sau a unui sistem de u\u0219i selectat (culisant sau cu batant). <\/strong>Permite schimbarea unit\u0103\u021bii chiar la locul de utilizare f\u0103r\u0103 a modifica structura de baz\u0103 (dup\u0103 furnizarea unui set de piese montate pe profil).<\/p>\n<p>Caracteristici<br \/>\nLungime: 1000 mm<br \/>\nInaltime: 2000\u00b115 mm<br \/>\nAd\u00e2ncime: 700 mm<br \/>\nCapacitate utila: 563 dmc<br \/>\nSuprafata expozitie: 2,40 m2<br \/>\nSuprafata totala expozitie TDA: 1,32\u00a0 m2<br \/>\nInterval de temperatur\u0103 de func\u021bionare a echipamentului: +2 \u00b1 +10 \u00b0\u0421<br \/>\nClasa de temperatura ambientala: 3M1<br \/>\nClasa climatica: 3 (25\u00b0C; 60% RH)<br \/>\nClasa de eficienta energetica: B<br \/>\nAgent frigorific: \u0420290<br \/>\nTensiune nominal\u0103: 230 V \/ 50 Hz<br \/>\nPutere nominala: 608 W<\/p>\n","protected":false},"excerpt":{"rendered":"<p>Vitrina frigorifica de perete. Lungime: 1000 mm; Inaltime: 2000\u00b115 mm; Ad\u00e2ncime: 700 mm; Capacitate utila: 563 dmc; Suprafata expozitie: 2,40 m2; Suprafata totala expozitie TDA: 1,32\u00a0 m2; Interval de temperatur\u0103 de func\u021bionare a echipamentului: +2 \u00b1 +10 \u00b0\u0421; Clasa de temperatura ambientala: 3M1; Clasa climatica: 3 (25\u00b0C; 60% RH); Clasa de eficienta energetica: B; Agent frigorific: \u0420290; Tensiune nominal\u0103: 230 V \/ 50 Hz; Putere nominala: 608 W.<\/p>\n","protected":false},"featured_media":42217,"template":"","meta":[],"_links":{"self":[{"href":"https:\/\/evotek.md\/ro\/wp-json\/wp\/v2\/product\/42213"}],"collection":[{"href":"https:\/\/evotek.md\/ro\/wp-json\/wp\/v2\/product"}],"about":[{"href":"https:\/\/evotek.md\/ro\/wp-json\/wp\/v2\/types\/product"}],"wp:featuredmedia":[{"embeddable":true,"href":"https:\/\/evotek.md\/ro\/wp-json\/wp\/v2\/media\/42217"}],"wp:attachment":[{"href":"https:\/\/evotek.md\/ro\/wp-json\/wp\/v2\/media?parent=42213"}],"curies":[{"name":"wp","href":"https:\/\/api.w.org\/{rel}","templated":true}]}}