{"id":42176,"date":"2025-02-27T15:44:54","date_gmt":"2025-02-27T15:44:54","guid":{"rendered":"https:\/\/evotek.md\/?post_type=product&#038;p=42176"},"modified":"2025-02-27T15:52:24","modified_gmt":"2025-02-27T15:52:24","slug":"ecp25ang","status":"publish","type":"product","link":"https:\/\/evotek.md\/ro\/produse\/echipamente-pentru-bar-si-cafea\/masina-de-produs-gheata-2-echipamente-pentru-bar-si-cafea\/ecp25ang\/","title":{"rendered":"MASINA DE PRODUS GHEATA (CUB) 30 kg\/24h -EURFRIGOR-ECP25ANG"},"content":{"rendered":"<p><strong>MASINA DE PRODUS GHEATA (CUB) 30 kg\/24h -EURFRIGOR-ECP25ANG<\/strong>&#8211; Masina de produs gheats, cubul este ideal pentru shot-uri \u0219i pahare de diferite forme.<\/p>\n<p>Caracteristici<br \/>\nProduc\u021bie \u00een 24 de ore: 30 kg<br \/>\nCapacitate de depozitare: 6 kg<br \/>\nGhea\u021b\u0103: cub p\u0103trat complet<br \/>\nAgent frigorific: R290<br \/>\nConsum mediu de energie: 270 W<br \/>\nConsum de ap\u0103: 2,5 l\/kg A<br \/>\nDimensiuni (LuxLax\u00cen): <span id=\"span-879-1535\" class=\"ct-span\">387<\/span>x<span id=\"span-880-1535\" class=\"ct-span\">470<\/span>x<span id=\"span-881-1535\" class=\"ct-span\">607<\/span>mm<br \/>\nDimensiuni pachet (LuxLax\u00cen): 440x520x780 mm<br \/>\nPicioare: +5 mm<br \/>\nGreutate (net\/brut): 31 kg \/ 37 kg<br \/>\nTip ma\u0219in\u0103: o\u021bel inoxidabil<br \/>\nRacire pe aer<\/p>\n<p>&nbsp;<\/p>\n","protected":false},"excerpt":{"rendered":"<p>Ma\u0219in\u0103 de produs chea\u021b\u0103. Produc\u021bie \u00een 24 de ore: 30 kg; Capacitate de depozitare: 6 kg; Ghea\u021b\u0103: cub p\u0103trat complet; Agent frigorific: R290; Consum mediu de energie: 270 W; Consum de ap\u0103: 2,5 l\/kg A; Dimensiuni (LuxLax\u00cen): <span id=\"span-879-1535\" class=\"ct-span\">387<\/span>x<span id=\"span-880-1535\" class=\"ct-span\">470<\/span>x<span id=\"span-881-1535\" class=\"ct-span\">607<\/span>mm; Dimensiuni pachet (LuxLax\u00cen): 440x520x780 mm; Picioare: +5 mm; Greutate (net\/brut): 31 kg \/ 37 kg; Tip ma\u0219in\u0103: o\u021bel inoxidabil; Racire pe aer.<\/p>\n<p>&nbsp;<\/p>\n","protected":false},"featured_media":42178,"template":"","meta":[],"_links":{"self":[{"href":"https:\/\/evotek.md\/ro\/wp-json\/wp\/v2\/product\/42176"}],"collection":[{"href":"https:\/\/evotek.md\/ro\/wp-json\/wp\/v2\/product"}],"about":[{"href":"https:\/\/evotek.md\/ro\/wp-json\/wp\/v2\/types\/product"}],"wp:featuredmedia":[{"embeddable":true,"href":"https:\/\/evotek.md\/ro\/wp-json\/wp\/v2\/media\/42178"}],"wp:attachment":[{"href":"https:\/\/evotek.md\/ro\/wp-json\/wp\/v2\/media?parent=42176"}],"curies":[{"name":"wp","href":"https:\/\/api.w.org\/{rel}","templated":true}]}}