{"id":42155,"date":"2025-02-27T14:53:41","date_gmt":"2025-02-27T14:53:41","guid":{"rendered":"https:\/\/evotek.md\/?post_type=product&#038;p=42155"},"modified":"2025-02-27T15:06:30","modified_gmt":"2025-02-27T15:06:30","slug":"ecp70ang","status":"publish","type":"product","link":"https:\/\/evotek.md\/ro\/produse\/echipamente-pentru-bar-si-cafea\/masina-de-produs-gheata-2-echipamente-pentru-bar-si-cafea\/ecp70ang\/","title":{"rendered":"MASINA DE PRODUS GHEATA (CUB) 70 kg\/24h -EURFRIGOR-ECP70ANG"},"content":{"rendered":"<p><strong>MASINA DE PRODUS GHEATA (CUB) 70 kg\/24h -EURFRIGOR-ECP70ANG<\/strong>&#8211; Masina de produs gheats, cubul este ideal pentru shot-uri \u0219i pahare de diferite forme.<\/p>\n<p>Caracteristici<br \/>\nProduc\u021bie \u00een 24 de ore: 70 kg<br \/>\nCapacitate de depozitare: 40 kg<br \/>\nGhea\u021b\u0103: cub p\u0103trat complet<br \/>\nAgent frigorific: R290<br \/>\nConsum mediu de energie: 590 W<br \/>\nConsum de ap\u0103: 4 l\/kg A<br \/>\nConsum de ap\u0103: 16 l\/kg W<br \/>\nDimensiuni (LuxLax\u00cen): 735\u0445603\u0445850 mm<br \/>\nDimensiuni pachet (LuxLax\u00cen): 780\u0445640\u04451015 mm<br \/>\nPicioare: +110 mm<br \/>\nGreutate (net\/brut): 67 kg \/ 79 kg<br \/>\nTip ma\u0219in\u0103: o\u021bel inoxidabil<br \/>\nRacire pe aer<\/p>\n<p>&nbsp;<\/p>\n","protected":false},"excerpt":{"rendered":"<p>Ma\u0219in\u0103 de produs chea\u021b\u0103. Produc\u021bie \u00een 24 de ore: 70 kg; Capacitate de depozitare: 40 kg; Ghea\u021b\u0103: cub p\u0103trat complet; Agent frigorific: R290; Consum mediu de energie: 590 W; Consum de ap\u0103: 4 l\/kg A; Consum de ap\u0103: 16 l\/kg W; Dimensiuni (LuxLax\u00cen): 735\u0445603\u0445850 mm; Dimensiuni pachet (LuxLax\u00cen): 780\u0445640\u04451015 mm; Picioare: +110 mm; Greutate (net\/brut): 67 kg \/ 79 kg; Tip ma\u0219in\u0103: o\u021bel inoxidabil; Racire pe aer.<\/p>\n","protected":false},"featured_media":42158,"template":"","meta":[],"_links":{"self":[{"href":"https:\/\/evotek.md\/ro\/wp-json\/wp\/v2\/product\/42155"}],"collection":[{"href":"https:\/\/evotek.md\/ro\/wp-json\/wp\/v2\/product"}],"about":[{"href":"https:\/\/evotek.md\/ro\/wp-json\/wp\/v2\/types\/product"}],"wp:featuredmedia":[{"embeddable":true,"href":"https:\/\/evotek.md\/ro\/wp-json\/wp\/v2\/media\/42158"}],"wp:attachment":[{"href":"https:\/\/evotek.md\/ro\/wp-json\/wp\/v2\/media?parent=42155"}],"curies":[{"name":"wp","href":"https:\/\/api.w.org\/{rel}","templated":true}]}}