{"id":42150,"date":"2025-02-27T13:33:53","date_gmt":"2025-02-27T13:33:53","guid":{"rendered":"https:\/\/evotek.md\/?post_type=product&#038;p=42150"},"modified":"2025-02-27T16:01:04","modified_gmt":"2025-02-27T16:01:04","slug":"ecp52ang","status":"publish","type":"product","link":"https:\/\/evotek.md\/ro\/produse\/echipamente-pentru-bar-si-cafea\/masina-de-produs-gheata-2-echipamente-pentru-bar-si-cafea\/ecp52ang\/","title":{"rendered":"MASINA DE PRODUS GHEATA (CUB) 49 kg\/24h -EURFRIGOR-ECP52ANG"},"content":{"rendered":"<p><strong>MASINA DE PRODUS GHEATA (CUB) 49 kg\/24h -EURFRIGOR-ECP52ANG<\/strong>&#8211; Masina de produs gheats, cubul este ideal pentru shot-uri \u0219i pahare de diferite forme.<\/p>\n<p>Caracteristici<br \/>\nProduc\u021bie \u00een 24 de ore: 49 kg \/ 108 lbs<br \/>\nCapacitate de depozitare: 25 kg<br \/>\nGhea\u021b\u0103: cub p\u0103trat complet<br \/>\nAgent frigorific: R290<br \/>\nConsum mediu de energie: 450 W<br \/>\nConsum de ap\u0103: 3 l\/kg A<br \/>\nConsum de ap\u0103: 15 l\/kg W<br \/>\nDimensiuni (LuxLax\u00cen): 497x592x797 mm<br \/>\nDimensiuni pachet (LuxLax\u00cen): 550x660x970 mm<br \/>\nPicioare: +110 mm<br \/>\nGreutate (net\/brut): 46 kg \/ 51 kg<br \/>\nTip ma\u0219in\u0103: o\u021bel inoxidabil<br \/>\nRacire pe aer<\/p>\n<p>&nbsp;<\/p>\n","protected":false},"excerpt":{"rendered":"<p>Ma\u0219in\u0103 de produs chea\u021b\u0103. Produc\u021bie \u00een 24 de ore: 49 kg \/ 108 lbs; Capacitate de depozitare: 25 kg; Ghea\u021b\u0103: cub p\u0103trat complet; Agent frigorific: R290; Consum mediu de energie: 450 W; Consum de ap\u0103: 3 l\/kg A; Consum de ap\u0103: 15 l\/kg W; Dimensiuni (LuxLax\u00cen): 497x592x797 mm; Dimensiuni pachet (LuxLax\u00cen): 550x660x970 mm; Picioare: +110 mm; Greutate (net\/brut): 46 kg \/ 51 kg; Tip ma\u0219in\u0103: o\u021bel inoxidabil; Racire pe aer.<\/p>\n","protected":false},"featured_media":42153,"template":"","meta":[],"_links":{"self":[{"href":"https:\/\/evotek.md\/ro\/wp-json\/wp\/v2\/product\/42150"}],"collection":[{"href":"https:\/\/evotek.md\/ro\/wp-json\/wp\/v2\/product"}],"about":[{"href":"https:\/\/evotek.md\/ro\/wp-json\/wp\/v2\/types\/product"}],"wp:featuredmedia":[{"embeddable":true,"href":"https:\/\/evotek.md\/ro\/wp-json\/wp\/v2\/media\/42153"}],"wp:attachment":[{"href":"https:\/\/evotek.md\/ro\/wp-json\/wp\/v2\/media?parent=42150"}],"curies":[{"name":"wp","href":"https:\/\/api.w.org\/{rel}","templated":true}]}}