{"id":42145,"date":"2025-02-25T14:30:33","date_gmt":"2025-02-25T14:30:33","guid":{"rendered":"https:\/\/evotek.md\/?post_type=product&#038;p=42145"},"modified":"2025-02-25T14:35:34","modified_gmt":"2025-02-25T14:35:34","slug":"juka-vdl158","status":"publish","type":"product","link":"https:\/\/evotek.md\/ro\/produse\/echipamente-frigorifice\/vitrine-frigorifice-pentru-patiserie\/juka-vdl158\/","title":{"rendered":"VITRINA FRIGORIFICA PENTRU PATISERIE, DE PODEA 2,41 m\u00b2 -JUKA-VDL158"},"content":{"rendered":"<p><strong>VITRINA FRIGORIFICA PENTRU PATISERIE, DE PODEA 2,41 m\u00b2 -JUKA-VDL158<\/strong>&#8211; Vitrina pentru patiserie JUKA VDL108A este o vitrin\u0103 de patiserie care combin\u0103 designul rafinat \u0219i calitatea \u00eenalt\u0103. Ideal pentru cafenele, supermarketuri, restaurante si unitati alimentare pentru expunerea si vanzarea diverselor dulciuri, produse de patiserie, prajituri, deserturi, produse de patiserie etc. O caracteristic\u0103 special\u0103 a acestei vitrine este un evaporator cu o suprafa\u021b\u0103 de lucru m\u0103rit\u0103, care ofer\u0103 condi\u021bii optime pentru p\u0103strarea pe termen lung a prospe\u021bimii produselor de cofet\u0103rie. Vitrina de cofetarie este echipata cu patru rafturi de sticla de racire, care asigura o suprafata mare de expunere, iar in combinatie cu iluminarea interioara puternica, atrage atentia clientilor asupra vitrinei si a produselor prezentate in aceasta. Ca standard, vitrina este echipat\u0103 cu func\u021bie de dezghe\u021bare automat\u0103, u\u0219\u0103 glisant\u0103 (geamuri termopan) \u0219i picioare reglabile. De asemenea, pute\u021bi comanda c\u0103ptu\u0219eal\u0103 decorativ\u0103 a vitrinei din lemn sau metal de diferite culori, care va da unicitate \u0219i atractivitate.<\/p>\n<p>Caracteristici<br \/>\nLungime (fara panouri decorative): 1490 mm<br \/>\nLatime: 800 mm<br \/>\nInaltime: 1380 mm<br \/>\nGreutate vitrina de cofet\u0103rie, net\u0103: 223 kg<br \/>\nSuprafata expozitie: 2,41 m\u00b2<br \/>\nTemperatura ambiental\u0103 recomandat\u0103: +16&#8230;+25\u00b0C<br \/>\nInterval de temperatur\u0103 de func\u021bionare: +6&#8230;+12\u00b0C<br \/>\nClasa climatica: 3<br \/>\nAgent frigorific: R404a\/R452a\/R290<br \/>\nCO\u2082: 2,71\/1,48\/0 t<br \/>\nCantitate de agent frigorific: 0,69\/0,69\/0,15 kg<br \/>\nTensiune de alimentare: 220-240\/50 V\/HZ<br \/>\nCurent nominal: 3,6\/3,6\/3,7A<br \/>\nConsum de energie electric\u0103 (la 25\u00b0C): 11,3\/11,3\/9,5 kW\/24 ore<br \/>\nRegulator de temperatura: electronic<\/p>\n","protected":false},"excerpt":{"rendered":"<p>Vitrina pentru patiserie. Lungime (fara panouri decorative): 1490 mm; Latime: 800 mm; Inaltime: 1380 mm; Greutate vitrina de cofet\u0103rie, net\u0103: 223 kg; Suprafata expozitie: 2,41 m\u00b2; Temperatura ambiental\u0103 recomandat\u0103: +16&#8230;+25\u00b0C; Interval de temperatur\u0103 de func\u021bionare: +6&#8230;+12\u00b0C; Clasa climatica: 3; Agent frigorific: R404a\/R452a\/R290; CO\u2082: 2,71\/1,48\/0 t; Cantitate de agent frigorific: 0,69\/0,69\/0,15 kg; Tensiune de alimentare: 220-240\/50 V\/HZ; Curent nominal: 3,6\/3,6\/3,7A; Consum de energie electric\u0103 (la 25\u00b0C): 11,3\/11,3\/9,5 kW\/24 ore; Regulator de temperatura: electronic.<\/p>\n","protected":false},"featured_media":42148,"template":"","meta":[],"_links":{"self":[{"href":"https:\/\/evotek.md\/ro\/wp-json\/wp\/v2\/product\/42145"}],"collection":[{"href":"https:\/\/evotek.md\/ro\/wp-json\/wp\/v2\/product"}],"about":[{"href":"https:\/\/evotek.md\/ro\/wp-json\/wp\/v2\/types\/product"}],"wp:featuredmedia":[{"embeddable":true,"href":"https:\/\/evotek.md\/ro\/wp-json\/wp\/v2\/media\/42148"}],"wp:attachment":[{"href":"https:\/\/evotek.md\/ro\/wp-json\/wp\/v2\/media?parent=42145"}],"curies":[{"name":"wp","href":"https:\/\/api.w.org\/{rel}","templated":true}]}}