{"id":42138,"date":"2025-02-25T13:04:39","date_gmt":"2025-02-25T13:04:38","guid":{"rendered":"https:\/\/evotek.md\/?post_type=product&#038;p=42138"},"modified":"2025-02-25T13:56:42","modified_gmt":"2025-02-25T13:56:42","slug":"aparat-pentru-corn-dog-6-bucati-m-09374242","status":"publish","type":"product","link":"https:\/\/evotek.md\/ro\/produse\/echipamente-pentru-fast-food\/aparat-pentru-hot-dog\/aparat-pentru-corn-dog-6-bucati-m-09374242\/","title":{"rendered":"APARAT PENTRU CORN-DOG, 6 BUCATI -M-09374242"},"content":{"rendered":"<p><strong>APARAT PENTRU CORN-DOG, 6 BUCATI -M-09374242- <\/strong>Un corn-dog este unic doar atunci c\u00e2nd aluatul este preparat \u0219i \u00een propria buc\u0103t\u0103rie. Cu acest aparat pute\u021bi preg\u0103ti rapid \u0219i u\u0219or \u0219ase corn dog-uri deliciosi. Datorit\u0103 ad\u00e2nciturii din tav\u0103, \u00een interiorul fiec\u0103rui corn-dog poate fi plasat un b\u0103\u021b, pentru comoditate. Acest aparat de \u00eenalt\u0103 calitate este potrivit pentru utilizare zilnic\u0103 intensiv\u0103 \u00een patiserii vintage, cafenele \u0219i restaurante. Tava din aluminiu are un strat antiaderent, astfel \u00eenc\u00e2t produsele s\u0103 nu se lipeasc\u0103 \u00eentre ele.<\/p>\n<p>Caracteristici<br \/>\nDimensiunea c\u00e2inelui de porumb (LaxAdx\u00cen): 135x36x30 mm<br \/>\nDimensiuni aparat (LaxAdx\u00cen): 380x310x260 mm<br \/>\nPutere electrica totala: 1,75 kW<br \/>\nConexiune: 230V\/50Hz\/1fazat 1750W<br \/>\nGreutate: 11 kg<br \/>\nTermostat reglabil: 50\u00b0C p\u00e2n\u0103 la 300\u00b0C<br \/>\nEchipat cu un cronometru<br \/>\nIndicator de temperatur\u0103<br \/>\nPrevazut cu tava de picurare<br \/>\nSt\u0103 pe 4 picioare din o\u021bel inoxidabil<\/p>\n","protected":false},"excerpt":{"rendered":"<p>Aparatul pentru corn-dog ce permite coacerea a 6 buc\u0103\u021bi simultan. Dimensiunea c\u00e2inelui de porumb (LaxAdx\u00cen): 135x36x30 mm; Dimensiuni aparat (LaxAdx\u00cen): 380x310x260 mm; Putere electrica totala: 1,75 kW; Conexiune: 230V\/50Hz\/1fazat 1750W; Greutate: 11 kg; Termostat reglabil: 50\u00b0C p\u00e2n\u0103 la 300\u00b0C; Echipat cu un cronometru; Indicator de temperatur\u0103; Prevazut cu tava de picurare; St\u0103 pe 4 picioare din o\u021bel inoxidabil.<\/p>\n","protected":false},"featured_media":42141,"template":"","meta":[],"_links":{"self":[{"href":"https:\/\/evotek.md\/ro\/wp-json\/wp\/v2\/product\/42138"}],"collection":[{"href":"https:\/\/evotek.md\/ro\/wp-json\/wp\/v2\/product"}],"about":[{"href":"https:\/\/evotek.md\/ro\/wp-json\/wp\/v2\/types\/product"}],"wp:featuredmedia":[{"embeddable":true,"href":"https:\/\/evotek.md\/ro\/wp-json\/wp\/v2\/media\/42141"}],"wp:attachment":[{"href":"https:\/\/evotek.md\/ro\/wp-json\/wp\/v2\/media?parent=42138"}],"curies":[{"name":"wp","href":"https:\/\/api.w.org\/{rel}","templated":true}]}}