{"id":42127,"date":"2025-02-10T09:16:37","date_gmt":"2025-02-10T09:16:37","guid":{"rendered":"https:\/\/evotek.md\/?post_type=product&#038;p=42127"},"modified":"2025-02-10T09:19:51","modified_gmt":"2025-02-10T09:19:51","slug":"st-092123","status":"publish","type":"product","link":"https:\/\/evotek.md\/ro\/produse\/fara-categorie\/st-092123\/","title":{"rendered":"GALEATA DIN INOX CU INEL \u00d8290, 12 LITRI -ST-092123"},"content":{"rendered":"<p><strong>GALEATA DIN INOX CU INEL \u00d8290, 12 LITRI -ST-092123<\/strong><\/p>\n<p>Un recipient cu g\u0103leat\u0103 din o\u021bel inoxidabil care se folose\u0219te \u00een diverse situa\u021bii \u00een buc\u0103t\u0103rie, gr\u0103din\u0103, atelier sau \u00een afara casei. O\u021belul inoxidabil este un material durabil \u0219i rezistent la rugin\u0103, care ofer\u0103 o utilizare de lung\u0103 durat\u0103 \u0219i este u\u0219or de cur\u0103\u021bat. O g\u0103leat\u0103 din o\u021bel are de obicei o form\u0103 rotund\u0103 sau dreptunghiular\u0103, cu fundul rotunjit \u0219i un m\u00e2ner confortabil pentru transport \u0219i manipulare u\u0219oar\u0103.<\/p>\n<p>Caracteristici<br \/>\nMaterial: otel inoxidabil<br \/>\nDiametru: 290 mm<br \/>\nCapacitate: 12 litri<br \/>\nInaltime: 305 mm<br \/>\nTip: cu inel<br \/>\nGradata \u00een interior<\/p>\n","protected":false},"excerpt":{"rendered":"<p>Material: otel inoxidabil; Diametru: 290 mm; Capacitate: 12 litri; Inaltime: 305 mm; Tip: cu inel; Gradata \u00een interior.<\/p>\n","protected":false},"featured_media":39545,"template":"","meta":[],"_links":{"self":[{"href":"https:\/\/evotek.md\/ro\/wp-json\/wp\/v2\/product\/42127"}],"collection":[{"href":"https:\/\/evotek.md\/ro\/wp-json\/wp\/v2\/product"}],"about":[{"href":"https:\/\/evotek.md\/ro\/wp-json\/wp\/v2\/types\/product"}],"wp:featuredmedia":[{"embeddable":true,"href":"https:\/\/evotek.md\/ro\/wp-json\/wp\/v2\/media\/39545"}],"wp:attachment":[{"href":"https:\/\/evotek.md\/ro\/wp-json\/wp\/v2\/media?parent=42127"}],"curies":[{"name":"wp","href":"https:\/\/api.w.org\/{rel}","templated":true}]}}