{"id":42122,"date":"2025-02-07T10:52:51","date_gmt":"2025-02-07T10:52:51","guid":{"rendered":"https:\/\/evotek.md\/?post_type=product&#038;p=42122"},"modified":"2025-02-07T11:07:44","modified_gmt":"2025-02-07T11:07:44","slug":"blca10x1","status":"publish","type":"product","link":"https:\/\/evotek.md\/ro\/produse\/echipamente-frigorifice\/congelator-cu-soc-termic\/blca10x1\/","title":{"rendered":"CONGELATOR CU SOC TERMIC, 10 NIVELE -TEFCOLD-BLCA10X1"},"content":{"rendered":"<p><strong>CONGELATOR CU SOC TERMIC, 10 NIVELE -TEFCOLD-BLCA10X1<\/strong><br \/>\nControler cu ecran tactil<br \/>\nControler programabil<br \/>\nGhidaje pentru recipiente gastronorm GN1\/1 si Euronorm<br \/>\nO\u0163el inoxidabil<br \/>\nSonda de temperatura inclusa<br \/>\nUsa cu inchidere automata reversibila<br \/>\nPicioare reglabile<br \/>\n(R\u0103cire de la +70 \u00b0C la +3 \u00b0C) 55 kg \u00een 90 de minute<br \/>\n(\u00cenghe\u021bare +70\u00b0C p\u00e2n\u0103 la -18\u00b0C) 38 kg \u00een 240 de minute<br \/>\nTensiune \/ Frecventa: 380-400\/50 V\/Hz<\/p>\n<p>Caracteristici<br \/>\nInterval de temperatur\u0103: -18 p\u00e2n\u0103 la +70 \/ +3 p\u00e2n\u0103 la +70 \u00b0C<br \/>\nClasa climatica: 4<br \/>\nGreutate bruta \/ neta: 190 \/ 150 kg<br \/>\nVolum total\/utilizabil: 368\/192 l<br \/>\nCapacitate de racire: 40 kg<br \/>\nCapacitate de congelare: 28 kg<br \/>\nVolumul containerelor GN: 10 buc incluse<br \/>\nPicioare\/suporturi: 4 picioare reglabile<br \/>\nFinisaj exterior: SS304<br \/>\nFinisaj interior: SS304<br \/>\nIluminat interior: nu<br \/>\nCheie: nu<br \/>\nNum\u0103rul \u0219i tipul u\u0219ilor: 1 u\u0219\u0103 oarb\u0103 cu balamale cu auto\u00eenchidere<br \/>\nU\u0219\u0103 reversibil\u0103: da<br \/>\nTip de r\u0103cire: Congelare rapid\u0103<br \/>\nTip dezghetare: automat, gaz fierbinte<br \/>\nAgent frigorific: R290<br \/>\nCantitate agent frigorific: 165 g<br \/>\nPutere de intrare: 900 W<br \/>\nTensiune \/ Frecventa: 220-240\/50 V\/Hz<br \/>\nNivel de zgomot: 60 db(A)<br \/>\nDimensiuni interioare (L\u0103xAdx\u00cen): 660x640x870 mm<br \/>\nDimensiuni totale (L\u0103xAdx\u00cen): 804x815x1885 mm<br \/>\nDimensiune ambalaj (L\u0103xAdx\u00cen): 870x900x1730 mm<\/p>\n","protected":false},"excerpt":{"rendered":"<p>Congelator cu \u0219oc termic. Interval de temperatur\u0103: -18 p\u00e2n\u0103 la +70 \/ +3 p\u00e2n\u0103 la +70 \u00b0C; Clasa climatica: 4; Greutate bruta \/ neta: 190 \/ 150 kg; Volum total\/utilizabil: 368\/192 l; Capacitate de racire: 40 kg; Capacitate de congelare: 28 kg; Volumul containerelor GN: 10 buc incluse; Picioare\/suporturi: 4 picioare reglabile; Finisaj exterior: SS304; Finisaj interior: SS304; Iluminat interior: nu; Cheie: nu; Num\u0103rul \u0219i tipul u\u0219ilor: 1 u\u0219\u0103 oarb\u0103 cu balamale cu auto\u00eenchidere; U\u0219\u0103 reversibil\u0103: da; Tip de r\u0103cire: Congelare rapid\u0103; Tip dezghetare: automat, gaz fierbinte; Agent frigorific: R290; Cantitate agent frigorific: 165 g; Putere de intrare: 900 W; Tensiune \/ Frecventa: 220-240\/50 V\/Hz; Nivel de zgomot: 60 db(A); Dimensiuni interioare (L\u0103xAdx\u00cen): 660x640x870 mm; Dimensiuni totale (L\u0103xAdx\u00cen): 804x815x1885 mm; Dimensiune ambalaj (L\u0103xAdx\u00cen): 870x900x1730 mm.<\/p>\n","protected":false},"featured_media":42124,"template":"","meta":[],"_links":{"self":[{"href":"https:\/\/evotek.md\/ro\/wp-json\/wp\/v2\/product\/42122"}],"collection":[{"href":"https:\/\/evotek.md\/ro\/wp-json\/wp\/v2\/product"}],"about":[{"href":"https:\/\/evotek.md\/ro\/wp-json\/wp\/v2\/types\/product"}],"wp:featuredmedia":[{"embeddable":true,"href":"https:\/\/evotek.md\/ro\/wp-json\/wp\/v2\/media\/42124"}],"wp:attachment":[{"href":"https:\/\/evotek.md\/ro\/wp-json\/wp\/v2\/media?parent=42122"}],"curies":[{"name":"wp","href":"https:\/\/api.w.org\/{rel}","templated":true}]}}