{"id":4210,"date":"2020-03-10T09:47:06","date_gmt":"2020-03-10T09:49:47","guid":{"rendered":"https:\/\/evotek.md\/?post_type=product&#038;p=4210"},"modified":"2023-12-15T07:45:29","modified_gmt":"2023-12-15T07:45:29","slug":"raft-pentru-uscarea-farfuriilor-hkn-ksup-251-1203","status":"publish","type":"product","link":"https:\/\/evotek.md\/ro\/produse\/mobila-din-inox\/rafturi-din-inox\/rafturi-de-uscarea-vaselor\/raft-pentru-uscarea-farfuriilor-hkn-ksup-251-1203\/","title":{"rendered":"RAFT PENTRU USCAREA FARFURIILOR (1830x1200x300 mm) -HKN KSUP-251\/1203"},"content":{"rendered":"<p><strong>RAFT PENTRU USCAREA FARFURIILOR (1830x1200x300 mm) -HKN KSUP-251\/1203- <\/strong>Este destinat depozit\u0103rii, amplas\u0103rii \u0219i p\u0103str\u0103rii echipamentelor de buc\u0103t\u0103rie. Proiectarea cremalierului permite asamblarea \u0219i demontarea rapid\u0103 \u00een loca\u021bia dorit\u0103. Rafturile sunt realizate din o\u021bel zincat (col\u021b). Raftul este echipat cu 5 suporturi, realizate \u0219i din inox, echipate cu casete din plastic. Capacitatea casetelor este de 250\u00a0de farfurii. Suportul este echipat cu o tav\u0103 din inox. Picioarele suportului pot fi reglate, ceea ce asigur\u0103 stabilitatea \u0219i capacitatea de a instala suportul pe un c\u00e2mp neuniform.<\/p>\n<p>Caracteristici<br \/>\nParametri: 1830x1200x300 mm<br \/>\nGreutate neta: 36 kg<br \/>\nCapacitatea casetei este de 250 de farfurii<br \/>\nInaltime: 1830 mm<br \/>\nLungime: 1200 mm<br \/>\nLatime: 300 mm<br \/>\nGreutate neta: 36 kg<\/p>\n<p>&nbsp;<\/p>\n","protected":false},"excerpt":{"rendered":"<p>Raft pentru uscarea farfuriilor cu cinci polite. Parametri: 1830x1200x300 mm; Greutate neta: 36 kg; Capacitatea casetei este de 250 de farfurii; Inaltime: 1830 mm; Lungime: 1200 mm; Latime: 300 mm; Greutate neta: 36 kg.<\/p>\n<p>&nbsp;<\/p>\n","protected":false},"featured_media":4209,"template":"","meta":[],"_links":{"self":[{"href":"https:\/\/evotek.md\/ro\/wp-json\/wp\/v2\/product\/4210"}],"collection":[{"href":"https:\/\/evotek.md\/ro\/wp-json\/wp\/v2\/product"}],"about":[{"href":"https:\/\/evotek.md\/ro\/wp-json\/wp\/v2\/types\/product"}],"wp:featuredmedia":[{"embeddable":true,"href":"https:\/\/evotek.md\/ro\/wp-json\/wp\/v2\/media\/4209"}],"wp:attachment":[{"href":"https:\/\/evotek.md\/ro\/wp-json\/wp\/v2\/media?parent=4210"}],"curies":[{"name":"wp","href":"https:\/\/api.w.org\/{rel}","templated":true}]}}