{"id":42099,"date":"2025-02-07T10:15:52","date_gmt":"2025-02-07T10:15:51","guid":{"rendered":"https:\/\/evotek.md\/?post_type=product&#038;p=42099"},"modified":"2025-02-07T10:28:49","modified_gmt":"2025-02-07T10:28:49","slug":"tefcold-st160","status":"publish","type":"product","link":"https:\/\/evotek.md\/ro\/produse\/echipamente-frigorifice\/lada-frigorifica-pentru-congelare\/tefcold-st160\/","title":{"rendered":"LADA FRIGORIFICA PENTRU CONGELARE, CAPAC TRANSPARENT, 115 LITRI -TEFCOLD-ST160"},"content":{"rendered":"<p><strong>LADA FRIGORIFICA PENTRU CONGELARE, CAPAC TRANSPARENT, 115 LITRI -TEFCOLD-ST160-<\/strong> Congelatorul laf\u0103 este conceput pentru congelarea \u0219i depozitarea pe termen lung a alimentelor \u0219i semifabricatelor \u00een unit\u0103\u021bile de catering \u0219i comer\u021b cu am\u0103nuntul. Aparatul este echipat cu un termometru \u0219i 4 ro\u021bi duble. Decorul interior este realizat din aluminiu.<\/p>\n<p>Caracteristici<br \/>\nClasa climatica: 03\/N (temperatura ambientala de pana la 32 \u00b0C)<br \/>\nPutere de intrare: 0,13 kW<br \/>\nConsum de energie: 0,7 kW\/zi<br \/>\nNivel de zgomot: 45 dB(A)<br \/>\nAgent frigorific: R134a<br \/>\n\u00cenc\u0103rcare agent frigorific: 90 g<br \/>\nDimensiuni interioare: 435x435x755 mm<br \/>\nTip: congelator<br \/>\nDesign vertical<br \/>\nInterval de temperatur\u0103: de la -24 la -14 \u00b0C<br \/>\nVolum: 115 litri<br \/>\nCoperta: transparenta<br \/>\nNumar de cosuri incluse: 1<br \/>\nTensiune: 220 V<br \/>\nConsum de energie: 0,08 kW\/h<br \/>\nCuloare caroserie \u0219i ornamente: alb<br \/>\nLatime: 550 mm<br \/>\nAd\u00e2ncime: 630 mm<br \/>\nInaltime: 930 mm<br \/>\nGreutate (fara ambalaj): 35 kg<br \/>\nLatime (ambalat) 655 mm<br \/>\nAd\u00e2ncime (ambalat) 600 mm<br \/>\n\u00cen\u0103l\u021bime (ambalat\u0103) 955 mm<br \/>\nGreutate (cu ambalaj) 43 kg<br \/>\nR\u0103cire static\u0103<br \/>\nDezghetare manuala<br \/>\nControler mecanic<br \/>\nCapac din sticl\u0103<\/p>\n","protected":false},"excerpt":{"rendered":"<p>Lad\u0103 frigorific\u0103 pentru congelare. Clasa climatica: 03\/N (temperatura ambientala de pana la 32 \u00b0C); Putere de intrare: 0,13 kW; Consum de energie: 0,7 kW\/zi; Nivel de zgomot: 45 dB(A); Agent frigorific: R134a; \u00cenc\u0103rcare agent frigorific: 90 g; Dimensiuni interioare: 435x435x755 mm; Tip: congelator; Design vertical; Interval de temperatur\u0103: de la -24 la -14 \u00b0C; Volum: 115 litri; Coperta: transparenta; Numar de cosuri incluse: 1; Tensiune: 220 V; Consum de energie: 0,08 kW\/h; Culoare caroserie \u0219i ornamente: alb; Latime: 550 mm; Ad\u00e2ncime: 630 mm; Inaltime: 930 mm; Greutate (fara ambalaj): 35 kg; Latime (ambalat) 655 mm; Ad\u00e2ncime (ambalat) 600 mm; \u00cen\u0103l\u021bime (ambalat\u0103) 955 mm; Greutate (cu ambalaj) 43 kg; R\u0103cire static\u0103; Dezghetare manuala; Controler mecanic; Capac din sticl\u0103.<\/p>\n","protected":false},"featured_media":42102,"template":"","meta":[],"_links":{"self":[{"href":"https:\/\/evotek.md\/ro\/wp-json\/wp\/v2\/product\/42099"}],"collection":[{"href":"https:\/\/evotek.md\/ro\/wp-json\/wp\/v2\/product"}],"about":[{"href":"https:\/\/evotek.md\/ro\/wp-json\/wp\/v2\/types\/product"}],"wp:featuredmedia":[{"embeddable":true,"href":"https:\/\/evotek.md\/ro\/wp-json\/wp\/v2\/media\/42102"}],"wp:attachment":[{"href":"https:\/\/evotek.md\/ro\/wp-json\/wp\/v2\/media?parent=42099"}],"curies":[{"name":"wp","href":"https:\/\/api.w.org\/{rel}","templated":true}]}}