{"id":42077,"date":"2025-01-31T14:44:50","date_gmt":"2025-01-31T14:44:50","guid":{"rendered":"https:\/\/evotek.md\/?post_type=product&#038;p=42077"},"modified":"2025-01-31T15:00:43","modified_gmt":"2025-01-31T15:00:43","slug":"aparat-pentru-popcorn-09506006","status":"publish","type":"product","link":"https:\/\/evotek.md\/ro\/produse\/echipamente-pentru-fast-food\/aparate-pentru-popcorn2\/aparat-pentru-popcorn-09506006\/","title":{"rendered":"APARAT PENTRU POPCORN (150 gr) -M-09506006"},"content":{"rendered":"<p><strong>APARAT PENTRU POPCORN (150 gr) -M-09506006<\/strong><\/p>\n<p>Acest aparat profesional de floricele de porumb este indispensabil la o petrecere, t\u00e2rg sau cinema. Aparatul de floricele de porumb este usor de folosit, tot ce trebuie sa faci este sa adaugi unt, boabe de porumb si zahar sau sare. Porumbul se \u00eenc\u0103lze\u0219te \u0219i \u00een cur\u00e2nd floricelele ies \u00een ma\u0219in\u0103. Afi\u0219ajul convenabil \u00eenc\u0103lzit v\u0103 men\u021bine provizia de floricele de porumb delicios de cald\u0103.<\/p>\n<p>Popcorn rapid<br \/>\nPorni\u021bi ma\u0219ina de floricele de porumb ap\u0103s\u00e2nd butonul \u201e\u00cenc\u0103lzire \u0219i lumin\u0103\u201d. Turna\u021bi 50 ml ulei \u00een vasul de floricele, asigur\u00e2ndu-v\u0103 c\u0103 \u00eentregul fund este acoperit. Acest lucru va \u00eempiedica arderea floricelelor. Ap\u0103sa\u021bi butonul de \u00eenc\u0103lzire \u0219i \u00eenc\u0103lzi\u021bi aparatul de floricele de porumb timp de 30 de secunde. Se adauga 150 de grame de boabe de porumb si 50 de grame de zahar sau sare, in functie de gustul dorit. Activa\u021bi mecanismul de amestecare din oal\u0103 ap\u0103s\u00e2nd butonul \u201e\u00centoarce\u201d. Pune\u021bi capacul \u00eenapoi pe ceainic \u0219i \u00eenchide\u021bi bine u\u0219ile de sticl\u0103. A\u0219tepta\u021bi c\u00e2teva minute p\u00e2n\u0103 c\u00e2nd boabele de porumb \u00eencep s\u0103 explodeze. Dup\u0103 ce toate boabele de porumb au izbucnit, dezactiva\u021bi butoanele \u201eTurn\u201d \u0219i \u201e\u00cenc\u0103lzire\u201d. Scoate\u021bi capacul \u0219i \u00eenclina\u021bi ibricul de floricele pentru a goli floricelele r\u0103mase. Pentru a face mai multe floricele, repeta\u021bi pur \u0219i simplu ace\u0219ti pa\u0219i.<\/p>\n<p><strong>Cur\u0103\u021bare u\u0219oar\u0103<\/strong><br \/>\nPentru a asigura o cur\u0103\u021benie optim\u0103, este recomandat s\u0103 cur\u0103\u021ba\u021bi interiorul aparatului de f\u0103cut floricele c\u00e2t timp este \u00eenc\u0103 fierbinte. Dup\u0103 ce a\u021bi spart ultimul lot de floricele, umple\u021bi aparatul de porumb cu o can\u0103 de ap\u0103 curat\u0103 \u0219i l\u0103sa\u021bi s\u0103 stea c\u00e2teva minute. Opri\u021bi toate butoanele ma\u0219inii. Scurge\u021bi cu grij\u0103 aparatul pentru floricele de porumb \u00eentr-un vas, apoi de\u0219uruba\u021bi aparatul pentru floricele de porumb \u0219i scoate\u021bi-l din ma\u0219in\u0103. Umple\u021bi aparatul pentru floricele de porumb cu ap\u0103 fierbinte \u0219i detergent, l\u0103s\u00e2nd-o la macerat timp de aproximativ 30 de minute. \u00centre timp, scoate\u021bi toate p\u0103r\u021bile deta\u0219abile din ma\u0219ina de floricele de porumb.<\/p>\n<p>Cur\u0103\u021ba\u021bi bine interiorul \u0219i exteriorul ma\u0219inii cu o c\u00e2rp\u0103 u\u0219or umed\u0103. Apoi cur\u0103\u021ba\u021bi bine tava pentru floricele \u0219i ata\u0219a\u021bi-o din nou la ma\u0219ina de floricele. Nu uita\u021bi s\u0103 sp\u0103la\u021bi manual piesele libere, deoarece nu se pot sp\u0103la \u00een ma\u0219ina de sp\u0103lat vase \u0219i se usuc\u0103 bine. Dup\u0103 cur\u0103\u021bare, pune\u021bi-le \u00eenapoi \u00een ma\u0219in\u0103.<\/p>\n<p>Caracteristici<br \/>\nEchipat cu o tav\u0103 pentru firimituri<br \/>\nIn bol incap\u00a0<span style=\"font-size: 14.4px\">simultan <\/span><span style=\"font-size: 14.4px\">150 de grame de boabe de porumb<br \/>\n<\/span>Bolul poate fi rotit\/\u00eenclinat<br \/>\nVitrina men\u021bine cald produsul<br \/>\nGreutate neta: 38 kg<br \/>\nCapacitate: 150 gr. boabe de porumb <span style=\"font-size: 14.4px\">simultan<\/span>, aproximativ 3 kg pe or\u0103.<br \/>\nDimensiuni(Lax<span style=\"font-size: 14.4px\">Ad<\/span><span style=\"font-size: 14.4px\">x\u00cen<\/span><span style=\"font-size: 14.4px\">): 90x42x76 cm<br \/>\n<\/span>Conexiune: 220V\/50Hz \/ 1fazat 1700W<\/p>\n<p>&nbsp;<\/p>\n","protected":false},"excerpt":{"rendered":"<p>Aparat pentru popcorn. Echipat cu o tav\u0103 pentru firimituri; In bol incap\u00a0<span style=\"font-size: 14.4px\">simultan <\/span><span style=\"font-size: 14.4px\">150 de grame de boabe de porumb; <\/span>Bolul poate fi rotit\/\u00eenclinat; Vitrina men\u021bine cald produsul; Greutate neta: 38 kg; Capacitate: 150 gr. boabe de porumb <span style=\"font-size: 14.4px\">simultan<\/span>, aproximativ 3 kg pe or\u0103.; Dimensiuni(Lax<span style=\"font-size: 14.4px\">Ad<\/span><span style=\"font-size: 14.4px\">x\u00cen<\/span><span style=\"font-size: 14.4px\">): 90x42x76 cm; <\/span>Conexiune: 220V\/50Hz \/ 1fazat 1700W.<\/p>\n","protected":false},"featured_media":42083,"template":"","meta":[],"_links":{"self":[{"href":"https:\/\/evotek.md\/ro\/wp-json\/wp\/v2\/product\/42077"}],"collection":[{"href":"https:\/\/evotek.md\/ro\/wp-json\/wp\/v2\/product"}],"about":[{"href":"https:\/\/evotek.md\/ro\/wp-json\/wp\/v2\/types\/product"}],"wp:featuredmedia":[{"embeddable":true,"href":"https:\/\/evotek.md\/ro\/wp-json\/wp\/v2\/media\/42083"}],"wp:attachment":[{"href":"https:\/\/evotek.md\/ro\/wp-json\/wp\/v2\/media?parent=42077"}],"curies":[{"name":"wp","href":"https:\/\/api.w.org\/{rel}","templated":true}]}}