{"id":42072,"date":"2025-01-30T11:47:53","date_gmt":"2025-01-30T11:47:53","guid":{"rendered":"https:\/\/evotek.md\/?post_type=product&#038;p=42072"},"modified":"2025-01-30T11:54:40","modified_gmt":"2025-01-30T11:54:40","slug":"40-cm-kay-kgoid-4070-81740323020","status":"publish","type":"product","link":"https:\/\/evotek.md\/ro\/produse\/echipamente-pentru-fast-food\/suprafete-de-prajire-2-oborudovanie-dlia-fast-food\/40-cm-kay-kgoid-4070-81740323020\/","title":{"rendered":"SUPRAFATA DE PRAJIT PE GAZ, NETEDA+RIFLATA 40 cm -KAY-KGOID-4070 \/ 81740323020"},"content":{"rendered":"<p><strong>SUPRAFATA DE PRAJIT PE GAZ, NETEDA+RIFLATA 40 cm -KAY-KGOID-4070 \/ 81740323020<br \/>\n<\/strong>-Poate func\u021biona cu GPL \u0219i GNL.<br \/>\n-Supape magnetice de aerisire a gazului cu dispozitiv de control al fl\u0103c\u0103rii \u0219i arz\u0103tor pilot pe fiecare arz\u0103tor, protejeaz\u0103 \u00eempotriva scurgerilor de gaz \u00een caz de accident.<br \/>\n-Canalul de ulei \u0219i orificiul de scurgere sunt pe partea frontal\u0103 a suprafe\u021bei.<br \/>\n-Cutie de colectare pentru strecurarea uleiului.<\/p>\n<p>Caracteristici<br \/>\nDimensiuni: 400x700x300 mm<br \/>\nPutere: 6,0 kW<br \/>\nDebit: 0,634 &#8211; 0,472 m\u00b3\/h &#8211; kg\/h<br \/>\nVolum: 0,26 m\u00b3<br \/>\nGreutate: 60 kg<br \/>\nDimensiuni in cutie: 500x850x650 mm<\/p>\n","protected":false},"excerpt":{"rendered":"<p>Suprafa\u021b\u0103 de pr\u0103jit. Dimensiuni: 400x700x300 mm; Putere: 6,0 kW; Debit: 0,634 &#8211; 0,472 m\u00b3\/h &#8211; kg\/h; Volum: 0,26 m\u00b3; Greutate: 60 kg; Dimensiuni in cutie: 500x850x650 mm.<\/p>\n","protected":false},"featured_media":42074,"template":"","meta":[],"_links":{"self":[{"href":"https:\/\/evotek.md\/ro\/wp-json\/wp\/v2\/product\/42072"}],"collection":[{"href":"https:\/\/evotek.md\/ro\/wp-json\/wp\/v2\/product"}],"about":[{"href":"https:\/\/evotek.md\/ro\/wp-json\/wp\/v2\/types\/product"}],"wp:featuredmedia":[{"embeddable":true,"href":"https:\/\/evotek.md\/ro\/wp-json\/wp\/v2\/media\/42074"}],"wp:attachment":[{"href":"https:\/\/evotek.md\/ro\/wp-json\/wp\/v2\/media?parent=42072"}],"curies":[{"name":"wp","href":"https:\/\/api.w.org\/{rel}","templated":true}]}}