{"id":42065,"date":"2025-01-30T08:16:58","date_gmt":"2025-01-30T08:16:58","guid":{"rendered":"https:\/\/evotek.md\/?post_type=product&#038;p=42065"},"modified":"2025-01-30T08:20:36","modified_gmt":"2025-01-30T08:20:36","slug":"800x610x550-mm-kay-kad-8070-81280200700","status":"publish","type":"product","link":"https:\/\/evotek.md\/ro\/produse\/standuri-pentru-echipamente\/800x610x550-mm-kay-kad-8070-81280200700\/","title":{"rendered":"STAND PENTRU ECHIPAMENTE 800x610x550 mm -KAY-KAD-8070 \/ 81280200700"},"content":{"rendered":"<p><strong>STAND PENTRU ECHIPAMENTE 800x610x550 mm -KAY-KAD-8070 \/ 81280200700<\/strong><\/p>\n<p>Suporturile din o\u021bel inoxidabil sunt mobilier de buc\u0103t\u0103rie func\u021bional pentru buc\u0103t\u0103riile profesionale. Suporturile pentru echipamente de buc\u0103t\u0103rie v\u0103 permit s\u0103 lucra\u021bi la echipamentul principal \u00een mod ne\u00eentrerupt.<\/p>\n<p>Caracteristici<br \/>\nDimensiuni: 800x610x550 mm<br \/>\nVolum: 0,32 m\u00b3<br \/>\nGreutate: 22 kg<br \/>\nDimensiuni pachet: 900x830x650 mm<\/p>\n<p>&nbsp;<\/p>\n<p>&nbsp;<\/p>\n<p>&nbsp;<\/p>\n<p>&nbsp;<\/p>\n<p>&nbsp;<\/p>\n<p>&nbsp;<\/p>\n","protected":false},"excerpt":{"rendered":"<p>Suport pentru echipamente. Dimensiuni: 800x610x550 mm; Volum: 0,32 m\u00b3; Greutate: 22 kg; Dimensiuni pachet: 900x830x650 mm.<\/p>\n","protected":false},"featured_media":42067,"template":"","meta":[],"_links":{"self":[{"href":"https:\/\/evotek.md\/ro\/wp-json\/wp\/v2\/product\/42065"}],"collection":[{"href":"https:\/\/evotek.md\/ro\/wp-json\/wp\/v2\/product"}],"about":[{"href":"https:\/\/evotek.md\/ro\/wp-json\/wp\/v2\/types\/product"}],"wp:featuredmedia":[{"embeddable":true,"href":"https:\/\/evotek.md\/ro\/wp-json\/wp\/v2\/media\/42067"}],"wp:attachment":[{"href":"https:\/\/evotek.md\/ro\/wp-json\/wp\/v2\/media?parent=42065"}],"curies":[{"name":"wp","href":"https:\/\/api.w.org\/{rel}","templated":true}]}}