{"id":42058,"date":"2025-01-30T08:01:00","date_gmt":"2025-01-30T08:01:00","guid":{"rendered":"https:\/\/evotek.md\/?post_type=product&#038;p=42058"},"modified":"2025-01-30T08:12:28","modified_gmt":"2025-01-30T08:12:28","slug":"kgyi-8070-81780323030","status":"publish","type":"product","link":"https:\/\/evotek.md\/ro\/produse\/echipamente-pentru-fast-food\/suprafete-de-prajire-2-oborudovanie-dlia-fast-food\/kgyi-8070-81780323030\/","title":{"rendered":"SUPRAFATA DE PRAJIT PE GAZ, NETEDA+RIFLATA 80 cm -KAY-KGYI-8070 \/ 81780323030"},"content":{"rendered":"<p><strong>SUPRAFATA DE PRAJIT PE GAZ, NETEDA+RIFLATA 80 cm -KAY-KGYI-8070 \/ 81780323030<br \/>\n<\/strong>-Poate func\u021biona cu GPL \u0219i GNL.<br \/>\n-Supape magnetice de aerisire a gazului cu dispozitiv de control al fl\u0103c\u0103rii \u0219i arz\u0103tor pilot pe fiecare arz\u0103tor, protejeaz\u0103 \u00eempotriva scurgerilor de gaz \u00een caz de accident.<br \/>\n-Canalul de ulei \u0219i orificiul de scurgere sunt pe partea frontal\u0103 a suprafe\u021bei.<br \/>\n-Cutie de colectare pentru strecurarea uleiului.<\/p>\n<p>Caracteristici<br \/>\nDimensiuni: 800x700x300 mm<br \/>\nPutere: 12,0 kW<br \/>\nDebit: 1,268 &#8211; 0,945 m\u00b3\/h &#8211; kg\/h<br \/>\nVolum: 0,55 m\u00b3<br \/>\nGreutate: 80 kg<br \/>\nDimensiuni in cutie: 850x910x650 mm<\/p>\n","protected":false},"excerpt":{"rendered":"<p>Suprafa\u021b\u0103 de pr\u0103jit. Dimensiuni: 800x700x300 mm; Putere: 12,0 kW; Debit: 1,268 &#8211; 0,945 m\u00b3\/h &#8211; kg\/h; Volum: 0,55 m\u00b3; Greutate: 80 kg; Dimensiuni in cutie: 850x910x650 mm.<\/p>\n","protected":false},"featured_media":42061,"template":"","meta":[],"_links":{"self":[{"href":"https:\/\/evotek.md\/ro\/wp-json\/wp\/v2\/product\/42058"}],"collection":[{"href":"https:\/\/evotek.md\/ro\/wp-json\/wp\/v2\/product"}],"about":[{"href":"https:\/\/evotek.md\/ro\/wp-json\/wp\/v2\/types\/product"}],"wp:featuredmedia":[{"embeddable":true,"href":"https:\/\/evotek.md\/ro\/wp-json\/wp\/v2\/media\/42061"}],"wp:attachment":[{"href":"https:\/\/evotek.md\/ro\/wp-json\/wp\/v2\/media?parent=42058"}],"curies":[{"name":"wp","href":"https:\/\/api.w.org\/{rel}","templated":true}]}}