{"id":42052,"date":"2025-01-29T16:03:13","date_gmt":"2025-01-29T16:03:13","guid":{"rendered":"https:\/\/evotek.md\/?post_type=product&#038;p=42052"},"modified":"2025-01-29T16:09:13","modified_gmt":"2025-01-29T16:09:13","slug":"400x730x550-mm-kay-kad-4070-807450000","status":"publish","type":"product","link":"https:\/\/evotek.md\/ro\/produse\/standuri-pentru-echipamente\/400x730x550-mm-kay-kad-4070-807450000\/","title":{"rendered":"STAND PENTRU ECHIPAMENTE 400x730x550 mm -KAY-KAD-4070 \/ 807450000"},"content":{"rendered":"<p><strong>STAND PENTRU ECHIPAMENTE 400x730x550 mm -KAY-KAD-4070 \/ 807450000<\/strong><\/p>\n<p>Suporturile din o\u021bel inoxidabil sunt mobilier de buc\u0103t\u0103rie func\u021bional pentru buc\u0103t\u0103riile profesionale. Suporturile pentru echipamente de buc\u0103t\u0103rie v\u0103 permit s\u0103 lucra\u021bi la echipamentul principal \u00een mod ne\u00eentrerupt.<\/p>\n<p>Caracteristici<br \/>\nDimensiune: 400x730x550 mm<br \/>\nVolum: 0,17 m\u00b3<br \/>\nGreutate: 20 kg<br \/>\nDimensiuni in cutie: 500x830x650 mm<\/p>\n<p>&nbsp;<\/p>\n<p>&nbsp;<\/p>\n<p>&nbsp;<\/p>\n<p>&nbsp;<\/p>\n<p>&nbsp;<\/p>\n<p>&nbsp;<\/p>\n","protected":false},"excerpt":{"rendered":"<p>Suport pentru echipamente. Dimensiune: 400x730x550 mm; Volum: 0,17 m\u00b3; Greutate: 20 kg; Dimensiuni in cutie: 500x830x650 mm.<\/p>\n","protected":false},"featured_media":42055,"template":"","meta":[],"_links":{"self":[{"href":"https:\/\/evotek.md\/ro\/wp-json\/wp\/v2\/product\/42052"}],"collection":[{"href":"https:\/\/evotek.md\/ro\/wp-json\/wp\/v2\/product"}],"about":[{"href":"https:\/\/evotek.md\/ro\/wp-json\/wp\/v2\/types\/product"}],"wp:featuredmedia":[{"embeddable":true,"href":"https:\/\/evotek.md\/ro\/wp-json\/wp\/v2\/media\/42055"}],"wp:attachment":[{"href":"https:\/\/evotek.md\/ro\/wp-json\/wp\/v2\/media?parent=42052"}],"curies":[{"name":"wp","href":"https:\/\/api.w.org\/{rel}","templated":true}]}}