{"id":42037,"date":"2025-01-24T14:21:27","date_gmt":"2025-01-24T14:21:27","guid":{"rendered":"https:\/\/evotek.md\/?post_type=product&#038;p=42037"},"modified":"2025-01-24T14:34:27","modified_gmt":"2025-01-24T14:34:27","slug":"mec-klp-99-108","status":"publish","type":"product","link":"https:\/\/evotek.md\/ro\/produse\/echipamente-termice\/cuptoare-pentru-pizza-cuptoare\/mec-klp-99-108\/","title":{"rendered":"CUPTOR ELECTRIC PENTRU PIZZA 9+9 PIZZA \u00d8340 mm -MEC-KLP 99\/108"},"content":{"rendered":"<p><strong>CUPTOR ELECTRIC PENTRU PIZZA 9+9 PIZZA \u00d8340 mm -MEC-KLP 99\/108<\/strong>&#8211; se foloseste in catering si comert cu amanuntul pentru coacerea pizza sau paine.<\/p>\n<p><strong>Facilitati:<\/strong><br \/>\nDesign cuptor din o\u021bel inoxidabil<br \/>\nIluminare intern\u0103 a fiec\u0103rei camere<br \/>\nSenzor de temperatur\u0103 \u00een fiecare camer\u0103<br \/>\nMaterial alimentar rezistent la foc<br \/>\n2 termostate per camera<br \/>\nElemente de \u00eenc\u0103lzire \u00eent\u0103rite<\/p>\n<p><strong>Caracteristici<\/strong><br \/>\nTip echipament: electric<br \/>\nControl: mecanic<br \/>\nL\u0103\u021bime din interior: 1080 mm<br \/>\nAd\u00e2ncime din interior: 1080 mm<br \/>\n\u00cen\u0103l\u021bime din interior: 140 mm<br \/>\nNumar de camere: 2<br \/>\nCapacitate pizza: 18<br \/>\nTemperatura maxim\u0103 \u00een interiorul camerei: 500 \u00b0C<br \/>\nLatime: 1370 mm<br \/>\nAd\u00e2ncime: 1210 mm<br \/>\nInaltime: 750 mm<br \/>\nGreutate neta: 330 kg<br \/>\nGreutate brut\u0103: 369 kg<br \/>\nConsum de energie: 26,4 kW<br \/>\nSistem de alimentare: 220\/1N\/50, 400\/3N\/50 V\/F\/Hz<\/p>\n","protected":false},"excerpt":{"rendered":"<p>Cuptor electric pentru pizza. Tip echipament: electric; Control: mecanic; L\u0103\u021bime din interior: 1080 mm; Ad\u00e2ncime din interior: 1080 mm; \u00cen\u0103l\u021bime din interior: 140 mm; Numar de camere: 2; Capacitate pizza: 18; Temperatura maxim\u0103 \u00een interiorul camerei: 500 \u00b0C; Latime: 1370 mm; Ad\u00e2ncime: 1210 mm; Inaltime: 750 mm; Greutate neta: 330 kg; Greutate brut\u0103: 369 kg; Consum de energie: 26,4 kW; Sistem de alimentare: 220\/1N\/50, 400\/3N\/50 V\/F\/Hz; Design cuptor din o\u021bel inoxidabil; Iluminare intern\u0103 a fiec\u0103rei camere; Senzor de temperatur\u0103 \u00een fiecare camer\u0103; Material alimentar rezistent la foc; 2 termostate per camera; Elemente de \u00eenc\u0103lzire \u00eent\u0103rite.<\/p>\n","protected":false},"featured_media":30853,"template":"","meta":[],"_links":{"self":[{"href":"https:\/\/evotek.md\/ro\/wp-json\/wp\/v2\/product\/42037"}],"collection":[{"href":"https:\/\/evotek.md\/ro\/wp-json\/wp\/v2\/product"}],"about":[{"href":"https:\/\/evotek.md\/ro\/wp-json\/wp\/v2\/types\/product"}],"wp:featuredmedia":[{"embeddable":true,"href":"https:\/\/evotek.md\/ro\/wp-json\/wp\/v2\/media\/30853"}],"wp:attachment":[{"href":"https:\/\/evotek.md\/ro\/wp-json\/wp\/v2\/media?parent=42037"}],"curies":[{"name":"wp","href":"https:\/\/api.w.org\/{rel}","templated":true}]}}