{"id":42019,"date":"2025-01-23T07:58:31","date_gmt":"2025-01-23T07:58:31","guid":{"rendered":"https:\/\/evotek.md\/?post_type=product&#038;p=42019"},"modified":"2025-01-23T08:04:18","modified_gmt":"2025-01-23T08:04:18","slug":"congelator-cu-soc-termic-5-nivele-apach-ash05k","status":"publish","type":"product","link":"https:\/\/evotek.md\/ro\/produse\/echipamente-frigorifice\/congelator-cu-soc-termic\/congelator-cu-soc-termic-5-nivele-apach-ash05k\/","title":{"rendered":"CONGELATOR CU SOC TERMIC, 5 NIVELE -APACH-ASH05K"},"content":{"rendered":"<p><strong>CONGELATOR CU SOC TERMIC, 5 NIVELE -APACH-ASH05K<\/strong><\/p>\n<p>Congelatorul ASH05K este conceput pentru congelarea rapid\u0103 a alimentelor \u0219i a m\u00e2nc\u0103rurilor preparate \u00een unit\u0103\u021bile de catering \u0219i comer\u021b cu am\u0103nuntul. Modelul cu panou de control electronic este echipat cu o unitate frigorifica incorporata. Corpul \u0219i camera interioar\u0103 sunt realizate din o\u021bel inoxidabil cu film Fingerprint Free.<\/p>\n<p><strong>Facilitati:<\/strong><br \/>\nDezghe\u021bare manual\u0103<br \/>\nCicluri de r\u0103cire\/\u00eenghe\u021bare dup\u0103 timp \u0219i sond\u0103 de temperatur\u0103<br \/>\nCicluri de r\u0103cire\/\u00eenghe\u021bare moi \u0219i dure<br \/>\nComutare automat\u0103 \u00een modul de stocare dup\u0103 ce r\u0103cirea\/\u00eenghe\u021barea este complet\u0103<br \/>\nDimensiuni ambalaj: 810x720x950 mm<br \/>\nOp\u021biuni (se comand\u0103 separat):<br \/>\nDezghe\u021bare automat\u0103 cu gaz fierbinte (DF)<\/p>\n<p>Caracteristici<br \/>\nUnitate frigorific\u0103: \u00eencorporat\u0103<br \/>\nTemperatura de racire: de la 70 la 3 \u00b0C<br \/>\nCiclu de r\u0103cire: 90 min.<br \/>\nCapacitate ciclului de r\u0103cire: 20 kg<br \/>\nInterval de temperatur\u0103 de \u00eenghe\u021b de la: 70 p\u00e2n\u0103 la -18 \u00b0C<br \/>\nCiclu de congelare: 240 min<br \/>\nCapacitate ciclu de congelare: 13 kg<br \/>\nNumar de niveluri: 5<br \/>\nDistan\u021ba dintre nivele: 67 mm<br \/>\nTava de copt: GN 1\/1 (530&#215;325 mm), 600&#215;400 mm<br \/>\nRecipiente Gastronorm: GN 1\/1<br \/>\nTavi de copt: 60&#215;40 cm<br \/>\nTensiune: 220 V<br \/>\nPutere: 1,3 kW<br \/>\nLatime: 760 mm<br \/>\nAd\u00e2ncime: 670 mm<br \/>\nInaltime: 896 mm<br \/>\nGreutate (fara ambalaj): 82 kg<br \/>\nGreutate (cu ambalaj): 97 kg<\/p>\n<p>&nbsp;<\/p>\n<p>&nbsp;<\/p>\n<p>&nbsp;<\/p>\n","protected":false},"excerpt":{"rendered":"<p>Congelator cu \u0219oc termic. Compatibil cu tavi de copt Gn1\/1 &#8211; 60&#215;40 mm; Temperatura de racire: 3 &#8230; 90 \u00b0C; Greutatea produsului racit: 20 kg; Ciclu de racire: 90 min; Temperatura de congelare: -18 &#8230; 90 \u00b0C; Greutatea produsului congelat: 13 kg; Ciclu de congelare: 240 min.; Verificare: Nu; Loca\u021bia unit\u0103\u021bii: jos; Tip de agent frigorific: R452a; Putere: 1,3 kW; Tensiune: 220 V; Greutate neta: 82 kg; Greutate brut\u0103: 83 kg; Lungime brut\u0103<br \/>\n700 mm; Parametri: 760x670x895 mm; Temperatura de congelare: -18 &#8230; 90 \u00b0C; Volum: 13 kg \u00een 240 de minute.<\/p>\n","protected":false},"featured_media":42024,"template":"","meta":[],"_links":{"self":[{"href":"https:\/\/evotek.md\/ro\/wp-json\/wp\/v2\/product\/42019"}],"collection":[{"href":"https:\/\/evotek.md\/ro\/wp-json\/wp\/v2\/product"}],"about":[{"href":"https:\/\/evotek.md\/ro\/wp-json\/wp\/v2\/types\/product"}],"wp:featuredmedia":[{"embeddable":true,"href":"https:\/\/evotek.md\/ro\/wp-json\/wp\/v2\/media\/42024"}],"wp:attachment":[{"href":"https:\/\/evotek.md\/ro\/wp-json\/wp\/v2\/media?parent=42019"}],"curies":[{"name":"wp","href":"https:\/\/api.w.org\/{rel}","templated":true}]}}