{"id":42012,"date":"2025-01-21T14:55:24","date_gmt":"2025-01-21T14:55:24","guid":{"rendered":"https:\/\/evotek.md\/?post_type=product&#038;p=42012"},"modified":"2025-01-21T14:59:45","modified_gmt":"2025-01-21T14:59:45","slug":"emp-125-70-01-cls","status":"publish","type":"product","link":"https:\/\/evotek.md\/ro\/produse\/echipamente-frigorifice\/masa-frigider\/emp-125-70-01-cls\/","title":{"rendered":"MASA FRIGORIFICA, 2 USI, 200 LITRI -EMP.125.70.01-CLS"},"content":{"rendered":"<p style=\"text-align: left\"><strong>MASA FRIGORIFICA, 2 USI, 200 LITRI -EMP.125.70.01-CLS-<\/strong> Mas\u0103 frigorific\u0103 cu afi\u0219aj digital cu control al temperaturii \u0219i decongelare. Caracteristici: R\u0103cire cu ventilator; Evaporarea automat\u0103 a apei la dezghe\u021bare; Izola\u021bie din poliuretan \u201csigur pentru ozon\u201d, cu grosimea de 48 mm; U\u0219i cu \u00eenchidere automat\u0103 fixe la un unghi de 45 de grade; Evaporator cu panou de aluminiu \u0219i tub de cupru; Sloturi reglabile din o\u021bel inoxidabil, rafturi din plastic; Corp din o\u021bel inoxidabil.<\/p>\n<p>Caracteristici<br \/>\nUnitate frigorifica pozitionata lateral<br \/>\nInterval de temperatur\u0103: de la 0 la 5 \u00b0C<br \/>\nVolum: 200 litri<br \/>\nSuprafata de lucru din otel inoxidabil<br \/>\nNumar de usi: 2<br \/>\nBlat de mas\u0103 cu margine<br \/>\nTensiune: 220 V<br \/>\nPutere: 0,14 kW<br \/>\nLatime: 1250 mm<br \/>\nAd\u00e2ncime: 700 mm<br \/>\nInaltime: 850 mm<br \/>\nGreutate: (fara ambalaj) 86 kg<\/p>\n","protected":false},"excerpt":{"rendered":"<p>Mas\u0103 frigorific\u0103. Unitate frigorifica pozitionata lateral; Interval de temperatur\u0103: de la 0 la 5 \u00b0C; Volum: 200 litri; Suprafata de lucru din otel inoxidabil; Numar de usi: 2; Blat de mas\u0103 cu margine; Tensiune: 220 V; Putere: 0,14 kW; Latime: 1250 mm; Ad\u00e2ncime: 700 mm; Inaltime: 850 mm; Greutate: (fara ambalaj) 86 kg.<\/p>\n","protected":false},"featured_media":25452,"template":"","meta":[],"_links":{"self":[{"href":"https:\/\/evotek.md\/ro\/wp-json\/wp\/v2\/product\/42012"}],"collection":[{"href":"https:\/\/evotek.md\/ro\/wp-json\/wp\/v2\/product"}],"about":[{"href":"https:\/\/evotek.md\/ro\/wp-json\/wp\/v2\/types\/product"}],"wp:featuredmedia":[{"embeddable":true,"href":"https:\/\/evotek.md\/ro\/wp-json\/wp\/v2\/media\/25452"}],"wp:attachment":[{"href":"https:\/\/evotek.md\/ro\/wp-json\/wp\/v2\/media?parent=42012"}],"curies":[{"name":"wp","href":"https:\/\/api.w.org\/{rel}","templated":true}]}}