{"id":42006,"date":"2025-01-21T14:44:56","date_gmt":"2025-01-21T14:44:56","guid":{"rendered":"https:\/\/evotek.md\/?post_type=product&#038;p=42006"},"modified":"2025-01-21T14:50:29","modified_gmt":"2025-01-21T14:50:29","slug":"sc1270g","status":"publish","type":"product","link":"https:\/\/evotek.md\/ro\/produse\/echipamente-termice\/plite-de-gaz\/sc1270g\/","title":{"rendered":"PLITA PE GAZ 3 ARZATOARE -EMP-SC1270G"},"content":{"rendered":"<p><strong>PLITA PE GAZ 3 ARZATOARE -EMP-SC1270G-<\/strong> Plita pe gaz cu trei arzatoare pe un singur r\u00e2nd, conceput\u0103 pentru g\u0103tirea c\u0103rnii, pe\u0219telui, legumelor \u0219i a altor produse prin pr\u0103jire \u00een unit\u0103\u021bile de catering \u0219i comer\u021b cu am\u0103nuntul.<\/p>\n<p>Caracteristici<br \/>\nTip de energie: gaz<br \/>\nDimensiune: 1200x700x290 mm<br \/>\nConsum de gaz, gaz natural\/propan: 2850 m\u00b3\/h \/ 0,850 kg\/h<br \/>\nPutere: 28,8 kW<br \/>\nGreutate: 32 kg<br \/>\n3 arzatoare<br \/>\nRobinetele de gaz au supape de siguran\u021b\u0103<br \/>\nEchipata un termocuplu \u0219i un dispozitiv de aprindere pilot<br \/>\nFiecare arz\u0103tor este controlat independent unul de cel\u0103lalt<br \/>\nEste u\u0219or de cur\u0103\u021bat, durabil \u0219i igienic<\/p>\n","protected":false},"excerpt":{"rendered":"<p>Plit\u0103 pe gaz. Tip de energie: gaz; Dimensiune: 1200x700x290 mm; Consum de gaz, gaz natural\/propan: 2850 m\u00b3\/h \/ 0,850 kg\/h; Putere: 28,8 kW; Greutate: 32 kg; 3 arzatoare; Robinetele de gaz au supape de siguran\u021b\u0103; Echipata un termocuplu \u0219i un dispozitiv de aprindere pilot; Fiecare arz\u0103tor este controlat independent unul de cel\u0103lalt; Este u\u0219or de cur\u0103\u021bat, durabil \u0219i igienic.<\/p>\n","protected":false},"featured_media":42008,"template":"","meta":[],"_links":{"self":[{"href":"https:\/\/evotek.md\/ro\/wp-json\/wp\/v2\/product\/42006"}],"collection":[{"href":"https:\/\/evotek.md\/ro\/wp-json\/wp\/v2\/product"}],"about":[{"href":"https:\/\/evotek.md\/ro\/wp-json\/wp\/v2\/types\/product"}],"wp:featuredmedia":[{"embeddable":true,"href":"https:\/\/evotek.md\/ro\/wp-json\/wp\/v2\/media\/42008"}],"wp:attachment":[{"href":"https:\/\/evotek.md\/ro\/wp-json\/wp\/v2\/media?parent=42006"}],"curies":[{"name":"wp","href":"https:\/\/api.w.org\/{rel}","templated":true}]}}