{"id":42001,"date":"2025-01-21T14:38:10","date_gmt":"2025-01-21T14:38:10","guid":{"rendered":"https:\/\/evotek.md\/?post_type=product&#038;p=42001"},"modified":"2025-01-21T14:42:48","modified_gmt":"2025-01-21T14:42:48","slug":"pccs4070g","status":"publish","type":"product","link":"https:\/\/evotek.md\/ro\/produse\/echipamente-termice\/pasta-cooker\/pccs4070g\/","title":{"rendered":"PASTA COOKER 25 LITRI -PCCS4070G"},"content":{"rendered":"<p><strong>PASTA COOKER 25 LITRI -PCCS4070G<\/strong>&#8211; este conceput pentru g\u0103titul rapid \u0219i de \u00eenalt\u0103 calitate a pastelor, produselor din aluat, g\u0103lu\u0219te, orez, legume, c\u00e2rna\u021bi, ou\u0103, creve\u021bi \u0219i multe alte produse. AparatUL de g\u0103tit paste este perfect pentru micile unit\u0103\u021bi de catering \u0219i fast-food.<\/p>\n<p>Caracteristici<br \/>\nCapacitate: 25 litri<br \/>\nConsum gaze naturale: 1060 m\u00b3\/h \/ 0,247 kg\/h<br \/>\nTemperatura: 110\u00b0C<br \/>\nPutere: 4,5 kW<br \/>\nDimensiuni produs: 400x700x900 mm.<br \/>\nGreutate: 45 kg<br \/>\nCarcasa monobloc din otel inoxidabil<br \/>\nCompatibil cu gaz natural sau GPL<br \/>\n6 cosuri cu paste<br \/>\nRobinet de scurgere a apei<br \/>\nPicioare reglabile<br \/>\nTermostat de siguranta<\/p>\n","protected":false},"excerpt":{"rendered":"<p>Pasta cooker. Capacitate: 25 litri; Consum gaze naturale: 1060 m\u00b3\/h \/ 0,247 kg\/h; Temperatura: 110\u00b0C; Putere: 4,5 kW; Dimensiuni produs: 400x700x900 mm.<br \/>\nGreutate: 45 kg; Carcasa monobloc din otel inoxidabil; Compatibil cu gaz natural sau GPL; 6 cosuri cu paste; Robinet de scurgere a apei; Picioare reglabile; Termostat de siguranta.<\/p>\n","protected":false},"featured_media":42003,"template":"","meta":[],"_links":{"self":[{"href":"https:\/\/evotek.md\/ro\/wp-json\/wp\/v2\/product\/42001"}],"collection":[{"href":"https:\/\/evotek.md\/ro\/wp-json\/wp\/v2\/product"}],"about":[{"href":"https:\/\/evotek.md\/ro\/wp-json\/wp\/v2\/types\/product"}],"wp:featuredmedia":[{"embeddable":true,"href":"https:\/\/evotek.md\/ro\/wp-json\/wp\/v2\/media\/42003"}],"wp:attachment":[{"href":"https:\/\/evotek.md\/ro\/wp-json\/wp\/v2\/media?parent=42001"}],"curies":[{"name":"wp","href":"https:\/\/api.w.org\/{rel}","templated":true}]}}