{"id":41995,"date":"2025-01-21T14:24:57","date_gmt":"2025-01-21T14:24:57","guid":{"rendered":"https:\/\/evotek.md\/?post_type=product&#038;p=41995"},"modified":"2025-01-21T14:34:45","modified_gmt":"2025-01-21T14:34:45","slug":"emp-125-70-02-cls","status":"publish","type":"product","link":"https:\/\/evotek.md\/ro\/produse\/echipamente-frigorifice\/masa-frigider\/emp-125-70-02-cls\/","title":{"rendered":"MASA CONGELATOR, 2 USI, 200 LITRI -EMP.125.70.02-CLS"},"content":{"rendered":"<p><strong>MASA CONGELATOR, 2 USI, 200 LITRI -EMP.125.70.02-CLS<br \/>\n<\/strong>Masa congelatorului este o solu\u021bie de design de succes pentru o mai bun\u0103 utilizare a spa\u021biului util din buc\u0103t\u0103ria unit\u0103\u021bilor de catering. Mai ales c\u00e2nd aceast\u0103 zon\u0103 este destul de limitat\u0103. Acest echipament \u00eembin\u0103 dou\u0103 func\u021bii simultan: congelarea \u0219i depozitarea alimentelor, folosind suprafa\u021ba de lucru a mesei pentru prepararea bucatelor \u0219i a semifabricatelor.<\/p>\n<p>Caracteristici<br \/>\nDimensiune: 1250x700x850 mm<br \/>\nGreutate: 86 kg<br \/>\nPutere: 0,59 kW<br \/>\nVolum: 0,65 mc<br \/>\nCapacitate: 200 litri<br \/>\nTemperatura de functionare -18\/-20 \u00baC la temperatura mediului tropical 43 \u00baC<br \/>\nAlimentare 220-230 V -1 +N 50-60 Hz.<br \/>\nAgent frigorific R-290 \u201ef\u0103r\u0103 CFC\u201d.<br \/>\nDensitate 40 kg\/m\u00b3.<br \/>\nAfisaj digital cu control al temperaturii si dezghetarii<br \/>\nEvaporarea automat\u0103 a apei \u00een timpul dezghe\u021b\u0103rii<br \/>\nR\u0103cire cu ventilator<br \/>\nIzola\u021bie poliuretanic\u0103 sigur\u0103 pentru ozon, grosime de 48 mm<br \/>\nUsi cu inchidere automata la 45 de grade<br \/>\nEvaporator tubular din cupru cu aripioare din aluminiu<br \/>\nCorp de raft reglabil din o\u021bel inoxidabil, rafturi acoperite cu plastic<br \/>\nCarcasa din otel inoxidabil<\/p>\n","protected":false},"excerpt":{"rendered":"<p>Mas\u0103 congelator. Dimensiune: 1250x700x850 mm; Greutate: 86 kg; Putere: 0,59 kW; Volum: 0,65 mc; Capacitate: 200 litri; Temperatura de functionare -18\/-20 \u00baC la temperatura mediului tropical 43 \u00baC; Alimentare 220-230 V -1 +N 50-60 Hz.; Agent frigorific R-290 \u201ef\u0103r\u0103 CFC\u201d; Densitate 40 kg\/m\u00b3.; Afisaj digital cu control al temperaturii si dezghetarii; Evaporarea automat\u0103 a apei \u00een timpul dezghe\u021b\u0103rii; R\u0103cire cu ventilator; Izola\u021bie poliuretanic\u0103 sigur\u0103 pentru ozon, grosime de 48 mm; Usi cu inchidere automata la 45 de grade; Evaporator tubular din cupru cu aripioare din aluminiu; Corp de raft reglabil din o\u021bel inoxidabil, rafturi acoperite cu plastic; Carcasa din otel inoxidabil.<\/p>\n","protected":false},"featured_media":41998,"template":"","meta":[],"_links":{"self":[{"href":"https:\/\/evotek.md\/ro\/wp-json\/wp\/v2\/product\/41995"}],"collection":[{"href":"https:\/\/evotek.md\/ro\/wp-json\/wp\/v2\/product"}],"about":[{"href":"https:\/\/evotek.md\/ro\/wp-json\/wp\/v2\/types\/product"}],"wp:featuredmedia":[{"embeddable":true,"href":"https:\/\/evotek.md\/ro\/wp-json\/wp\/v2\/media\/41998"}],"wp:attachment":[{"href":"https:\/\/evotek.md\/ro\/wp-json\/wp\/v2\/media?parent=41995"}],"curies":[{"name":"wp","href":"https:\/\/api.w.org\/{rel}","templated":true}]}}