{"id":41989,"date":"2025-01-21T13:20:37","date_gmt":"2025-01-21T13:20:37","guid":{"rendered":"https:\/\/evotek.md\/?post_type=product&#038;p=41989"},"modified":"2025-01-21T13:26:31","modified_gmt":"2025-01-21T13:26:31","slug":"vdl158a","status":"publish","type":"product","link":"https:\/\/evotek.md\/ro\/produse\/echipamente-frigorifice\/vitrine-frigorifice-pentru-patiserie\/vdl158a\/","title":{"rendered":"VITRINA FRIGORIFICA PENTRU PATISERIE, DE PODEA 2,56 m\u00b2 -JUKA-VDL158A"},"content":{"rendered":"<p><strong>VITRINA FRIGORIFICA PENTRU PATISERIE, DE PODEA 2,56 m\u00b2 -JUKA-VDL158A<\/strong>&#8211; Vitrina pentru patiserie JUKA VDL108A este o vitrin\u0103 de patiserie care combin\u0103 designul rafinat \u0219i calitatea \u00eenalt\u0103. Ideal pentru cafenele, supermarketuri, restaurante si unitati alimentare pentru expunerea si vanzarea diverselor dulciuri, produse de patiserie, prajituri, deserturi, produse de patiserie etc. O caracteristic\u0103 special\u0103 a acestei vitrine este un evaporator cu o suprafa\u021b\u0103 de lucru m\u0103rit\u0103, care ofer\u0103 condi\u021bii optime pentru p\u0103strarea pe termen lung a prospe\u021bimii produselor de cofet\u0103rie. Vitrina de cofetarie este echipata cu patru rafturi de sticla de racire, care asigura o suprafata mare de expunere, iar in combinatie cu iluminarea interioara puternica, atrage atentia clientilor asupra vitrinei si a produselor prezentate in aceasta. Ca standard, vitrina este echipat\u0103 cu func\u021bie de dezghe\u021bare automat\u0103, u\u0219\u0103 glisant\u0103 (geamuri termopan) \u0219i picioare reglabile. De asemenea, pute\u021bi comanda c\u0103ptu\u0219eal\u0103 decorativ\u0103 a vitrinei din lemn sau metal de diferite culori, care va da unicitate \u0219i atractivitate.<\/p>\n<p>Caracteristici<br \/>\nLungime (fara panouri decorative): 1490 mm<br \/>\nAd\u00e2ncime: 800 mm<br \/>\nInaltime: 1390 mm<br \/>\nGreutate neta: 240 kg<br \/>\nSuprafata de afisare: 2,56 m\u00b2<br \/>\nInterval de temperatur\u0103 ambiental\u0103: +16&#8230;+25\u00b0\u0421<br \/>\nTemperatura de func\u021bionare: +4&#8230;+10\u00b0\u0421<br \/>\nClasa climatica: 3<br \/>\nAgent frigorific: R404a \/ R452a \/ R290<br \/>\nCO\u2082: 2,71 \/ 1,48 \/ 0 t<br \/>\nCantitate de agent frigorific: 0,69 \/ 0,69 \/ 0,15 kg<br \/>\nTensiune\/frecventa: 220-240\/50 V\/Hz<br \/>\nConsum de curent nominal: 3,6 \/ 3,6 \/ 3,7 A<br \/>\nConsumul de curent este luat la o temperatur\u0103 de 25\u00b0C: 11,5 \/ 11,5 \/ 9,8 kW\/24h<br \/>\nRegulator de temperatura: electronic<\/p>\n","protected":false},"excerpt":{"rendered":"<p>Vitrina pentru patiserie. Lungime (fara panouri decorative): 1490 mm; Ad\u00e2ncime: 800 mm; Inaltime: 1390 mm; Greutate neta: 240 kg; Suprafata de afisare: 2,56 m\u00b2; Interval de temperatur\u0103 ambiental\u0103: +16&#8230;+25\u00b0\u0421; Temperatura de func\u021bionare: +4&#8230;+10\u00b0\u0421; Clasa climatica: 3; Agent frigorific: R404a \/ R452a \/ R290; CO\u2082: 2,71 \/ 1,48 \/ 0 t; Cantitate de agent frigorific: 0,69 \/ 0,69 \/ 0,15 kg; Tensiune\/frecventa: 220-240\/50 V\/Hz; Consum de curent nominal: 3,6 \/ 3,6 \/ 3,7 A; Consumul de curent este luat la o temperatur\u0103 de 25\u00b0C: 11,5 \/ 11,5 \/ 9,8 kW\/24h; Regulator de temperatura: electronic.<\/p>\n","protected":false},"featured_media":41992,"template":"","meta":[],"_links":{"self":[{"href":"https:\/\/evotek.md\/ro\/wp-json\/wp\/v2\/product\/41989"}],"collection":[{"href":"https:\/\/evotek.md\/ro\/wp-json\/wp\/v2\/product"}],"about":[{"href":"https:\/\/evotek.md\/ro\/wp-json\/wp\/v2\/types\/product"}],"wp:featuredmedia":[{"embeddable":true,"href":"https:\/\/evotek.md\/ro\/wp-json\/wp\/v2\/media\/41992"}],"wp:attachment":[{"href":"https:\/\/evotek.md\/ro\/wp-json\/wp\/v2\/media?parent=41989"}],"curies":[{"name":"wp","href":"https:\/\/api.w.org\/{rel}","templated":true}]}}