{"id":41983,"date":"2025-01-17T14:49:44","date_gmt":"2025-01-17T14:49:44","guid":{"rendered":"https:\/\/evotek.md\/?post_type=product&#038;p=41983"},"modified":"2025-01-17T15:00:54","modified_gmt":"2025-01-17T15:00:54","slug":"juca-vdl108a","status":"publish","type":"product","link":"https:\/\/evotek.md\/ro\/produse\/echipamente-frigorifice\/vitrine-frigorifice-pentru-patiserie\/juca-vdl108a\/","title":{"rendered":"VITRINA FRIGORIFICA PENTRU PATISERIE, DE PODEA 1,69 m\u00b2 -JUKA -VDL108A"},"content":{"rendered":"<p><strong>VITRINA FRIGORIFICA PENTRU PATISERIE, DE PODEA 1,69 m\u00b2 -JUKA-VDL108A<\/strong>&#8211; Vitrina pentru patiserie JUKA VDL108A este o vitrin\u0103 de patiserie care combin\u0103 designul rafinat \u0219i calitatea \u00eenalt\u0103. Ideal pentru cafenele, supermarketuri, restaurante si unitati alimentare pentru expunerea si vanzarea diverselor dulciuri, produse de patiserie, prajituri, deserturi, produse de patiserie etc. O caracteristic\u0103 special\u0103 a acestei vitrine este un evaporator cu o suprafa\u021b\u0103 de lucru m\u0103rit\u0103, care ofer\u0103 condi\u021bii optime pentru p\u0103strarea pe termen lung a prospe\u021bimii produselor de cofet\u0103rie. Vitrina de cofetarie este echipata cu patru rafturi de sticla de racire, care asigura o suprafata mare de expunere, iar in combinatie cu iluminarea interioara puternica, atrage atentia clientilor asupra vitrinei si a produselor prezentate in aceasta. Ca standard, vitrina este echipat\u0103 cu func\u021bie de dezghe\u021bare automat\u0103, u\u0219\u0103 glisant\u0103 (geamuri termopan) \u0219i picioare reglabile. De asemenea, pute\u021bi comanda c\u0103ptu\u0219eal\u0103 decorativ\u0103 a vitrinei din lemn sau metal de diferite culori, care va da unicitate \u0219i atractivitate.<\/p>\n<p>Caracteristici<br \/>\nLungime (fara panouri decorative): 990 mm<br \/>\nLatime: 800 mm<br \/>\nInaltime: 1390 mm<br \/>\nGreutatea vitrinei de cofet\u0103rie, net\u0103: 177 kg<br \/>\nSuprafata expozitie: 1,69 m\u00b2<br \/>\nTemperatura ambiental\u0103 recomandat\u0103: +16&#8230;+25\u00b0C<br \/>\nPentru conditii de temperatura: +4&#8230;+10\u00b0C<br \/>\nClasa climatica: 3<br \/>\nAgent frigorific: R404a\/R452a\/R290<br \/>\nCO\u2082: 2,00\/1,09\/0 t<br \/>\nCantitate de agent frigorific: 0,51\/0,51\/0,15 kg<br \/>\nCurent nominal: 3.0\/3.0\/3.6A<br \/>\nConsum de energie electric\u0103 (la 25\u00b0C): 9,5\/9,5\/6,6 kW\/24 ore<br \/>\nTensiune de alimentare: 220-240\/50 V\/HZ<br \/>\nRegulator de temperatura: electronic<\/p>\n","protected":false},"excerpt":{"rendered":"<p>Vitrina pentru patiserie. Lungime (fara panouri decorative): 990 mm; Latime: 800 mm; Inaltime: 1390 mm; Greutatea vitrinei de cofet\u0103rie, net\u0103: 177 kg; Suprafata expozitie: 1,69 m\u00b2; Temperatura ambiental\u0103 recomandat\u0103: +16&#8230;+25\u00b0C; Pentru conditii de temperatura: +4&#8230;+10\u00b0C; Clasa climatica: 3; Agent frigorific: R404a\/R452a\/R290; CO\u2082: 2,00\/1,09\/0 t; Cantitate de agent frigorific: 0,51\/0,51\/0,15 kg; Curent nominal: 3.0\/3.0\/3.6A; Consum de energie electric\u0103 (la 25\u00b0C): 9,5\/9,5\/6,6 kW\/24 ore; Tensiune de alimentare: 220-240\/50 V\/HZ; Regulator de temperatura: electronic<\/p>\n","protected":false},"featured_media":41985,"template":"","meta":[],"_links":{"self":[{"href":"https:\/\/evotek.md\/ro\/wp-json\/wp\/v2\/product\/41983"}],"collection":[{"href":"https:\/\/evotek.md\/ro\/wp-json\/wp\/v2\/product"}],"about":[{"href":"https:\/\/evotek.md\/ro\/wp-json\/wp\/v2\/types\/product"}],"wp:featuredmedia":[{"embeddable":true,"href":"https:\/\/evotek.md\/ro\/wp-json\/wp\/v2\/media\/41985"}],"wp:attachment":[{"href":"https:\/\/evotek.md\/ro\/wp-json\/wp\/v2\/media?parent=41983"}],"curies":[{"name":"wp","href":"https:\/\/api.w.org\/{rel}","templated":true}]}}