{"id":41976,"date":"2025-01-17T14:39:27","date_gmt":"2025-01-17T14:39:27","guid":{"rendered":"https:\/\/evotek.md\/?post_type=product&#038;p=41976"},"modified":"2025-01-17T15:01:25","modified_gmt":"2025-01-17T15:01:25","slug":"34-m%c2%b2-juca-ad%d1%85125","status":"publish","type":"product","link":"https:\/\/evotek.md\/ro\/produse\/echipamente-frigorifice\/vitrina-frigorifica-de-perete\/34-m%c2%b2-juca-ad%d1%85125\/","title":{"rendered":"VITRINA FRIGORIFICA VERTICALA DE PERETE 3,4 m\u00b2 -JUKA-AD\u0425125"},"content":{"rendered":"<p><strong>VITRINA FRIGORIFICA VERTICALA DE PERETE 3,4 m\u00b2 -JUKA-AD\u0425125-<\/strong> Vitrina frigorific\u0103 vertical\u0103 de perete (Regal) AD\u0425125 este cel mai modern echipament frigorific profesional conceput pentru v\u00e2nzarea de produse alimentare cu acces deschis clien\u021bilor la m\u0103rfuri, \u00een format autoservire, \u00een b\u0103c\u0103nie magazine, super \u0219i hipermarketuri.<br \/>\nEle difer\u0103 \u00een zona optim\u0103 de afi\u0219are \u0219i u\u0219urin\u021ba de afi\u0219are. Spa\u021bios, confortabil \u0219i u\u0219or de \u00eentre\u021binut.<br \/>\nADH este echipat cu un rulou termoizolant, care asigur\u0103 depozitarea pe termen scurt a produselor dup\u0103 ce priza este \u00eenchis\u0103 (noaptea). Cu toate acestea, \u00een loc de rulouri, este posibil\u0103 echiparea dulapului frigorific cu o u\u0219\u0103 transparent\u0103 din sticl\u0103 cu balamale.<br \/>\n\u00cen configura\u021bia de baz\u0103, modelul este echipat cu 10 rafturi suspendate, care sunt a\u0219ezate pe 5 r\u00e2nduri \u0219i pot fi instalate \u00een unghi \u00een dou\u0103 pozi\u021bii: 00 \u0219i\/sau 100 de \u00eenclinare. Con\u021bine iluminare LED superioar\u0103 \u0219i lateral\u0103 \u0219i un limitator de raft frontal.<\/p>\n<p>Caracteristici<br \/>\nLungime (fara panouri laterale): 1250 mm<br \/>\nLatime: 800 mm<br \/>\nInaltime: 2100 mm<br \/>\nGreutate dulap frigider, net: 280 kg<br \/>\nVolumul total: 1000 dm\u00b3<br \/>\nVolumul util: 780 dm\u00b3<br \/>\nSuprafa\u021ba de afi\u0219are (5 nivele de rafturi suspendate + 1 nivel de rafturi inferioare): 3,4 m\u00b2<br \/>\nSarcina admisa pe raft: 20 kg<br \/>\nTemperatura ambiental\u0103 recomandat\u0103: +16&#8230;+25\u00b0C<br \/>\nUmiditate recomandat\u0103: &lt;60%<br \/>\nInterval de temperatur\u0103 de func\u021bionare: +2&#8230;+8\u00b0C<br \/>\nClasa climatica: 3<br \/>\nAgent frigorific: R290<br \/>\nCantitate de agent frigorific: 0,15 kg<br \/>\nCO\u2082: 0<br \/>\nTip de r\u0103cire: dinamic\u0103<br \/>\nTensiune de alimentare: 220-240\/50 V\/HZ<br \/>\nCurent nominal: 5,8 A<\/p>\n","protected":false},"excerpt":{"rendered":"<p>Vitrina frigorific\u0103 vertical\u0103 de perete. Lungime (fara panouri laterale): 1250 mm; Latime: 800 mm; Inaltime: 2100 mm; Greutate dulap frigider, net: 280 kg; Volumul total: 1000 dm\u00b3; Volumul util: 780 dm\u00b3; Suprafa\u021ba de afi\u0219are (5 nivele de rafturi suspendate + 1 nivel de rafturi inferioare): 3,4 m\u00b2; Sarcina admisa pe raft: 20 kg; Temperatura ambiental\u0103 recomandat\u0103: +16&#8230;+25\u00b0C; Umiditate recomandat\u0103: &lt;60%; Interval de temperatur\u0103 de func\u021bionare: +2&#8230;+8\u00b0C; Clasa climatica: 3; Agent frigorific: R290; Cantitate de agent frigorific: 0,15 kg; CO\u2082: 0; Tip de r\u0103cire: dinamic\u0103; Tensiune de alimentare: 220-240\/50 V\/HZ; Curent nominal: 5,8 A.<\/p>\n","protected":false},"featured_media":41978,"template":"","meta":[],"_links":{"self":[{"href":"https:\/\/evotek.md\/ro\/wp-json\/wp\/v2\/product\/41976"}],"collection":[{"href":"https:\/\/evotek.md\/ro\/wp-json\/wp\/v2\/product"}],"about":[{"href":"https:\/\/evotek.md\/ro\/wp-json\/wp\/v2\/types\/product"}],"wp:featuredmedia":[{"embeddable":true,"href":"https:\/\/evotek.md\/ro\/wp-json\/wp\/v2\/media\/41978"}],"wp:attachment":[{"href":"https:\/\/evotek.md\/ro\/wp-json\/wp\/v2\/media?parent=41976"}],"curies":[{"name":"wp","href":"https:\/\/api.w.org\/{rel}","templated":true}]}}