{"id":41969,"date":"2025-01-17T14:31:25","date_gmt":"2025-01-17T14:31:24","guid":{"rendered":"https:\/\/evotek.md\/?post_type=product&#038;p=41969"},"modified":"2025-01-17T15:01:38","modified_gmt":"2025-01-17T15:01:38","slug":"fgo160a","status":"publish","type":"product","link":"https:\/\/evotek.md\/ro\/produse\/echipamente-frigorifice\/vitrine-frigorifice\/fgo160a\/","title":{"rendered":"VITRINA FRIGORIFICA PENTRU GASTRONOMIE 270 dm\u00b3 -JUKA-FGO160A"},"content":{"rendered":"<p><strong>VITRINA FRIGORIFICA PENTRU GASTRONOMIE 270 dm\u00b3 -JUKA-FGO160A-<\/strong> vitrina gastronomic\u0103 frigorific\u0103 la temperatur\u0103 medie conceput\u0103 pentru v\u00e2nzarea de lactate, ca\u0219, c\u00e2rna\u021bi, pe\u0219te \u0219i produse din carne. O caracteristic\u0103 special\u0103 a acestei vitrine este suprafa\u021ba extins\u0103 de afi\u0219are a produselor. Partea de afi\u0219are \u0219i raftul v\u00e2nz\u0103torului sunt din o\u021bel inoxidabil. Vitrina frigorific\u0103 are un design modern, laconic \u0219i este echipat\u0103 cu iluminare LED cu economie de energie. La cererea clientului, vitrina poate fi dotata cu iluminare roz si vopsita in culoarea clientului. Este posibil\u0103 echiparea geamului frontal cu sistem de ridicare cu gaz, ceea ce va facilita foarte mult procesul de \u00eengrijire a vitrinei. Op\u021bional, designul vitrinei poate oferi posibilitatea combin\u0103rii \u00eentr-o linie continu\u0103.<\/p>\n<p>Caracteristici<br \/>\nLungime (fara panouri laterale): 1500 mm<br \/>\nLatime: 1170 mm<br \/>\nInaltime: 1250 mm<br \/>\nGreutate vitrina frigorifica, neta: 170 kg<br \/>\nSuprafata expozitie: 1,2 m\u00b2<br \/>\nAd\u00e2ncimea de afi\u0219are a produsului: 800 mm<br \/>\nVolumul camerei de depozitare: 270 dm\u00b3<br \/>\nTemperatura ambiental\u0103 recomandat\u0103: +16&#8230;+25\u00b0C<br \/>\nInterval de temperatur\u0103 de func\u021bionare: -2&#8230;+8\u00b0C<br \/>\nClasa climatica: 3<br \/>\nTip de racire: gravitatie<br \/>\nAgent frigorific: R404a\/R290<br \/>\nCO\u2082: 1,08 t\/0,0 t<br \/>\nCantitate de agent frigorific: 0,275 kg\/0,11 kg<br \/>\nTensiune de alimentare: 220-240\/50 V\/HZ<br \/>\nCurent nominal: 2.0\/1.1A<br \/>\nConsum de energie electric\u0103 (la 25\u00b0C): 6,7 \/ 5,0 kW\/24 ore<br \/>\nRegulator de temperatura: electronic<\/p>\n","protected":false},"excerpt":{"rendered":"<p>Vitrin\u0103 frigorific\u0103 pentru gastronomie. Lungime (fara panouri laterale): 1500 mm; Latime: 1170 mm; Inaltime: 1250 mm; Greutate vitrina frigorifica, neta: 170 kg; Suprafata expozitie: 1,2 m\u00b2; Ad\u00e2ncimea de afi\u0219are a produsului: 800 mm; Volumul camerei de depozitare: 270 dm\u00b3; Temperatura ambiental\u0103 recomandat\u0103: +16&#8230;+25\u00b0C; Interval de temperatur\u0103 de func\u021bionare: -2&#8230;+8\u00b0C; Clasa climatica: 3; Tip de racire: gravitatie; Agent frigorific: R404a\/R290; CO\u2082: 1,08 t\/0,0 t; Cantitate de agent frigorific: 0,275 kg\/0,11 kg; Tensiune de alimentare: 220-240\/50 V\/HZ; Curent nominal: 2.0\/1.1A; Consum de energie electric\u0103 (la 25\u00b0C): 6,7 \/ 5,0 kW\/24 ore; Regulator de temperatura: electronic.<\/p>\n","protected":false},"featured_media":41972,"template":"","meta":[],"_links":{"self":[{"href":"https:\/\/evotek.md\/ro\/wp-json\/wp\/v2\/product\/41969"}],"collection":[{"href":"https:\/\/evotek.md\/ro\/wp-json\/wp\/v2\/product"}],"about":[{"href":"https:\/\/evotek.md\/ro\/wp-json\/wp\/v2\/types\/product"}],"wp:featuredmedia":[{"embeddable":true,"href":"https:\/\/evotek.md\/ro\/wp-json\/wp\/v2\/media\/41972"}],"wp:attachment":[{"href":"https:\/\/evotek.md\/ro\/wp-json\/wp\/v2\/media?parent=41969"}],"curies":[{"name":"wp","href":"https:\/\/api.w.org\/{rel}","templated":true}]}}