{"id":41964,"date":"2025-01-17T14:00:34","date_gmt":"2025-01-17T14:00:34","guid":{"rendered":"https:\/\/evotek.md\/?post_type=product&#038;p=41964"},"modified":"2025-01-17T15:02:17","modified_gmt":"2025-01-17T15:02:17","slug":"juca-fgo260a","status":"publish","type":"product","link":"https:\/\/evotek.md\/ro\/produse\/echipamente-frigorifice\/vitrine-frigorifice\/juca-fgo260a\/","title":{"rendered":"VITRINA FRIGORIFICA PENTRU GASTRONOMIE 450 dm\u00b3 -JUKA-FGO260A"},"content":{"rendered":"<p><strong>VITRINA FRIGORIFICA PENTRU GASTRONOMIE 450 dm\u00b3 -JUKA-FGO260A-<\/strong> este o vitrina gastronomic\u0103 frigorific\u0103 cu temperatur\u0103 medie conceput\u0103 pentru v\u00e2nzarea de lactate, br\u00e2nzeturi, c\u00e2rna\u021bi, pe\u0219te \u0219i produse din carne. O caracteristic\u0103 special\u0103 a acestei vitrine este suprafa\u021ba extins\u0103 de afi\u0219are a produselor. Iluminare de fundal LED cu economie de energie. Vitrina poate fi echipat\u0103 cu iluminare roz \u0219i vopsit\u0103 \u00een culoarea clientului. Este posibil\u0103 echiparea geamului frontal cu sistem de ridicare cu gaz, ceea ce va facilita foarte mult procesul de \u00eengrijire a vitrinei.<\/p>\n<p>Caracteristici<br \/>\nLungime (fara panouri laterale): 2500 mm<br \/>\nLatime: 1170 mm<br \/>\nInaltime: 1250 mm<br \/>\nGreutate neta: 260 kg<br \/>\nSuprafata expozitie: 2,0 m\u00b2<br \/>\nAd\u00e2ncimea de afi\u0219are a produsului: 800 mm<br \/>\nVolumul camerei de depozitare: 450 dm\u00b3<br \/>\nTemperatura ambiental\u0103 recomandat\u0103: +16&#8230;+25\u00b0C<br \/>\nInterval de temperatur\u0103 de func\u021bionare: -2&#8230;+8\u00b0C<br \/>\nClasa climatica: 3<br \/>\nTip de racire: gravitatie<br \/>\nAgent frigorific: R290<br \/>\nCO\u2082: 0,0 t<br \/>\nCantitate de agent frigorific: 0,145 kg<br \/>\nTensiune de alimentare: 220-240\/50 V\/HZ<br \/>\nCurent nominal: 1,9 A<br \/>\nConsum de energie electric\u0103 (la 25\u00b0C): 7,9 kW\/24 ore<br \/>\nRegulator de temperatura: electronic<\/p>\n","protected":false},"excerpt":{"rendered":"<p>Vitrin\u0103 frigorific\u0103 pentru gastronomie. Lungime (fara panouri laterale): 2500 mm; Latime: 1170 mm; Inaltime: 1250 mm; Greutate neta: 260 kg; Suprafata expozitie: 2,0 m\u00b2; Ad\u00e2ncimea de afi\u0219are a produsului: 800 mm; Volumul camerei de depozitare: 450 dm\u00b3; Temperatura ambiental\u0103 recomandat\u0103: +16&#8230;+25\u00b0C; Interval de temperatur\u0103 de func\u021bionare: -2&#8230;+8\u00b0C; Clasa climatica: 3; Tip de racire: gravitatie; Agent frigorific: R290; CO\u2082: 0,0 t; Cantitate de agent frigorific: 0,145 kg; Tensiune de alimentare: 220-240\/50 V\/HZ; Curent nominal: 1,9 A; Consum de energie electric\u0103 (la 25\u00b0C): 7,9 kW\/24 ore; Regulator de temperatura: electronic.<\/p>\n","protected":false},"featured_media":41967,"template":"","meta":[],"_links":{"self":[{"href":"https:\/\/evotek.md\/ro\/wp-json\/wp\/v2\/product\/41964"}],"collection":[{"href":"https:\/\/evotek.md\/ro\/wp-json\/wp\/v2\/product"}],"about":[{"href":"https:\/\/evotek.md\/ro\/wp-json\/wp\/v2\/types\/product"}],"wp:featuredmedia":[{"embeddable":true,"href":"https:\/\/evotek.md\/ro\/wp-json\/wp\/v2\/media\/41967"}],"wp:attachment":[{"href":"https:\/\/evotek.md\/ro\/wp-json\/wp\/v2\/media?parent=41964"}],"curies":[{"name":"wp","href":"https:\/\/api.w.org\/{rel}","templated":true}]}}