{"id":41953,"date":"2025-01-17T13:09:48","date_gmt":"2025-01-17T13:09:48","guid":{"rendered":"https:\/\/evotek.md\/?post_type=product&#038;p=41953"},"modified":"2025-01-17T13:15:23","modified_gmt":"2025-01-17T13:15:23","slug":"ac-spg2","status":"publish","type":"product","link":"https:\/\/evotek.md\/ro\/produse\/accesorii-si-inventar-bucatarie\/inventar-pizzerie\/ac-spg2\/","title":{"rendered":"PERIE PENTRU GRILL 320&#215;300 -GIMETAL-AC-SPG2"},"content":{"rendered":"<p><strong>PERIE PENTRU GRILL 320&#215;300 -GIMETAL-AC-SPG2<\/strong><\/p>\n<p>Perie pentru grill cu peri din o\u021bel inoxidabil \u0219i un m\u00e2ner din polimer de \u00eenalt\u0103 rezisten\u021b\u0103, care este rezistent la impact \u0219i zg\u00e2rieturi.<\/p>\n<p>Caracteristici<br \/>\nAd\u00e2ncime: 320 mm<br \/>\nInaltime: 300 mm<br \/>\nDimensiuni cap: 175x100x60 mm<br \/>\n\u00cen\u0103l\u021bimea perilor: 30 mm<br \/>\nGreutate (fara ambalaj): 0,342 kg<br \/>\nPerie: peri din o\u021bel inoxidabil<br \/>\nM\u00e2ner: realizat din polimer de \u00eenalt\u0103 rezisten\u021b\u0103<br \/>\nTara de origine: Italia<\/p>\n","protected":false},"excerpt":{"rendered":"<p>Perie pentru grill. Ad\u00e2ncime: 320 mm; Inaltime: 300 mm; Dimensiuni cap: 175x100x60 mm; \u00cen\u0103l\u021bimea perilor: 30 mm; Greutate (fara ambalaj): 0,342 kg; Perie: peri din o\u021bel inoxidabil; M\u00e2ner: realizat din polimer de \u00eenalt\u0103 rezisten\u021b\u0103; Tara de origine: Italia.<\/p>\n","protected":false},"featured_media":41956,"template":"","meta":[],"_links":{"self":[{"href":"https:\/\/evotek.md\/ro\/wp-json\/wp\/v2\/product\/41953"}],"collection":[{"href":"https:\/\/evotek.md\/ro\/wp-json\/wp\/v2\/product"}],"about":[{"href":"https:\/\/evotek.md\/ro\/wp-json\/wp\/v2\/types\/product"}],"wp:featuredmedia":[{"embeddable":true,"href":"https:\/\/evotek.md\/ro\/wp-json\/wp\/v2\/media\/41956"}],"wp:attachment":[{"href":"https:\/\/evotek.md\/ro\/wp-json\/wp\/v2\/media?parent=41953"}],"curies":[{"name":"wp","href":"https:\/\/api.w.org\/{rel}","templated":true}]}}