{"id":4195,"date":"2020-03-05T17:32:28","date_gmt":"2020-03-05T17:32:28","guid":{"rendered":"https:\/\/evotek.md\/?post_type=product&#038;p=4195"},"modified":"2020-03-05T17:32:28","modified_gmt":"2020-03-05T17:32:28","slug":"vitrina-frigorifica-pentru-patiserie-vhk-1500-exclusiv","status":"publish","type":"product","link":"https:\/\/evotek.md\/ro\/produse\/linii-de-distributie\/linie-deservire-exclusiv\/vitrina-frigorifica-pentru-patiserie-vhk-1500-exclusiv\/","title":{"rendered":"Vitrin\u0103 frigorific\u0103 pentru patiserie VHK-1500 Exclusiv"},"content":{"rendered":"<p>Vitrin\u0103 frigorific\u0103 pentru patiserie VHK-1500 Exclusiv este proiectat\u0103 pentru demonstrarea \u0219i distribuirea diverselor feluri de m\u00e2ncare, care necesit\u0103 depozitarea \u00een stare rece. Unitatea de control v\u0103 permite s\u0103 seta\u021bi \u0219i s\u0103 controla\u021bi regimul de temperatur\u0103 al vitrinei frigorifice. Vaporizatorul unit\u0103\u021bii frigorifice este situat \u00een partea superioar\u0103 a vitrinei de patiserie, care asigur\u0103 r\u0103cirea rapid\u0103 \u00een interiorul vitrinei.<\/p>\n<p>U\u0219ile glisante in sus a vitrinei asigur\u0103 o extrac\u021bie convenabil\u0103 a vaselor cu bucate, ceea ce v\u0103 permite s\u0103 utiliza\u021bi ergonomic \u00eentregul volum al vitrinei f\u0103r\u0103 o pierdere mare de aer rece .<\/p>\n<p>Tipul echipamentului Contor frigorific<\/p>\n<p>Tensiune, V 220<\/p>\n<p>Putere, kW 0,5<\/p>\n<p>Domeniul de control al temperaturii, \u0421 +2 &#8230; + 6<\/p>\n<p>Dimensiuni (L \/ W \/ H), mm. 1200x700x1800<\/p>\n<p>Greutate, kg 145<\/p>\n<p>&nbsp;<\/p>\n","protected":false},"excerpt":{"rendered":"<p>Linie de autoservire Exclusiv.Vitrin\u0103 frigorific\u0103 pentru patiserie. R\u0103cire tip static. Regim temperatur\u0103 +2\u2026+6. Iluminare interioar\u0103. Dezghe\u021bare automata. Putere: 0,25 kW. Dimensiuni:1200x700x1800mm<\/p>\n","protected":false},"featured_media":4194,"template":"","meta":[],"_links":{"self":[{"href":"https:\/\/evotek.md\/ro\/wp-json\/wp\/v2\/product\/4195"}],"collection":[{"href":"https:\/\/evotek.md\/ro\/wp-json\/wp\/v2\/product"}],"about":[{"href":"https:\/\/evotek.md\/ro\/wp-json\/wp\/v2\/types\/product"}],"wp:featuredmedia":[{"embeddable":true,"href":"https:\/\/evotek.md\/ro\/wp-json\/wp\/v2\/media\/4194"}],"wp:attachment":[{"href":"https:\/\/evotek.md\/ro\/wp-json\/wp\/v2\/media?parent=4195"}],"curies":[{"name":"wp","href":"https:\/\/api.w.org\/{rel}","templated":true}]}}