{"id":41946,"date":"2025-01-17T12:40:50","date_gmt":"2025-01-17T12:40:50","guid":{"rendered":"https:\/\/evotek.md\/?post_type=product&#038;p=41946"},"modified":"2025-01-17T13:04:04","modified_gmt":"2025-01-17T13:04:04","slug":"gimetal-vpft33","status":"publish","type":"product","link":"https:\/\/evotek.md\/ro\/produse\/accesorii-si-inventar-bucatarie\/inventar-pizzerie\/gimetal-vpft33\/","title":{"rendered":"TAVA DIN ALUMINIU PERFORATA PENTRU PIZZA, 6 SEGMENTE, \u00d833 cm -GIMETAL-VPFT33"},"content":{"rendered":"<p><strong>TAVA DIN ALUMINIU PERFORATA PENTRU PIZZA, 6 SEGMENTE, \u00d833 cm -GIMETAL-VPFT33<\/strong><\/p>\n<p>Tava rotunda pentru servirea pizza\/focaccia direct la masa clientului. Picioare speciale \u0219i suprafa\u021ba perforat\u0103 permit aburului \u0219i umezelii s\u0103 se elimine usor, p\u0103str\u00e2nd aroma produsului neschimbat\u0103.\u00a0Designul cu margini v\u0103 permite s\u0103 t\u0103ia\u021bi rapid \u0219i u\u0219or pizza \u00een p\u0103r\u021bi egale.<\/p>\n<p>100% Made in Italia<\/p>\n<p>Caracteristici<br \/>\nDimensiuni: diametru 33 cm<br \/>\nMaterial: tabla de aluminiu extrudat<br \/>\nFolosita pentru expunerea pizzei, datorita orificiilor aburul iese fara a crea umezeala, pizza ramane crocanta.<\/p>\n","protected":false},"excerpt":{"rendered":"<p>Tava rotunda din aluminiu, perforata. Dimensiuni: diametru 33 cm; Material: tabla de aluminiu extrudat; Folosita pentru expunerea pizzei, datorita orificiilor aburul iese fara a crea umezeala, pizza ramane crocanta.<\/p>\n","protected":false},"featured_media":41949,"template":"","meta":[],"_links":{"self":[{"href":"https:\/\/evotek.md\/ro\/wp-json\/wp\/v2\/product\/41946"}],"collection":[{"href":"https:\/\/evotek.md\/ro\/wp-json\/wp\/v2\/product"}],"about":[{"href":"https:\/\/evotek.md\/ro\/wp-json\/wp\/v2\/types\/product"}],"wp:featuredmedia":[{"embeddable":true,"href":"https:\/\/evotek.md\/ro\/wp-json\/wp\/v2\/media\/41949"}],"wp:attachment":[{"href":"https:\/\/evotek.md\/ro\/wp-json\/wp\/v2\/media?parent=41946"}],"curies":[{"name":"wp","href":"https:\/\/api.w.org\/{rel}","templated":true}]}}