{"id":41925,"date":"2025-01-09T12:51:50","date_gmt":"2025-01-09T12:51:50","guid":{"rendered":"https:\/\/evotek.md\/?post_type=product&#038;p=41925"},"modified":"2025-01-09T13:12:45","modified_gmt":"2025-01-09T13:12:45","slug":"itv-orion-20","status":"publish","type":"product","link":"https:\/\/evotek.md\/ro\/produse\/echipamente-pentru-bar-si-cafea\/masina-de-produs-gheata-2-echipamente-pentru-bar-si-cafea\/itv-orion-20\/","title":{"rendered":"MASINA DE PRODUS GHEATA (GLONT) 22 kg\/24h -ITV-ORION 20"},"content":{"rendered":"<p><strong>MASINA DE PRODUS GHEATA (GLONT) 22 kg\/24h -ITV-ORION 20<\/strong>&#8211; Producator de gheata din seria ORION a brandului ITV pentru producerea de cuburi solide si cristale de gheata cc 36-40 (36-40 grame). Orion 20 este singurul model capabil s\u0103 produc\u0103 cuburi de 14\/17CC. Aceast\u0103 ma\u0219in\u0103 este cea mai competitiv\u0103 de pe pia\u021b\u0103 pentru astfel de cuburi, oferind o func\u021bionare electromagnetic\u0103 simpl\u0103.<\/p>\n<p>Acest produs de ghea\u021b\u0103 folose\u0219te o nou\u0103 tehnologie numit\u0103 pomp\u0103 de injec\u021bie.<br \/>\nDimensiunile seriei ORION fac ca aceste utilaje sa fie ideale pentru modelele compacte instalate sub blat.<br \/>\nAcest cub de ghea\u021b\u0103 \u00ee\u021bi men\u021bine b\u0103utura rece f\u0103r\u0103 a o uda \u0219i se potrive\u0219te \u00een orice tip de recipient. Foarte recomandat pentru Bebias Premium. Metoda de fabricare a ghe\u021bii cu condensator r\u0103cit cu aer, care este cea mai comun\u0103 de pe pia\u021b\u0103. De\u0219i r\u0103cirea cu ap\u0103 ofer\u0103 o eficien\u021b\u0103 mai mare, are \u0219i un consum mai mare de ap\u0103. Produc\u0103torii de ghea\u021b\u0103 care folosesc condensatoare r\u0103cite cu aer au un pre\u021b de achizi\u021bie mai mic \u0219i costuri mai mici pentru consumatori, ceea ce le face o alternativ\u0103 mai bun\u0103.<\/p>\n<p>Carcasa si usa din otel inoxidabil AISI 304.<br \/>\nExist\u0103 \u0219ase modele disponibile, de la capacitate mic\u0103 la mare \u0219i capacitate de stocare.<br \/>\nToate modelele sus\u021bin picioare feminine, m\u0103resc \u00een\u0103l\u021bimea ma\u0219inii cu 90 mm \u0219i sunt, de asemenea, reglabile p\u00e2n\u0103 la 165 mm.<br \/>\nAre certificate CE \u0219i ISO 9001.<\/p>\n<p>Caracteristici<br \/>\nR\u0103cirea motorului: AER (ap\u0103 op\u021bional\u0103)<br \/>\nProductie: 23 kg\/24 ore<br \/>\nCapacitate: 6 kg\/162 cuburi<br \/>\nCuburi pe ciclu: 18<br \/>\nCompresor: 1\/4 CP<br \/>\nGreutate: 32 kg<br \/>\nPutere: 260 W<br \/>\nTensiune: 230 V, monofazat<br \/>\nDimensiuni: 350x475x595 mm<br \/>\nIntrare ap\u0103 3\/4&#8243;<br \/>\nComutator: Pornit\/Oprit<br \/>\nConectare la alimentarea cu ap\u0103<br \/>\nConectarea cablului Schuko<br \/>\nDou\u0103 filtre mecanice<\/p>\n","protected":false},"excerpt":{"rendered":"<p>Ma\u0219in\u0103 de produs chea\u021b\u0103. R\u0103cirea motorului: AER (ap\u0103 op\u021bional\u0103); Productie: 23 kg\/24 ore; Capacitate: 6 kg\/162 cuburi; Cuburi pe ciclu: 18; Compresor: 1\/4 CP; Greutate: 32 kg; Putere: 260 W; Tensiune: 230 V, monofazat; Dimensiuni: 350x475x595 mm; Intrare ap\u0103 3\/4&#8243;; Comutator: Pornit\/Oprit; Conectare la alimentarea cu ap\u0103; Conectarea cablului Schuko; Dou\u0103 filtre mecanice.<\/p>\n","protected":false},"featured_media":41928,"template":"","meta":[],"_links":{"self":[{"href":"https:\/\/evotek.md\/ro\/wp-json\/wp\/v2\/product\/41925"}],"collection":[{"href":"https:\/\/evotek.md\/ro\/wp-json\/wp\/v2\/product"}],"about":[{"href":"https:\/\/evotek.md\/ro\/wp-json\/wp\/v2\/types\/product"}],"wp:featuredmedia":[{"embeddable":true,"href":"https:\/\/evotek.md\/ro\/wp-json\/wp\/v2\/media\/41928"}],"wp:attachment":[{"href":"https:\/\/evotek.md\/ro\/wp-json\/wp\/v2\/media?parent=41925"}],"curies":[{"name":"wp","href":"https:\/\/api.w.org\/{rel}","templated":true}]}}