{"id":41914,"date":"2025-01-09T09:32:27","date_gmt":"2025-01-09T09:32:26","guid":{"rendered":"https:\/\/evotek.md\/?post_type=product&#038;p=41914"},"modified":"2025-01-09T09:45:39","modified_gmt":"2025-01-09T09:45:39","slug":"ugur-udd-300-scebn","status":"publish","type":"product","link":"https:\/\/evotek.md\/ro\/produse\/echipamente-frigorifice\/lada-frigorifica-pentru-congelare\/ugur-udd-300-scebn\/","title":{"rendered":"LADA FRIGORIFICA PENTRU CONGELARE, CAPAC TRANSPARENT GLISANT, 286 LITRI -UGUR-UDD 300 SCEBN"},"content":{"rendered":"<p><strong>LADA FRIGORIFICA PENTRU CONGELARE, CAPAC TRANSPARENT GLISANT, 286 LITRI -UGUR-UDD 300 SCEBN<\/strong>&#8211; Congelatorul lada este conceput pentru expunerea, congelarea si depozitarea pe termen lung a alimentelor si semifabricatelor in unitatile de catering si comert cu amanuntul.<\/p>\n<p>Particularitati:<br \/>\nRo\u021bi \u00eent\u0103rite pentru o manevrabilitate u\u0219oar\u0103<br \/>\nMarginea din aluminiu<br \/>\nCadru din plastic<br \/>\nCapac curbat \u00eenclinat din sticl\u0103<br \/>\nSticl\u0103 special\u0103 c\u0103lit\u0103 cu acoperire reflectorizant\u0103 \u00een infraro\u0219u<br \/>\n\u00cencuietoare \u00eencorporat\u0103<\/p>\n<p>Caracteristici<br \/>\nTip: congelator<br \/>\nDesign: orizontal<br \/>\nInterval de temperatur\u0103: de la -22 la -12 \u00b0C<br \/>\nVolum: de la 218 la 286 l<br \/>\nCoperta: transparenta<br \/>\nNumar de cosuri incluse: 1<br \/>\nTensiune: 220 V<br \/>\nConsum de energie: 0,112 kW\/h<br \/>\nCuloarea carcasei: alb<br \/>\nCuloare finisaj: gri<br \/>\nLatime: 1030 mm<br \/>\nAd\u00e2ncime: 650 mm<br \/>\nInaltime: 804 mm<br \/>\nGreutate (fara ambalaj): 52 kg<br \/>\nGreutate (cu ambalaj): 63 kg<br \/>\n\u021aara de origine: Turcia, Ugur<\/p>\n","protected":false},"excerpt":{"rendered":"<p>Lad\u0103 frigorific\u0103 pentru congelare. Tip: congelator; Design: orizontal; Interval de temperatur\u0103: de la -22 la -12 \u00b0C; Volum: de la 218 la 286 l; Coperta: transparenta; Numar de cosuri incluse: 1; Tensiune: 220 V; Consum de energie: 0,112 kW\/h; Culoarea carcasei: alb; Culoare finisaj: gri; Latime: 1030 mm; Ad\u00e2ncime: 650 mm; Inaltime: 804 mm; Greutate (fara ambalaj): 52 kg; Greutate (cu ambalaj): 63 kg; \u021aara de origine: Turcia, Ugur.<\/p>\n","protected":false},"featured_media":41923,"template":"","meta":[],"_links":{"self":[{"href":"https:\/\/evotek.md\/ro\/wp-json\/wp\/v2\/product\/41914"}],"collection":[{"href":"https:\/\/evotek.md\/ro\/wp-json\/wp\/v2\/product"}],"about":[{"href":"https:\/\/evotek.md\/ro\/wp-json\/wp\/v2\/types\/product"}],"wp:featuredmedia":[{"embeddable":true,"href":"https:\/\/evotek.md\/ro\/wp-json\/wp\/v2\/media\/41923"}],"wp:attachment":[{"href":"https:\/\/evotek.md\/ro\/wp-json\/wp\/v2\/media?parent=41914"}],"curies":[{"name":"wp","href":"https:\/\/api.w.org\/{rel}","templated":true}]}}