{"id":41904,"date":"2025-01-09T08:46:29","date_gmt":"2025-01-09T08:46:29","guid":{"rendered":"https:\/\/evotek.md\/?post_type=product&#038;p=41904"},"modified":"2025-01-09T08:54:45","modified_gmt":"2025-01-09T08:54:45","slug":"hkn-dhd16","status":"publish","type":"product","link":"https:\/\/evotek.md\/ro\/produse\/echipamente-termice\/deshidrator\/hkn-dhd16\/","title":{"rendered":"DESHIDRATOR 16 NIVELE -HKN-DHD16"},"content":{"rendered":"<p><strong>DESHIDRATOR 16 NIVELE &#8211;<\/strong><strong>HKN-DHD16<\/strong><strong>&#8211; <\/strong>Acest echipament este destinat utiliz\u0103rii \u00een unit\u0103\u021bile de alimenta\u021bie public\u0103 \u0219i este utilizat pentru deshidratarea (uscarea) produselor precum fructe de p\u0103dure, fructe, legume, pe\u0219te etc. Carcasa este din inox.<\/p>\n<p>Caracteristici<br \/>\nTip deshidratator: electric<br \/>\n16 nivele<br \/>\n16 grile incluse<br \/>\nDimensiunea grilelor: 490&#215;370 mm<br \/>\nDistan\u021ba dintre grile: 35 mm<br \/>\nTemperatura: 30-90 C<br \/>\nTensiune: 220 V<br \/>\nLungime: 520 mm<br \/>\nLatime: 510 mm<br \/>\nInaltime: 670 mm<br \/>\nGreutate neta: 21,4 kg<br \/>\nGreutate bruta: 28 kg<br \/>\nPutere: 1 kW<br \/>\n2 ventilatoare<br \/>\nCronometru de la 30 min. p\u00e2n\u0103 la 24 de ore<br \/>\nMaterial carcas\u0103 \u0219i grile: o\u021bel inoxidabil<br \/>\nControl tactil<\/p>\n<p>&nbsp;<\/p>\n","protected":false},"excerpt":{"rendered":"<p>Deshidrator cu 16 nivele. Tip deshidratator: electric; 16 nivele; 16 grile incluse; Dimensiunea grilelor: 490&#215;370 mm; Distan\u021ba dintre grile: 35 mm; Temperatura: 30-90 C; Tensiune: 220 V; Lungime: 520 mm; Latime: 510 mm; Inaltime: 670 mm; Greutate neta: 21,4 kg; Greutate bruta: 28 kg; Putere: 1 kW; 2 ventilatoare; Cronometru de la 30 min. p\u00e2n\u0103 la 24 de ore; Material carcas\u0103 \u0219i grile: o\u021bel inoxidabil; Control tactil.<\/p>\n","protected":false},"featured_media":41906,"template":"","meta":[],"_links":{"self":[{"href":"https:\/\/evotek.md\/ro\/wp-json\/wp\/v2\/product\/41904"}],"collection":[{"href":"https:\/\/evotek.md\/ro\/wp-json\/wp\/v2\/product"}],"about":[{"href":"https:\/\/evotek.md\/ro\/wp-json\/wp\/v2\/types\/product"}],"wp:featuredmedia":[{"embeddable":true,"href":"https:\/\/evotek.md\/ro\/wp-json\/wp\/v2\/media\/41906"}],"wp:attachment":[{"href":"https:\/\/evotek.md\/ro\/wp-json\/wp\/v2\/media?parent=41904"}],"curies":[{"name":"wp","href":"https:\/\/api.w.org\/{rel}","templated":true}]}}