{"id":41822,"date":"2024-12-16T11:10:08","date_gmt":"2024-12-16T11:10:08","guid":{"rendered":"https:\/\/evotek.md\/?post_type=product&#038;p=41822"},"modified":"2024-12-16T11:34:24","modified_gmt":"2024-12-16T11:34:24","slug":"m-09400030","status":"publish","type":"product","link":"https:\/\/evotek.md\/ro\/produse\/echipamente-frigorifice\/dulapuri-frigorifice\/m-09400030\/","title":{"rendered":"DULAP FRIGORIFIC CU USA OARBA, DIN INOX, 700 LITRI, PE ROTI -M-09400030"},"content":{"rendered":"<p><strong>DULAP FRIGORIFIC CU USA OARBA, DIN INOX, 700 LITRI -M-09400030<\/strong><\/p>\n<div>\n<div>Acest frigider frumos finisat p\u0103streaz\u0103 legumele, m\u00e2nc\u0103rurile, carnea \u0219i pe\u0219tele proaspete \u0219i reci. Acest frigider din o\u021bel inoxidabil are o capacitate total\u0103 de 700 de litri \u0219i are trei rafturi reglabile, iluminare cu LED \u0219i o u\u0219\u0103 cu auto\u00eenchidere.<\/div>\n<div><\/div>\n<div>Frigider de calitate<\/div>\n<div>Frigiderul \u0219i u\u0219a sunt realizate \u00een \u00eentregime din o\u021bel inoxidabil de \u00eenalt\u0103 calitate, ceea ce previne petele de rugin\u0103. U\u0219a se \u00eenchide automat \u0219i are sigiliu magnetic. De asemenea, pute\u021bi \u00eencuia frigiderul folosind cheia inclus\u0103. Interiorul frigiderului are col\u021buri rotunjite, ceea ce \u00eel face u\u0219or de cur\u0103\u021bat. Frigiderul mentine o temperatura buna, intrucat peretii au izolatie de 6 cm grosime.<\/div>\n<div><\/div>\n<div>Rafturi reglabile<\/div>\n<div>Frigiderul vine cu trei rafturi standard. Grilele sunt 2\/1 GN \u0219i includ truse de ghidare. Pute\u021bi regla cu u\u0219urin\u021b\u0103 ghidajele \u00een trepte de aproximativ 5 cm \u0219i pute\u021bi plasa grilajele dup\u0103 cum dori\u021bi. Gr\u0103tarele din o\u021bel inoxidabil au un strat rezistent la pete pentru un finisaj curat. Partea din spate a gr\u0103tarului are o margine ridicat\u0103 care \u00eempiedic\u0103 lipirea alimentelor de peretele din spate \u0219i permite o bun\u0103 circula\u021bie a aerului.<\/div>\n<div><\/div>\n<div>Frigider cu economie de energie<\/div>\n<div>C\u00e2nd deschide\u021bi u\u0219a, luminile LED din prag se aprind imediat. Controlerul digital v\u0103 permite s\u0103 seta\u021bi temperatura dorit\u0103 folosind butoanele s\u0103geat\u0103. Frigiderul are o temperatur\u0103 reglabil\u0103 de la -2 la 10 \u00b0C. Afi\u0219ajul digital arat\u0103 clar temperatura frigiderului. Frigiderul este racit printr-un sistem de racire ventilat iar peretii au izolatie de 6 cm. Garniturile de cauciuc de pe usa frigiderului sunt incalzite, ceea ce previne inghetul. Un ciclu de dezghe\u021bare automat\u0103 care \u00eencepe la fiecare \u0219ase ore asigur\u0103, de asemenea, c\u0103 pere\u021bii r\u0103m\u00e2n f\u0103r\u0103 ghea\u021b\u0103.<\/div>\n<div><\/div>\n<div>Cur\u0103\u021barea frigiderului<\/div>\n<div>Asigura\u021bi-v\u0103 c\u0103 \u0219techerul este deconectat atunci c\u00e2nd cur\u0103\u021ba\u021bi frigiderul. Goli\u021bi frigiderul \u0219i \u0219terge\u021bi interiorul cu o c\u00e2rp\u0103 moale \u0219i umed\u0103. Pentru a face acest lucru, utiliza\u021bi ap\u0103 \u0219i un detergent u\u0219or. Nu uita\u021bi s\u0103 cur\u0103\u021ba\u021bi bine cauciucul u\u0219ii! Usca\u021bi interiorul \u0219i cauciucul u\u0219ii cu o c\u00e2rp\u0103 moale. Cur\u0103\u021ba\u021bi \u0219i usca\u021bi rafturile \u00een acela\u0219i mod \u0219i pune\u021bi-le la \u00een\u0103l\u021bimea dorit\u0103 \u00een frigider. Pute\u021bi cur\u0103\u021ba exteriorul cu o c\u00e2rp\u0103 moale umed\u0103. Odat\u0103 ce totul este curat, pute\u021bi porni din nou frigiderul.<\/div>\n<div><\/div>\n<div>C\u0103uta\u021bi un frigider spa\u021bios, u\u0219or de \u00eencadrat \u00een buc\u0103t\u0103rie \u0219i u\u0219or de \u00eentre\u021binut? Atunci acest frigider este alegerea potrivit\u0103 pentru tine. Preferi un frigider mai mare sau unul cu u\u0219i de sticl\u0103? R\u0103sfoi\u021bi gama noastr\u0103 de frigidere pentru a afla care model este cel mai potrivit pentru dvs. A\u021bi prefera sfatul unuia dintre speciali\u0219tii no\u0219tri? Apoi contacta\u021bi serviciul nostru pentru clien\u021bi.<\/div>\n<\/div>\n<p>Caracteristici<br \/>\nTemperatura ambientala maxima: 43 \u00b0C<br \/>\nTip de agent frigorific: 290 rub.<br \/>\nCantitate agent frigorific: 95 g<br \/>\nTip model: Model de podea<br \/>\nAre 4 roti cu frana<br \/>\nNumar de usi: 1<br \/>\nCarcasa \u0219i u\u0219\u0103: o\u021bel inoxidabil<br \/>\nGrosimea izola\u021biei: 6 cm<br \/>\nTip de afi\u0219are: digital<br \/>\nNum\u0103rul de grile: 3 buc. 2\/1 GN<br \/>\nDistan\u021ba dintre grila \u0219i tava de copt: 5 cm<br \/>\nCiclu special de r\u0103cire pentru a reduce formarea de ghea\u021b\u0103<br \/>\nInterval de temperatur\u0103 de la -2 la 10\u00b0C<br \/>\nControl digital al temperaturii (Dixell)<br \/>\nGreutate neta: 103 kg<br \/>\nVolum net: 650 litri<br \/>\nDimensiuni exterioare (LaxAdxIn): 74,5x83x202 cm<br \/>\nDimensiuni interioare (LaxAdxIn): 62x70x141,5 cm<br \/>\nConexiune: 230 V \/ 50 Hz \/ 1 faza 233 W<br \/>\nInclude 3 recipiente din plastic 54&#215;65 cm<\/p>\n<p>&nbsp;<\/p>\n<p>&nbsp;<\/p>\n","protected":false},"excerpt":{"rendered":"<p>Dulap frigorific din inox, cu un volum de 700 litri. Temperatura ambientala maxima: 43 \u00b0C; Tip de agent frigorific: 290 rub.; Cantitate agent frigorific: 95 g; Tip model: Model de podea; Are 4 roti cu frana; Numar de usi: 1; Carcasa \u0219i u\u0219\u0103: o\u021bel inoxidabil; Grosimea izola\u021biei: 6 cm; Tip de afi\u0219are: digital; Num\u0103rul de grile: 3 buc. 2\/1 GN; Distan\u021ba dintre grila \u0219i tava de copt: 5 cm; Ciclu special de r\u0103cire pentru a reduce formarea de ghea\u021b\u0103; Interval de temperatur\u0103 de la -2 la 10\u00b0C; Control digital al temperaturii (Dixell); Greutate neta: 103 kg; Volum net: 650 litri; Dimensiuni exterioare (LaxAdxIn): 74,5x83x202 cm; Dimensiuni interioare (LaxAdxIn): 62x70x141,5 cm; Conexiune: 230 V \/ 50 Hz \/ 1 faza 233 W; Include 3 recipiente din plastic 54&#215;65 cm.<\/p>\n<p>&nbsp;<\/p>\n","protected":false},"featured_media":20753,"template":"","meta":[],"_links":{"self":[{"href":"https:\/\/evotek.md\/ro\/wp-json\/wp\/v2\/product\/41822"}],"collection":[{"href":"https:\/\/evotek.md\/ro\/wp-json\/wp\/v2\/product"}],"about":[{"href":"https:\/\/evotek.md\/ro\/wp-json\/wp\/v2\/types\/product"}],"wp:featuredmedia":[{"embeddable":true,"href":"https:\/\/evotek.md\/ro\/wp-json\/wp\/v2\/media\/20753"}],"wp:attachment":[{"href":"https:\/\/evotek.md\/ro\/wp-json\/wp\/v2\/media?parent=41822"}],"curies":[{"name":"wp","href":"https:\/\/api.w.org\/{rel}","templated":true}]}}