{"id":41800,"date":"2024-12-16T10:15:45","date_gmt":"2024-12-16T10:15:45","guid":{"rendered":"https:\/\/evotek.md\/?post_type=product&#038;p=41800"},"modified":"2024-12-16T10:37:41","modified_gmt":"2024-12-16T10:37:41","slug":"m-09400002","status":"publish","type":"product","link":"https:\/\/evotek.md\/ro\/produse\/echipamente-frigorifice\/dulapuri-frigorifice\/m-09400002\/","title":{"rendered":"DULAP FRIGORIFIC CU USA OARBA, DIN INOX, 600 LITRI, PE ROTI -M-09400002"},"content":{"rendered":"<p><strong>DULAP FRIGORIFIC CU USA OARBA, DIN INOX, 600 LITRI -M-09400002<\/strong><\/p>\n<div>Aceast\u0103 r\u0103citoare de pe\u0219te este un must-have dac\u0103 vinde\u021bi pe\u0219te sau ave\u021bi pe\u0219te \u00een meniu! Acest frigider este special conceput pentru depozitarea la rece a pe\u0219telui \u0219i, datorit\u0103 sistemului s\u0103u special de r\u0103cire, asigur\u0103 ca pe\u0219tele s\u0103 nu se usuce.<\/div>\n<div><\/div>\n<div>Sistem special de racire<\/div>\n<div>Aceast\u0103 r\u0103citoare pentru pe\u0219te din o\u021bel inoxidabil este special conceput\u0103 pentru depozitarea pe\u0219telui. Frigiderul este echipat cu un sistem de racire static cu ventilator. Acest sistem r\u0103ce\u0219te rapid pe\u0219tele \u0219i asigur\u0103 c\u0103 pe\u0219tele nu se usuc\u0103. Datorit\u0103 sistemului de r\u0103cire static\u0103, condensul \u0219i formarea ghe\u021bii au loc mai rapid. Prin urmare, excesul de ap\u0103 poate fi scurs \u00een tava de picurare printr-un orificiu din fund. Acest lucru reduce formarea de ghea\u021b\u0103 \u00een frigider. Temperatura este reglabil\u0103 de la -2 la 10\u00b0C cu ajutorul butoanelor s\u0103ge\u021bi \u0219i poate fi citit\u0103 cu u\u0219urin\u021b\u0103 pe afi\u0219ajul digital. Pere\u021bii au o grosime izolatoare de 6 cm, ceea ce v\u0103 permite s\u0103 men\u021bine\u021bi temperatura dorit\u0103 \u00een frigider. \u00cen acest fel, v\u0103 pute\u021bi p\u0103stra pe\u0219tele proasp\u0103t \u0219i frumos.<\/div>\n<div><\/div>\n<div>Recipiente de depozitare incluse<\/div>\n<div>Racitorul pentru pe\u0219te vine standard cu \u0219apte recipiente din plastic cu dimensiunile 40 x 60 x 11 cm Aceste recipiente din plastic sunt u\u0219or de cur\u0103\u021bat \u0219i v\u0103 ajut\u0103 s\u0103 v\u0103 depozita\u021bi pe\u0219tele \u0219i crustaceele \u00een mod igienic. Pute\u021bi scoate cu u\u0219urin\u021b\u0103 recipientele de plastic din frigiderul pentru pe\u0219te pentru a vedea rapid c\u00e2t stoc ave\u021bi. Distan\u021ba de ghidare dintre recipientele din plastic este de aproximativ 5 cm Deoarece exist\u0103 spa\u021biu \u00eentre recipientele din plastic, aerul rece circul\u0103 eficient \u0219i temperatura este distribuit\u0103 uniform.<\/div>\n<div><\/div>\n<div>Frigider pentru pe\u0219te cu economie de energie<\/div>\n<div>Pe l\u00e2ng\u0103 un sistem de r\u0103cire eficient, acest frigider are func\u021bii mai eficiente din punct de vedere energetic. Dispune de iluminare LED \u0219i cauciucuri pentru u\u0219i care se \u00eenc\u0103lzesc pentru a preveni \u00eenghe\u021barea. U\u0219ile au sigiliu magnetic, astfel \u00eenc\u00e2t se \u00eenchid automat. De asemenea, pute\u021bi bloca r\u0103citorul pentru pe\u0219te pentru a preveni deschiderea inutil\u0103. Frigiderul are patru ro\u021bi, ale c\u0103ror ro\u021bi din fa\u021b\u0103 sunt echipate cu fr\u00e2n\u0103. Acest lucru face r\u0103citorul de pe\u0219te u\u0219or de mutat.<\/div>\n<div><\/div>\n<div>Cur\u0103\u021barea frigiderului de pe\u0219te<\/div>\n<div>Este important s\u0103 cur\u0103\u021ba\u021bi \u00een mod regulat frigiderul pentru pe\u0219te pentru a-i prelungi via\u021ba. Asigura\u021bi-v\u0103 c\u0103 frigiderul este deconectat \u0219i gol. Scoate\u021bi cele \u0219apte recipiente \u0219i sp\u0103la\u021bi-le cu o solu\u021bie de s\u0103pun de ap\u0103 fierbinte \u0219i detergent bl\u00e2nd. De asemenea, \u0219terge\u021bi interiorul r\u0103citorului de pe\u0219te cu ap\u0103 cu s\u0103pun \u0219i o c\u00e2rp\u0103 moale. Nu uita\u021bi s\u0103 cur\u0103\u021ba\u021bi garniturile de cauciuc de pe u\u0219\u0103. Odat\u0103 ce totul este curat, l\u0103sa\u021bi frigiderul s\u0103 se usuce sau \u0219terge\u021bi-l cu o c\u00e2rp\u0103 moale. Apoi pune\u021bi recipientele la locul lor. \u0218terge\u021bi exteriorul frigiderului cu o c\u00e2rp\u0103 moale \u0219i umed\u0103. De asemenea, nu uita\u021bi s\u0103 goli\u021bi tava de picurare \u00een mod regulat din cauza condensului. Apoi pute\u021bi porni din nou r\u0103citorul pentru pe\u0219te \u0219i \u00eel pute\u021bi umple cu mai mult pe\u0219te.<\/div>\n<p>Caracteristici<br \/>\nTemperatura ambientala maxima: 43 \u00b0C<br \/>\nTip de agent frigorific: 290 rub.<br \/>\nCantitate agent frigorific: 95 g<br \/>\nTip model: Model de podea<br \/>\nAre 4 roti cu frana<br \/>\nNumar de usi: 1<br \/>\nCarcasa \u0219i u\u0219\u0103: o\u021bel inoxidabil<br \/>\nGrosimea izola\u021biei: 6 cm<br \/>\nTip de afi\u0219are: digital<br \/>\nDistan\u021ba dintre grila \u0219i tava de copt: 5 cm<br \/>\nEchipat cu racire statica cu ventilator<br \/>\nInterval de temperatur\u0103 de la -2 la 10\u00b0C<br \/>\nControl digital al temperaturii (Dixell)<br \/>\nGreutate neta: 105 kg<br \/>\nVolum net: 600 litri<br \/>\nDimensiuni exterioare (LaxAdxIn): 68x82x198 cm<br \/>\nDimensiuni interioare (LaxAdxIn): 65 x68x140 cm<br \/>\nConexiune: 230 V \/ 50 Hz \/ 1 faza 208 W<br \/>\nInclude 7 recipiente din plastic 60x40x11 cm<br \/>\nInclude tava de picurare cu ghidaje<\/p>\n<p>&nbsp;<\/p>\n<p>&nbsp;<\/p>\n","protected":false},"excerpt":{"rendered":"<p>Dulap frigorific din inox, cu un volum de 600 litri. Temperatura ambientala maxima: 43 \u00b0C; Tip de agent frigorific: 290 rub.; Cantitate agent frigorific: 95 g; Tip model: Model de podea; Are 4 roti cu frana; Numar de usi: 1; Carcasa \u0219i u\u0219\u0103: o\u021bel inoxidabil; Grosimea izola\u021biei: 6 cm; Tip de afi\u0219are: digital; Distan\u021ba dintre grila \u0219i tava de copt: 5 cm; Echipat cu racire statica cu ventilator; Interval de temperatur\u0103 de la -2 la 10\u00b0C; Control digital al temperaturii (Dixell); Greutate neta: 105 kg; Volum net: 600 litri; Dimensiuni exterioare (LaxAdxIn): 68x82x198 cm; Dimensiuni interioare (LaxAdxIn): 65 x68x140 cm; Conexiune: 230 V \/ 50 Hz \/ 1 faza 208 W; Include 7 recipiente din plastic 60x40x11 cm; Include tava de picurare cu ghidaje.<\/p>\n<p>&nbsp;<\/p>\n","protected":false},"featured_media":20753,"template":"","meta":[],"_links":{"self":[{"href":"https:\/\/evotek.md\/ro\/wp-json\/wp\/v2\/product\/41800"}],"collection":[{"href":"https:\/\/evotek.md\/ro\/wp-json\/wp\/v2\/product"}],"about":[{"href":"https:\/\/evotek.md\/ro\/wp-json\/wp\/v2\/types\/product"}],"wp:featuredmedia":[{"embeddable":true,"href":"https:\/\/evotek.md\/ro\/wp-json\/wp\/v2\/media\/20753"}],"wp:attachment":[{"href":"https:\/\/evotek.md\/ro\/wp-json\/wp\/v2\/media?parent=41800"}],"curies":[{"name":"wp","href":"https:\/\/api.w.org\/{rel}","templated":true}]}}