{"id":41776,"date":"2024-12-16T09:18:38","date_gmt":"2024-12-16T09:18:38","guid":{"rendered":"https:\/\/evotek.md\/?post_type=product&#038;p=41776"},"modified":"2024-12-16T09:46:54","modified_gmt":"2024-12-16T09:46:54","slug":"zdrobitor-de-gheata-3-litri-m-08400300","status":"publish","type":"product","link":"https:\/\/evotek.md\/ro\/produse\/echipamente-pentru-bar-si-cafea\/masina-de-maruntit-gheata-2\/zdrobitor-de-gheata-3-litri-m-08400300\/","title":{"rendered":"ZDROBITOR DE GHEATA, 3 LITRI -M-08400300"},"content":{"rendered":"<div><strong>ZDROBITOR DE GHEATA, 3 LITRI -M-08400300<\/strong><\/div>\n<div><\/div>\n<div>Dac\u0103 cuburile de ghea\u021b\u0103 sunt prea mari, pute\u021bi folosi acest zdrobitor de ghea\u021b\u0103 pentru a le zdrobi \u0219i a v\u0103 p\u0103stra b\u0103uturile frumoase \u0219i reci. Pe m\u0103sur\u0103 ce ghea\u021ba pisat\u0103 se tope\u0219te, va dilua pu\u021bin b\u0103utura. Prin urmare, ghea\u021ba pisat\u0103 este folosit\u0103 \u00een principal pentru b\u0103uturi precum cocktailuri.<\/div>\n<div><\/div>\n<div>Concasor stabil de ghea\u021b\u0103<\/div>\n<div>Acest concasor de ghea\u021b\u0103 neagr\u0103 are un corp din aluminiu \u0219i patru picioare de cauciuc pentru a-l men\u021bine stabil pe blatul t\u0103u. Recipientul este realizat din policarbonat si are un capac cu senzor de siguranta. Dac\u0103 capacul este deschis, zdrobitorul de ghea\u021b\u0103 nu va func\u021biona. Odat\u0103 ce capacul este \u00eenchis corespunz\u0103tor, \u00eel pute\u021bi porni. \u00cen interiorul recipientului din policarbonat este o lam\u0103 ascu\u021bit\u0103 folosit\u0103 pentru a zdrobi ghea\u021ba. Ghea\u021ba zdrobit\u0103 iese din gura de scurgere, a\u0219a c\u0103 pute\u021bi pune cu u\u0219urin\u021b\u0103 un recipient sub el pentru a colecta ghea\u021ba zdrobit\u0103.<\/div>\n<div><\/div>\n<div>Puterea de zdrobire a ghe\u021bii<\/div>\n<div>Concasorul de ghea\u021b\u0103 este u\u0219or de utilizat. Mai \u00eent\u00e2i, umple\u021bi un recipient de plastic de 3 litri cu cuburi de ghea\u021b\u0103. \u00cenchide\u021bi str\u00e2ns capacul \u0219i pune\u021bi o tav\u0103 de ghea\u021b\u0103 sub gura de scurgere pentru a prinde ghea\u021ba. Porni\u021bi ma\u0219ina cu butonul pornit\/oprit \u0219i \u00een aproximativ 30 de secunde cuburile de ghea\u021b\u0103 se vor transforma \u00een ghea\u021b\u0103 pisat\u0103. C\u00e2nd toat\u0103 ghea\u021ba este zdrobit\u0103, opri\u021bi ma\u0219ina. A\u0219tepta\u021bi p\u00e2n\u0103 c\u00e2nd lama nu se mai rote\u0219te \u00eenainte de a deschide capacul. Apoi pute\u021bi reumple recipientul pentru a face un nou lot de ghea\u021b\u0103 pisat\u0103.<\/div>\n<div><\/div>\n<div>Func\u021bionare sigur\u0103<\/div>\n<div>Dup\u0103 cum sa men\u021bionat mai sus, capacul este asigurat, iar senzorul de siguran\u021b\u0103 asigur\u0103 c\u0103 ma\u0219ina se opre\u0219te imediat c\u00e2nd capacul este deschis. De asemenea, are un comutator de siguran\u021b\u0103 care asigur\u0103 oprirea zdrobitorului de ghea\u021b\u0103 \u00een cazul unui scurtcircuit sau suprasarcin\u0103. Pentru a reporni ma\u0219ina, trebuie s\u0103 a\u0219tepta\u021bi un timp p\u00e2n\u0103 se r\u0103ce\u0219te \u0219i apoi s\u0103 porni\u021bi din nou ma\u0219ina de zdrobire de ghea\u021b\u0103.<\/div>\n<div><\/div>\n<div>Cur\u0103\u021barea zdrobitorului de ghea\u021b\u0103<\/div>\n<div>Pentru a asigura performan\u021ba optim\u0103 a concasorului dvs. de ghea\u021b\u0103, acesta trebuie cur\u0103\u021bat \u00een mod regulat. Este important s\u0103 nu sp\u0103la\u021bi zdrobitorul de ghea\u021b\u0103 sub robinet. Scoate\u021bi-l din priz\u0103 \u0219i \u00eendep\u0103rta\u021bi cu grij\u0103 recipientul pentru lame. Cur\u0103\u021ba\u021bi-l cu un burete cald \u0219i umed \u0219i detergent u\u0219or. Apoi cl\u0103ti\u021bi recipientul cu un burete rece. Aten\u021bie la lamele ascu\u021bite! Pute\u021bi cur\u0103\u021ba motorul cu o c\u00e2rp\u0103 umed\u0103 sau cu spray de cur\u0103\u021bare. Asigura\u021bi-v\u0103 c\u0103 toate piesele sunt complet uscate \u00eenainte de a asambla concasorul de ghea\u021b\u0103.<\/div>\n<div><\/div>\n<div>Dori\u021bi s\u0103 v\u0103 p\u0103stra\u021bi b\u0103uturile la rece \u0219i nu dori\u021bi s\u0103 zdrobi\u021bi cuburile de ghea\u021b\u0103 cu m\u00e2na? Atunci acest frumos concasor de ghea\u021b\u0103 este o investi\u021bie bun\u0103. Dac\u0103 ave\u021bi \u00eentreb\u0103ri despre acest concasor de ghea\u021b\u0103, v\u0103 rug\u0103m s\u0103 contacta\u021bi exper\u021bii no\u0219tri.<\/div>\n<div><\/div>\n<div>Facilitati<\/div>\n<div>Recipient din policarbonat de trei litri<\/div>\n<div>Timp de produc\u021bie 30 de secunde<\/div>\n<div>Echipat cu un senzor de siguran\u021b\u0103 \u00een capac.<\/div>\n<div>Priz\u0103 convenabil\u0103 pentru colectarea ghe\u021bii zdrobite<\/div>\n<div>Specifica\u021biile produsului<\/div>\n<div><\/div>\n<div>Caracteristici<\/div>\n<div>Latime: 17 cm<\/div>\n<div>Ad\u00e2ncime: 32 cm<\/div>\n<div>Inaltime: 54 cm<\/div>\n<div>Greutate: 5,5 kg<\/div>\n<div>Capacitate recipient: 3 l<\/div>\n<div>Tip sursa de alimentare: 230V \/ 50Hz \/ 1 faza 200W<\/div>\n<div>Tip model: de masa<\/div>\n<div>Material corp: aluminiu, plastic<\/div>\n<div><\/div>\n","protected":false},"excerpt":{"rendered":"<p>Maruntitor de gheata. Latime: 17 cm; Ad\u00e2ncime: 32 cm; Inaltime: 54 cm; Greutate: 5,5 kg; Capacitate recipient: 3 l; Tip sursa de alimentare: 230V \/ 50Hz \/ 1 faza 200W; Tip model: de masa; Material corp: aluminiu, plastic.<\/p>\n","protected":false},"featured_media":41783,"template":"","meta":[],"_links":{"self":[{"href":"https:\/\/evotek.md\/ro\/wp-json\/wp\/v2\/product\/41776"}],"collection":[{"href":"https:\/\/evotek.md\/ro\/wp-json\/wp\/v2\/product"}],"about":[{"href":"https:\/\/evotek.md\/ro\/wp-json\/wp\/v2\/types\/product"}],"wp:featuredmedia":[{"embeddable":true,"href":"https:\/\/evotek.md\/ro\/wp-json\/wp\/v2\/media\/41783"}],"wp:attachment":[{"href":"https:\/\/evotek.md\/ro\/wp-json\/wp\/v2\/media?parent=41776"}],"curies":[{"name":"wp","href":"https:\/\/api.w.org\/{rel}","templated":true}]}}