{"id":41759,"date":"2024-12-12T08:18:49","date_gmt":"2024-12-12T08:18:49","guid":{"rendered":"https:\/\/evotek.md\/?post_type=product&#038;p=41759"},"modified":"2024-12-12T08:28:25","modified_gmt":"2024-12-12T08:28:25","slug":"amitek-akd400w","status":"publish","type":"product","link":"https:\/\/evotek.md\/ro\/produse\/echipamente-frigorifice\/frigidere-pentru-vin\/amitek-akd400w\/","title":{"rendered":"DULAP FRIGORIFIC PENTRU VIN, 72 STICLE -AMITEK-AKD400W"},"content":{"rendered":"<div><strong>DULAP FRIGORIFIC PENTRU VIN, 72 STICLE -AMITEK-AKD400W<\/strong><\/div>\n<div><\/div>\n<div>Frigider pentru vinuri cu control digital \u0219i afi\u0219aj. R\u0103cire ventilat\u0103 cu 2 zone cu control independent al temperaturii.<\/div>\n<div><\/div>\n<div>Structura interioara din aluminiu embosat negru. Iluminare intern\u0103 cu LED albastru. Compresor cu zgomot redus. U\u0219\u0103 cu sticl\u0103 c\u0103lit\u0103 dublu strat cu protec\u021bie UV. U\u0219\u0103 ireversibil\u0103. Usa cu incuietoare.<\/div>\n<div><\/div>\n<div>Echipat cu 10 rafturi din lemn pentru sticle.<\/div>\n<div><\/div>\n<div>Caracteristici<\/div>\n<div>Putere: 112 W<\/div>\n<div>Alimentare: 230\/1N\/50<\/div>\n<div>Temperatura: +5\/+12\u00b0\u0421 &#8211; 12\/+22\u00b0\u0421<\/div>\n<div>Agent frigorific: R600a<\/div>\n<div>Temperatura\/umiditatea maxim\u0103 interioar\u0103: +33 \u00b0C\/60 ore<\/div>\n<div>Dimensiuni exterioare: 600x602x1860H mm<\/div>\n<div>Dimensiuni interioare: 520x418x709\/926H mm<\/div>\n<div>Sticle: 72 sticle<\/div>\n<div>Greutate neta: 87 kg<\/div>\n<div>Greutate bruta: 105 kg<\/div>\n<div>Dimensiuni in ambalaj: 680x650x2080H mm<\/div>\n","protected":false},"excerpt":{"rendered":"<p>Vitrin\u0103 frigorific\u0103 cu capacitatea de 72 sticle. Putere: 112 W; Alimentare: 230\/1N\/50; Temperatura: +5\/+12\u00b0\u0421 &#8211; 12\/+22\u00b0\u0421; Agent frigorific: R600a; Temperatura\/umiditatea maxim\u0103 interioar\u0103: +33 \u00b0C\/60 ore; Dimensiuni exterioare: 600x602x1860H mm; Dimensiuni interioare: 520x418x709\/926H mm; Sticle: 72 sticle; Greutate neta: 87 kg; Greutate bruta: 105 kg; Dimensiuni in ambalaj: 680x650x2080H mm.<\/p>\n","protected":false},"featured_media":41762,"template":"","meta":[],"_links":{"self":[{"href":"https:\/\/evotek.md\/ro\/wp-json\/wp\/v2\/product\/41759"}],"collection":[{"href":"https:\/\/evotek.md\/ro\/wp-json\/wp\/v2\/product"}],"about":[{"href":"https:\/\/evotek.md\/ro\/wp-json\/wp\/v2\/types\/product"}],"wp:featuredmedia":[{"embeddable":true,"href":"https:\/\/evotek.md\/ro\/wp-json\/wp\/v2\/media\/41762"}],"wp:attachment":[{"href":"https:\/\/evotek.md\/ro\/wp-json\/wp\/v2\/media?parent=41759"}],"curies":[{"name":"wp","href":"https:\/\/api.w.org\/{rel}","templated":true}]}}