{"id":41743,"date":"2024-12-11T10:27:27","date_gmt":"2024-12-11T10:27:27","guid":{"rendered":"https:\/\/evotek.md\/?post_type=product&#038;p=41743"},"modified":"2024-12-11T10:35:31","modified_gmt":"2024-12-11T10:35:31","slug":"mackfry-mb3","status":"publish","type":"product","link":"https:\/\/evotek.md\/ro\/produse\/echipamente-termice\/bain-marie\/mackfry-mb3\/","title":{"rendered":"BAIN MARIE CU 3 COMPARTIMENTE -MACKFRY-MB3"},"content":{"rendered":"<p><strong>BAIN MARIE CU 3 COMPARTIMENTE -MACKFRY-MB3-<\/strong> Bain Marie Maxima cu robinet este realizat din otel inoxidabil (otel inoxidabil). Acest bain-marie Maxima este foarte frumos finisat \u0219i are un design perfect u\u0219or de utilizat. \u00cen plus, este dotat cu robinet. Acest bain-marie Maxima Bain Marie cu robinet are patru picioare de cauciuc pentru a-l men\u021bine stabil \u00een buc\u0103t\u0103rie f\u0103r\u0103 s\u0103 cad\u0103 sau s\u0103 se mi\u0219te. De asemenea, \u00eel pute\u021bi cur\u0103\u021ba foarte u\u0219or pentru a-l men\u021bine ca nou de fiecare dat\u0103. Bine de \u0219tiut: baia de ap\u0103 are indicatori de temperatur\u0103.<\/p>\n<p>Caracteristici<br \/>\nParametru: 450x870x630 mm<br \/>\nConsum: 230 V, 1,2 kW, 50-60 Hz<br \/>\nGreutate: 27 kg<br \/>\nCapacitate: 2&#215;3 litri<\/p>\n","protected":false},"excerpt":{"rendered":"<p>Bain-marie. Parametru: 450x870x630 mm; Consum: 230 V, 1,2 kW, 50-60 Hz; Greutate: 27 kg; Capacitate: 2&#215;3 litri<\/p>\n","protected":false},"featured_media":41752,"template":"","meta":[],"_links":{"self":[{"href":"https:\/\/evotek.md\/ro\/wp-json\/wp\/v2\/product\/41743"}],"collection":[{"href":"https:\/\/evotek.md\/ro\/wp-json\/wp\/v2\/product"}],"about":[{"href":"https:\/\/evotek.md\/ro\/wp-json\/wp\/v2\/types\/product"}],"wp:featuredmedia":[{"embeddable":true,"href":"https:\/\/evotek.md\/ro\/wp-json\/wp\/v2\/media\/41752"}],"wp:attachment":[{"href":"https:\/\/evotek.md\/ro\/wp-json\/wp\/v2\/media?parent=41743"}],"curies":[{"name":"wp","href":"https:\/\/api.w.org\/{rel}","templated":true}]}}