{"id":41737,"date":"2024-12-11T10:03:47","date_gmt":"2024-12-11T10:03:47","guid":{"rendered":"https:\/\/evotek.md\/?post_type=product&#038;p=41737"},"modified":"2024-12-11T10:07:38","modified_gmt":"2024-12-11T10:07:38","slug":"makfry-wf-001","status":"publish","type":"product","link":"https:\/\/evotek.md\/ro\/produse\/echipamente-pentru-fast-food\/aparate-pentru-vafe\/makfry-wf-001\/","title":{"rendered":"APARAT ELECTRIC PENTRU VAFE BELGIENE, 4 BUCATI (PATRAT) -MAKFRY-WF-001"},"content":{"rendered":"<p><strong>APARAT ELECTRIC PENTRU VAFE BELGIENE, 4 BUCATI (PATRAT) -MAKFRY-WF-001- <\/strong>Cu aparatul de mini vafe, po\u021bi coace rapid \u0219i u\u0219or 4 mini vafe p\u0103trate. Aparatul de vafe este de \u00eenalt\u0103 calitate \u0219i potrivit pentru uz profesional \u00een catering \u0219i patiserii vechi olandeze. Mini aparatul de vafe are o tigaie antiaderent\u0103 din aluminiu. Partea exterioar\u0103 este realizat\u0103 din o\u021bel inoxidabil \u0219i este u\u0219or de cur\u0103\u021bat. Minimasina de vafe are un element de incalzire puternic, cu ajutorul caruia forma se incalzeste rapid si se mentine usor la cald.<\/p>\n<p>Caracteristici<br \/>\nLatime: 300 mm<br \/>\nAdancime: 400 mm<br \/>\nInaltime: 300 mm<br \/>\nConsum: 220-240 V 4 kW 50-60 HZ<br \/>\nGreutate: 16 kg<br \/>\nCapacitate: 60 buc.<\/p>\n","protected":false},"excerpt":{"rendered":"<p>Aparat pentru 4 vafe, forma patrat. Latime: 300 mm; Adancime: 400 mm; Inaltime: 300 mm; Consum: 220-240 V 4 kW 50-60 HZ; Greutate: 16 kg; Capacitate: 60 buc.<\/p>\n","protected":false},"featured_media":41739,"template":"","meta":[],"_links":{"self":[{"href":"https:\/\/evotek.md\/ro\/wp-json\/wp\/v2\/product\/41737"}],"collection":[{"href":"https:\/\/evotek.md\/ro\/wp-json\/wp\/v2\/product"}],"about":[{"href":"https:\/\/evotek.md\/ro\/wp-json\/wp\/v2\/types\/product"}],"wp:featuredmedia":[{"embeddable":true,"href":"https:\/\/evotek.md\/ro\/wp-json\/wp\/v2\/media\/41739"}],"wp:attachment":[{"href":"https:\/\/evotek.md\/ro\/wp-json\/wp\/v2\/media?parent=41737"}],"curies":[{"name":"wp","href":"https:\/\/api.w.org\/{rel}","templated":true}]}}