{"id":41732,"date":"2024-12-10T11:56:55","date_gmt":"2024-12-10T11:56:55","guid":{"rendered":"https:\/\/evotek.md\/?post_type=product&#038;p=41732"},"modified":"2025-04-09T10:36:11","modified_gmt":"2025-04-09T10:36:11","slug":"90sf-m068","status":"publish","type":"product","link":"https:\/\/evotek.md\/ro\/produse\/echipamente-termice\/plite-electrice\/90sf-m068\/","title":{"rendered":"PLITA ELECTRICA CU 4 ARZATOARE SI CUPTOR -PIMAK-90SF-M068"},"content":{"rendered":"<p><strong>PLITA ELECTRICA CU 4 ARZATOARE SI CUPTOR -PIMAK-90SF-M068<\/strong><br \/>\nTensiune de alimentare trifazat\u0103<br \/>\nPutere de \u00eenc\u0103lzire \u00een dou\u0103 trepte<br \/>\nArzatoare rotunde sau patrate<br \/>\nAragaz cu termostat<br \/>\nCarcasa din otel inoxidabil<br \/>\nIgien\u0103 \u0219i siguran\u021b\u0103<br \/>\nDurat\u0103 lung\u0103 de via\u021b\u0103<\/p>\n<p>Caracteristici<br \/>\nTensiune: 230-400\/50-60 V\/Hz<br \/>\nPutere: 24 kW<br \/>\nDimensiune: 40&#215;40 cm<br \/>\nDimensiune: 80x90x85 cm<br \/>\nGreutate: 135 kg<\/p>\n","protected":false},"excerpt":{"rendered":"<p>Aragaz electric profesional cu 4 arzatoare. Tensiune: 230-400\/50-60 V\/Hz; Putere: 24 kW; Dimensiune: 40&#215;40 cm; Dimensiune: 80x90x85 cm; Greutate: 135 kg.<\/p>\n","protected":false},"featured_media":41735,"template":"","meta":[],"_links":{"self":[{"href":"https:\/\/evotek.md\/ro\/wp-json\/wp\/v2\/product\/41732"}],"collection":[{"href":"https:\/\/evotek.md\/ro\/wp-json\/wp\/v2\/product"}],"about":[{"href":"https:\/\/evotek.md\/ro\/wp-json\/wp\/v2\/types\/product"}],"wp:featuredmedia":[{"embeddable":true,"href":"https:\/\/evotek.md\/ro\/wp-json\/wp\/v2\/media\/41735"}],"wp:attachment":[{"href":"https:\/\/evotek.md\/ro\/wp-json\/wp\/v2\/media?parent=41732"}],"curies":[{"name":"wp","href":"https:\/\/api.w.org\/{rel}","templated":true}]}}