{"id":41714,"date":"2024-12-09T09:35:28","date_gmt":"2024-12-09T09:35:28","guid":{"rendered":"https:\/\/evotek.md\/?post_type=product&#038;p=41714"},"modified":"2024-12-09T09:37:33","modified_gmt":"2024-12-09T09:37:33","slug":"cuptor-cu-convectie-5-nivele-panou-mecanic-vesta-0l0511m","status":"publish","type":"product","link":"https:\/\/evotek.md\/ro\/produse\/echipamente-termice\/cuptoare-cu-convectie-cuptoare\/cuptor-cu-convectie-5-nivele-panou-mecanic-vesta-0l0511m\/","title":{"rendered":"CUPTOR CU CONVECTIE, 5 NIVELE, PANOU MECANIC -VESTA-0L0511M"},"content":{"rendered":"<p><strong>CUPTOR CU CONVECTIE, 5 NIVELE, PANOU MECANIC -VESTA-0L0511M<\/strong><br \/>\nCuptorul profesional de convec\u021bie cu control mecanic este conceput pentru prepararea \u0219i \u00eenc\u0103lzirea vaselor, precum \u0219i pentru coacerea produselor de panifica\u021bie \u0219i cofet\u0103rie \u00een cafenele, restaurante, cantine \u0219i alte unit\u0103\u021bi de alimenta\u021bie public\u0103. Designul special al camerelor de g\u0103tit, ventilatoarelor \u0219i ventilatoarelor capacului ofer\u0103 cuptoarelor noastre o circula\u021bie uniform\u0103 a fluxului de aer, unic\u0103 pentru acest tip de produs. Echipamentul este proiectat \u0219i proiectat \u00eentr-o manier\u0103 foarte flexibil\u0103, permi\u021b\u00e2nd clientului s\u0103 aleag\u0103 cea mai bun\u0103 configura\u021bie pentru nevoile sale de g\u0103tit. T\u0103vile interschimbabile de copt v\u0103 ofer\u0103 posibilitatea de a v\u0103 folosi cuptorul \u00eentr-un mod foarte flexibil \u0219i de a cre\u0219te productivitatea cu instrumentele suplimentare pe care le oferim.<br \/>\nV\u0103 putem ajuta s\u0103 v\u0103 crea\u021bi propriul cuptor, de la personalizarea panoului frontal p\u00e2n\u0103 la dotarea lui cu diverse accesorii precum sistem de sp\u0103lare automat\u0103, generatoare de abur, sond\u0103 de temperatur\u0103 \u0219i du\u0219; Completa\u021bi-v\u0103 buc\u0103t\u0103ria cu dulapurile noastre ventilate, unit\u0103\u021bi antistatice, suporturi pentru cuptor \u0219i hote.<\/p>\n<p>Caracteristici<br \/>\nCapacitate: 5 tavi GN 1\/1<br \/>\nDistanta intre tavi: 67 mm<br \/>\nDimensiuni cuptor: 920x680x540 mm<br \/>\nGreutate: 65 kg<br \/>\nPanou de control: mecanic<br \/>\nInterval de temperatur\u0103: 50 &#8211; 270 \u00b0C<br \/>\nTemporizator: electromecanic 0 &#8211; 120 min.<br \/>\nSistem de abur: injector direct\u0103 cu temporizator<br \/>\nSupapa de evacuare: manuala<br \/>\nMotoare: 1 reversibil<br \/>\nCaracteristici electrice: 1P 220 V &#8211; 3P 380 V \/ 6,1 kW<br \/>\nMarca: Vesta, Italia<\/p>\n","protected":false},"excerpt":{"rendered":"<p>Cuptor cu convec\u021bie. Capacitate: 5 tavi GN 1\/1; Distanta intre tavi: 67 mm; Dimensiuni cuptor: 920x680x540 mm; Greutate: 65 kg; Panou de control: mecanic; Interval de temperatur\u0103: 50 &#8211; 270 \u00b0C; Temporizator: electromecanic 0 &#8211; 120 min.; Sistem de abur: injector direct\u0103 cu temporizator; Supapa de evacuare: manuala; Motoare: 1 reversibil; Caracteristici electrice: 1P 220 V &#8211; 3P 380 V \/ 6,1 kW; Marca: Vesta, Italia.<\/p>\n","protected":false},"featured_media":41717,"template":"","meta":[],"_links":{"self":[{"href":"https:\/\/evotek.md\/ro\/wp-json\/wp\/v2\/product\/41714"}],"collection":[{"href":"https:\/\/evotek.md\/ro\/wp-json\/wp\/v2\/product"}],"about":[{"href":"https:\/\/evotek.md\/ro\/wp-json\/wp\/v2\/types\/product"}],"wp:featuredmedia":[{"embeddable":true,"href":"https:\/\/evotek.md\/ro\/wp-json\/wp\/v2\/media\/41717"}],"wp:attachment":[{"href":"https:\/\/evotek.md\/ro\/wp-json\/wp\/v2\/media?parent=41714"}],"curies":[{"name":"wp","href":"https:\/\/api.w.org\/{rel}","templated":true}]}}