{"id":41702,"date":"2024-12-05T15:13:30","date_gmt":"2024-12-05T15:13:29","guid":{"rendered":"https:\/\/evotek.md\/?post_type=product&#038;p=41702"},"modified":"2024-12-05T15:23:15","modified_gmt":"2024-12-05T15:23:15","slug":"m-09370175","status":"publish","type":"product","link":"https:\/\/evotek.md\/ro\/produse\/echipamente-pentru-fast-food\/grill-pentru-kebab\/m-09370175\/","title":{"rendered":"CUTIT ELECTRIC PENTRU KEBAB \u00d8100 mm -M-09370175"},"content":{"rendered":"<p><strong>CUTIT ELECTRIC PENTRU KEBAB \u00d8100 mm -M-09370175<\/strong><\/p>\n<p>Cele mai delicioase sandvi\u0219uri kebab sau preparate shawarma sunt servite cu carne bine t\u0103iat\u0103. Acest cu\u021bit profesional pentru kebab taie f\u0103r\u0103 probleme orice tip de carne. Este ideal pentru utilizarea zilnic\u0103 grea \u00een buc\u0103t\u0103ria de catering pentru t\u0103ierea doner kebab, shawarma \u0219i gyros. Lama din o\u021bel inoxidabil are un diametru de 10 cm \u0219i poate rezista p\u00e2n\u0103 la 2600 rpm, astfel \u00eenc\u00e2t pute\u021bi t\u0103ia cu u\u0219urin\u021b\u0103 60 kg de carne la fiecare or\u0103. Cu\u021bitul pentru kebab vine cu o lam\u0103 suplimentar\u0103. De asemenea, ai la \u00eendem\u00e2n\u0103 o piatr\u0103 de ascu\u021bit pentru a ascu\u021bi regulat cu\u021bitul.<\/p>\n<p>Echipat cu un cablu prelungit.<br \/>\nDac\u0103 dori\u021bi felii sub\u021biri de carne sau ceva mai gros, pur \u0219i simplu regla\u021bi grosimea felierii de la 0 mm la 8 mm. C\u00e2nd lucra\u021bi \u00een buc\u0103t\u0103rie cu aparate de buc\u0103t\u0103rie, \u00een special feliere, siguran\u021ba este foarte important\u0103. Cu\u021bitul este protejat de o protec\u021bie din o\u021bel inoxidabil. \u00cen plus, cu\u021bitul are un m\u00e2ner anti-alunecare pentru a preveni alunecarea accidental\u0103 din m\u00e2n\u0103. \u00cen plus, cu\u021bitul este protejat de suprasarcin\u0103 \u0219i se opre\u0219te automat. Acest t\u0103ietor profesional de kebab vine cu un cablu extra-lung care se extinde p\u00e2n\u0103 la 3 metri pentru a v\u0103 oferi mult spa\u021biu pentru a v\u0103 deplasa \u00een jurul gr\u0103tarului de kebab doner.<\/p>\n<p>Usor de curatat<br \/>\nLa fel ca un gr\u0103tar pentru kebab doner, un cu\u021bit electric pentru kebab trebuie cur\u0103\u021bat temeinic dup\u0103 fiecare utilizare \u00eenainte de a t\u0103ia mai mult\u0103 carne. Cur\u0103\u021barea unui cu\u021bit pentru kebab este foarte u\u0219oar\u0103. Deconecta\u021bi t\u0103ietorul de kebab \u0219i \u00eendep\u0103rta\u021bi toate p\u0103r\u021bile care vin \u00een contact cu carnea. Pentru a cur\u0103\u021ba piesele, utiliza\u021bi un detergent u\u0219or, ap\u0103 cald\u0103 \u0219i o c\u00e2rp\u0103 moale. M\u00e2nerul \u0219i alte p\u0103r\u021bi sunt, de asemenea, u\u0219or de cur\u0103\u021bat datorit\u0103 suprafe\u021belor netede.<\/p>\n<p>Latime: 15 cm; Ad\u00e2ncime: 11 cm; Inaltime: 19 cm; Greutate: 1,4 kg; Tip de alimentare: 230 V; Num\u0103r furci: 1; Putere electrica: 80 Watt. Pentru felierea perfect\u0103 de shawarma, gyros \u0219i kebab; Setul include o lam\u0103 de rezerv\u0103 \u0219i o piatr\u0103 de ascu\u021bit; Regla\u021bi cu u\u0219urin\u021b\u0103 grosimea de t\u0103iere de la 0 la 8 mm; Livrat cu cablu prelungit de 3 m.<\/p>\n<p>Caracteristici<br \/>\nLatime: 15 cm<br \/>\nAd\u00e2ncime: 11 cm<br \/>\nInaltime: 19 cm<br \/>\nGreutate: 1,4 kg<br \/>\nTip de alimentare: 230 V<br \/>\nNum\u0103r furci: 1<br \/>\nPutere electrica: 80 Watt<br \/>\nDiametrul cu\u021bitului este de 100 mm<br \/>\nViteza de rota\u021bie a cu\u021bitului atinge 2600 rpm<br \/>\nPentru felierea perfect\u0103 de shawarma, gyros \u0219i kebab<br \/>\nSetul include o lam\u0103 de rezerv\u0103 \u0219i o piatr\u0103 de ascu\u021bit<br \/>\nRegla\u021bi cu u\u0219urin\u021b\u0103 grosimea de t\u0103iere de la 0 la 8 mm<br \/>\nInclus cablu prelungit de 3 m<\/p>\n<p><span style=\"font-size: 14.4px\">\u00a0<\/span><\/p>\n","protected":false},"excerpt":{"rendered":"<p>Cu\u021bit electric pentru kebab. Latime: 15 cm; Ad\u00e2ncime: 11 cm; Inaltime: 19 cm; Greutate: 1,4 kg; Tip de alimentare: 230 V; Num\u0103r furci: 1; Putere electrica: 80 Watt. Diametrul cu\u021bitului este de 10 cm; Viteza de rota\u021bie a cu\u021bitului atinge 2600 rpm; Pentru felierea perfect\u0103 de shawarma, gyros \u0219i kebab; Setul include o lam\u0103 de rezerv\u0103 \u0219i o piatr\u0103 de ascu\u021bit; Regla\u021bi cu u\u0219urin\u021b\u0103 grosimea de t\u0103iere de la 0 la 8 mm; Inclus cablu prelungit de 3 m.<\/p>\n","protected":false},"featured_media":41705,"template":"","meta":[],"_links":{"self":[{"href":"https:\/\/evotek.md\/ro\/wp-json\/wp\/v2\/product\/41702"}],"collection":[{"href":"https:\/\/evotek.md\/ro\/wp-json\/wp\/v2\/product"}],"about":[{"href":"https:\/\/evotek.md\/ro\/wp-json\/wp\/v2\/types\/product"}],"wp:featuredmedia":[{"embeddable":true,"href":"https:\/\/evotek.md\/ro\/wp-json\/wp\/v2\/media\/41705"}],"wp:attachment":[{"href":"https:\/\/evotek.md\/ro\/wp-json\/wp\/v2\/media?parent=41702"}],"curies":[{"name":"wp","href":"https:\/\/api.w.org\/{rel}","templated":true}]}}