{"id":41692,"date":"2024-12-02T09:04:57","date_gmt":"2024-12-02T09:04:57","guid":{"rendered":"https:\/\/evotek.md\/?post_type=product&#038;p=41692"},"modified":"2024-12-02T09:09:03","modified_gmt":"2024-12-02T09:09:03","slug":"90s-kke-150","status":"publish","type":"product","link":"https:\/\/evotek.md\/ro\/produse\/echipamente-termice\/cazane-pentru-gatit\/90s-kke-150\/","title":{"rendered":"CAZAN PENTRU GATIT ELECTRIC 150 LITRI -PIMAK-90S-KKE-150"},"content":{"rendered":"<p><strong>CAZAN PENTRU GATIT ELECTRIC 150 LITRI -PIMAK-90S-KKE-150<\/strong><strong>&#8211;<\/strong> Cazanul este proiectat pentru preg\u0103tirea diferitor tipuri de bucate, precum \u0219i pentru prepararea legumelor \u00een buc\u0103t\u0103riile cantinelor. Facilit\u0103\u021bi: Supapa de suprapresiune \u0219i manometru; Robinet care umple apa rece \u0219i cald\u0103; Robinet pentru scurgere; Acoperire cu contragreutate; Carcas\u0103 din inox.<\/p>\n<p>Caracteristici<br \/>\nVolum: 150 l<br \/>\nTensiune: 230-400V\/50-60Hz<br \/>\nPutere: 17 kW<br \/>\nGreutate: 175 kg<br \/>\nParametri: 800x900x850 mm<br \/>\nO\u021bel inoxidabil AISI 304<br \/>\nCu supap\u0103 de suprapresiune \u0219i manometru<br \/>\nExist\u0103 un robinet pentru umplerea cu ap\u0103 rece \u0219i cald\u0103<br \/>\nCu robinet de scurgere<br \/>\nArzator complet cu ventilatie magnetica<\/p>\n","protected":false},"excerpt":{"rendered":"<p>Cazan pentru g\u0103tit electric. Volum: 150 l; Tensiune: 230-400V\/50-60Hz; Putere: 17 kW; Greutate: 175 kg; Parametri: 800x900x850 mm; O\u021bel inoxidabil AISI 304; Cu supap\u0103 de suprapresiune \u0219i manometru; Exist\u0103 un robinet pentru umplerea cu ap\u0103 rece \u0219i cald\u0103; Cu robinet de scurgere; Arzator complet cu ventilatie magnetica.<\/p>\n","protected":false},"featured_media":41690,"template":"","meta":[],"_links":{"self":[{"href":"https:\/\/evotek.md\/ro\/wp-json\/wp\/v2\/product\/41692"}],"collection":[{"href":"https:\/\/evotek.md\/ro\/wp-json\/wp\/v2\/product"}],"about":[{"href":"https:\/\/evotek.md\/ro\/wp-json\/wp\/v2\/types\/product"}],"wp:featuredmedia":[{"embeddable":true,"href":"https:\/\/evotek.md\/ro\/wp-json\/wp\/v2\/media\/41690"}],"wp:attachment":[{"href":"https:\/\/evotek.md\/ro\/wp-json\/wp\/v2\/media?parent=41692"}],"curies":[{"name":"wp","href":"https:\/\/api.w.org\/{rel}","templated":true}]}}