{"id":41681,"date":"2024-11-29T15:57:20","date_gmt":"2024-11-29T15:57:20","guid":{"rendered":"https:\/\/evotek.md\/?post_type=product&#038;p=41681"},"modified":"2024-11-29T16:02:20","modified_gmt":"2024-11-29T16:02:20","slug":"makfry-fw90","status":"publish","type":"product","link":"https:\/\/evotek.md\/ro\/produse\/echipamente-pentru-fast-food\/friteuze-2\/makfry-fw90\/","title":{"rendered":"STATIE PENTRU CARTOFI PAI 5 kg -MAKFRY-FW90"},"content":{"rendered":"<p><strong>STATIE PENTRU CARTOFI PAI 5 kg -MAKFRY-FW90<\/strong><\/p>\n<p>Statie de alimentare cu cartofi prajiti FW90: Bucurati-va de cartofi prajiti proaspeti si deliciosi.<\/p>\n<p>\u00cen calitate de produc\u0103tor specializat de echipamente industriale de buc\u0103t\u0103rie, compania noastr\u0103 continu\u0103 s\u0103 ofere clien\u021bilor no\u0219tri solu\u021bii inovatoare. Sta\u021bia de alimentare pentru cartofi pr\u0103ji\u021bi FW90 este un echipament foarte convenabil, special conceput pentru a p\u0103stra prospe\u021bimea, gustul cartofilor pr\u0103ji\u021bi \u0219i pentru a servi rapid clien\u021bii.<\/p>\n<p>Sta\u021bia de umplere pentru cartofi pr\u0103ji\u021bi FW90 ofer\u0103 condi\u021bii optime pentru p\u0103strarea gustului cartofilor\u00a0cu ajutorul ilumin\u0103rii pas cu pas \u0219i a func\u021biei de men\u021binere la cald. Aceste caracteristici p\u0103streaz\u0103 cartofii pr\u0103ji\u021bi atr\u0103g\u0103tori \u0219i crocan\u021bi. Ob\u021bine\u021bi \u00eentotdeauna cel mai bun aspect atunci c\u00e2nd servi\u021bi cartofii pr\u0103ji\u021bi clien\u021bilor dvs.<\/p>\n<p>Compartimentul de ambalare al dispozitivului v\u0103 permite s\u0103 \u00eempacheta\u021bi rapid \u0219i u\u0219or cartofii pr\u0103ji\u021bi. Acest lucru v\u0103 accelereaz\u0103 fluxul de lucru \u0219i v\u0103 ajut\u0103 s\u0103 r\u0103spunde\u021bi mai eficient nevoilor clien\u021bilor. Sta\u021bia de umplere pentru cartofi pr\u0103ji\u021bi FW90 cre\u0219te eficien\u021ba opera\u021bional\u0103 a \u00eentreprinderii dumneavoastr\u0103 \u0219i economise\u0219te timp.<\/p>\n<p>Umplerea cu ulei FW90 este conceput\u0103 pentru a oferi chipsurilor un gust proasp\u0103t \u0219i perfect. Distribuitorul de ulei aplic\u0103 ulei uniform pe cartofi, asigur\u00e2nd o arom\u0103 uniform\u0103.<\/p>\n<p>Caracteristici<br \/>\nEnergie: 220-240V 1kW 50-60Hz<br \/>\nLatime: 900 mm<br \/>\nAdancime: 610 mm<br \/>\nInaltime: 1670 mm<br \/>\nCapacitate: 5 kg<br \/>\nGreutate: 95 kg (brut)<\/p>\n","protected":false},"excerpt":{"rendered":"<p>Statie pentru cartofi pai. Energie: 220-240V 1kW 50-60Hz; Latime: 900 mm; Adancime: 610 mm; Inaltime: 1670 mm; Capacitate: 5 kg; Greutate: 95 kg (brut).<\/p>\n","protected":false},"featured_media":41684,"template":"","meta":[],"_links":{"self":[{"href":"https:\/\/evotek.md\/ro\/wp-json\/wp\/v2\/product\/41681"}],"collection":[{"href":"https:\/\/evotek.md\/ro\/wp-json\/wp\/v2\/product"}],"about":[{"href":"https:\/\/evotek.md\/ro\/wp-json\/wp\/v2\/types\/product"}],"wp:featuredmedia":[{"embeddable":true,"href":"https:\/\/evotek.md\/ro\/wp-json\/wp\/v2\/media\/41684"}],"wp:attachment":[{"href":"https:\/\/evotek.md\/ro\/wp-json\/wp\/v2\/media?parent=41681"}],"curies":[{"name":"wp","href":"https:\/\/api.w.org\/{rel}","templated":true}]}}